{"id":28687,"date":"2018-01-27T15:45:51","date_gmt":"2018-01-27T15:45:51","guid":{"rendered":"https:\/\/royogroup.xrunit.com\/nosotros\/"},"modified":"2022-02-28T09:15:52","modified_gmt":"2022-02-28T08:15:52","slug":"us","status":"publish","type":"page","link":"https:\/\/www.royogroup.com\/en\/us\/","title":{"rendered":"Us"},"content":{"rendered":"<div class=\"wpb-content-wrapper\"><p>[vc_section full_width=&#8221;stretch_row&#8221; css=&#8221;.vc_custom_1644248896089{margin-top: 60px !important;background-image: url(https:\/\/www.royogroup.com\/wp-content\/uploads\/2022\/02\/IMAGEN_Nosotros.jpg?id=27987) !important;background-position: center !important;background-repeat: no-repeat !important;background-size: cover !important;}&#8221;][vc_row][vc_column][vc_empty_space height=&#8221;60px&#8221;][vc_column_text]<\/p>\n<h3><span style=\"color: #003057;\">We celebrate 50 years<\/span><\/h3>\n<p>[\/vc_column_text][vc_empty_space height=&#8221;20px&#8221;][vc_column_text el_class=&#8221;text-quienes-somos&#8221;]<span style=\"color: #003057;\">50 years smelling of wood. 50 years forging a team. 50 years making furniture. 50 years setting new design trends. 50 years innovating. 50 years evolving sustainably. 50 years growing with you. 50 years sharing stories. 50 years inspiring homes. 50 years being Royo.<\/span><\/p>\n<p><span style=\"color: #003057;\">50 years have gone by since we started sharing our dreams and projects with you, and we want to continue celebrating many more moments together. We will never lose our enthusiasm and desire to amaze you and win you over with our collections. We are happy to be able to toast the consolidation of a dream come true after so many years. Thank you for being part of Royo&#8217;s 50 years of history.<\/span>[\/vc_column_text][\/vc_column][\/vc_row][vc_row css=&#8221;.vc_custom_1593592839763{padding-top: 60px !important;padding-bottom: 60px !important;}&#8221;][vc_column width=&#8221;1\/4&#8243;][vc_column_text el_class=&#8221;info-quienes-somos&#8221;]<span style=\"color: #003057;\">+ 50<\/span>[\/vc_column_text][vc_column_text el_class=&#8221;info-text-quienes-somos&#8221;]<span style=\"color: #003057;\">years of history<\/span>[\/vc_column_text][\/vc_column][vc_column width=&#8221;1\/4&#8243;][vc_column_text el_class=&#8221;info-quienes-somos&#8221;]<span style=\"color: #003057;\">+ 980<\/span>[\/vc_column_text][vc_column_text el_class=&#8221;info-text-quienes-somos&#8221;]<span style=\"color: #003057;\">employees<\/span>[\/vc_column_text][\/vc_column][vc_column width=&#8221;1\/4&#8243;][vc_column_text el_class=&#8221;info-quienes-somos&#8221;]<span style=\"color: #003057;\">+ 100<\/span>[\/vc_column_text][vc_column_text el_class=&#8221;info-text-quienes-somos&#8221;]<span style=\"color: #003057;\">countries<\/span>[\/vc_column_text][\/vc_column][vc_column width=&#8221;1\/4&#8243;][vc_column_text el_class=&#8221;info-quienes-somos&#8221;]<span style=\"color: #003057;\">+ 15.000<\/span>[\/vc_column_text][vc_column_text el_class=&#8221;info-text-quienes-somos&#8221;]<span style=\"color: #003057;\">points of sale<\/span>[\/vc_column_text][\/vc_column][\/vc_row][\/vc_section][vc_section full_width=&#8221;stretch_row&#8221; content_placement=&#8221;middle&#8221; css=&#8221;.vc_custom_1644227065626{padding-top: 60px !important;padding-bottom: 60px !important;background-color: #d6d1ca !important;}&#8221;][vc_row content_width=&#8221;grid&#8221;][vc_column][vc_column_text css=&#8221;.vc_custom_1645614801719{margin-bottom: 20px !important;}&#8221; el_class=&#8221;title-quienes-somos&#8221;]<\/p>\n<h3><span style=\"color: #003057;\">Our history<\/span><\/h3>\n<p>[\/vc_column_text][\/vc_column][\/vc_row][vc_row content_aligment=&#8221;center&#8221;][vc_column css=&#8221;.vc_custom_1644388214032{padding-right: 0px !important;padding-left: 0px !important;}&#8221;][vc_single_image image=&#8221;29496&#8243; img_size=&#8221;full&#8221; alignment=&#8221;center&#8221;][\/vc_column][\/vc_row][\/vc_section][vc_section css=&#8221;.vc_custom_1593594692643{padding-top: 60px !important;padding-bottom: 60px !important;}&#8221;][vc_row][vc_column][vc_column_text css=&#8221;.vc_custom_1645697496544{margin-bottom: 20px !important;}&#8221; el_class=&#8221;title-quienes-somos&#8221;]<\/p>\n<h3><span style=\"color: #003057;\">The essence of the Royo brand<\/span><\/h3>\n<p>[\/vc_column_text][vc_empty_space height=&#8221;40px&#8221;][\/vc_column][\/vc_row][vc_row][vc_column width=&#8221;1\/2&#8243;][vc_column_text]<\/p>\n<h4><span style=\"color: #003057;\">Innovation, a path<\/span><\/h4>\n<h4><span style=\"color: #003057;\">between inspiration and creativity<\/span><\/h4>\n<p>[\/vc_column_text][vc_empty_space height=&#8221;20px&#8221;][vc_column_text]<span style=\"color: #003057;\">We cannot, and will not, stay put. We are passionate about what we do, and that is why every year we strive to surpass ourselves in designing new innovative, avant-garde and inspiring products.<\/span><\/p>\n<p><span style=\"color: #003057;\">Proof of this are the numerous industrial patents we have at Royo, as well as our best seller products in different market segments.<\/span><\/p>\n<p><span style=\"color: #003057;\">We want to be your inspiration to create personal havens through our bathroom furniture developed with the latest technologies and designs.<\/span>[\/vc_column_text][\/vc_column][vc_column width=&#8221;1\/2&#8243;][vc_single_image image=&#8221;27098&#8243; img_size=&#8221;full&#8221;][\/vc_column][\/vc_row][vc_row][vc_column width=&#8221;1\/2&#8243;][vc_empty_space height=&#8221;100px&#8221;][vc_single_image image=&#8221;27103&#8243; img_size=&#8221;full&#8221;][\/vc_column][vc_column width=&#8221;1\/2&#8243;][vc_empty_space height=&#8221;100px&#8221;][vc_column_text]<\/p>\n<h4><span style=\"color: #003057;\">Continuous improvement,<\/span><\/h4>\n<h4><span style=\"color: #003057;\">a matter of adaptation<\/span><\/h4>\n<p>[\/vc_column_text][vc_empty_space height=&#8221;20px&#8221;][vc_column_text]<span style=\"color: #003057;\">We have adapted to all the changes that have arised, in order to meet the challenge of becoming bigger, more efficient, more profitable and innovative, without losing sight of our essence.<\/span><\/p>\n<p><span style=\"color: #003057;\">We are pioneers in our sector in the implementation of &#8220;Lean Manufacturing&#8221; and we continue to work on continuous improvement, thus contributing to the efficiency and quality of our Royo products.<\/span>[\/vc_column_text][\/vc_column][\/vc_row][vc_row][vc_column width=&#8221;1\/2&#8243;][vc_empty_space height=&#8221;100px&#8221;][vc_column_text]<\/p>\n<h4><span style=\"color: #003057;\">Sustainability, our legacy<\/span><\/h4>\n<h4><span style=\"color: #003057;\">for future generations<\/span><\/h4>\n<p>[\/vc_column_text][vc_empty_space height=&#8221;20px&#8221;][vc_column_text]<span style=\"color: #003057;\">The Royo brand is committed to the respect and protection of Human Rights and the environment throughout the value chain.\u00a0<\/span><\/p>\n<p><span style=\"color: #003057;\">As a result of this philosophy, Royo is aligned with the United Nations Sustainable Development Goals, and follows its Sustainability Plan.<\/span>[\/vc_column_text][\/vc_column][vc_column width=&#8221;1\/2&#8243;][vc_empty_space height=&#8221;100px&#8221;][vc_single_image image=&#8221;27108&#8243; img_size=&#8221;full&#8221;][\/vc_column][\/vc_row][vc_row][vc_column width=&#8221;1\/2&#8243;][vc_empty_space height=&#8221;100px&#8221;][vc_single_image image=&#8221;27113&#8243; img_size=&#8221;full&#8221;][\/vc_column][vc_column width=&#8221;1\/2&#8243;][vc_empty_space height=&#8221;100px&#8221;][vc_column_text]<\/p>\n<h4><span style=\"color: #003057;\">The people, the talent of Royo<\/span><\/h4>\n<p>[\/vc_column_text][vc_empty_space height=&#8221;20px&#8221;][vc_column_text]<span style=\"color: #003057;\">In a constantly changing environment, talent constitutes one of our main assets, which we carefully nurture within our team in order to achieve a relationship that generates a climate of well-being and commitment.<\/span><\/p>\n<p><span style=\"color: #003057;\">At Royo, team spirit is deeply rooted in our philosophy. The whole organisation is geared towards promoting the coordination of our workers, sharing knowledge, experience and effort, through the support and collaboration that exists between colleagues.<\/span><\/p>\n<p><span style=\"color: #003057;\">A relationship that goes beyond the workplace. It is a journey that we undertake together, aligning expectations, in order to evolve together.<\/span>[\/vc_column_text][\/vc_column][\/vc_row][\/vc_section]<\/p>\n<\/div>","protected":false},"excerpt":{"rendered":"<p>[vc_section full_width=&#8221;stretch_row&#8221; css=&#8221;.vc_custom_1644248896089{margin-top: 60px !important;background-image: url(https:\/\/www.royogroup.com\/wp-content\/uploads\/2022\/02\/IMAGEN_Nosotros.jpg?id=27987) !important;background-position: center !important;background-repeat: no-repeat !important;background-size: cover !important;}&#8221;][vc_row][vc_column][vc_empty_space height=&#8221;60px&#8221;][vc_column_text] We celebrate 50 years [\/vc_column_text][vc_empty_space height=&#8221;20px&#8221;][vc_column_text el_class=&#8221;text-quienes-somos&#8221;]50 years smelling of wood. 50 years forging a team&#8230;.<\/p>\n","protected":false},"author":2,"featured_media":0,"parent":0,"menu_order":0,"comment_status":"closed","ping_status":"closed","template":"","meta":{"inline_featured_image":false,"_exactmetrics_skip_tracking":false,"_exactmetrics_sitenote_active":false,"_exactmetrics_sitenote_note":"","_exactmetrics_sitenote_category":0,"footnotes":""},"yoast_head":"<!-- This site is optimized with the Yoast SEO plugin v22.8 - https:\/\/yoast.com\/wordpress\/plugins\/seo\/ -->\n<title>Us &#8902; Royo<\/title>\n<meta name=\"description\" content=\"50 a\u00f1os oliendo a madera. 50 a\u00f1os siendo un equipo. 50 a\u00f1os fabricando muebles. 50 a\u00f1os dise\u00f1ando tendencias. 50 a\u00f1os innovando. 50 a\u00f1os evolucionando de forma sostenible. 50 a\u00f1os creciendo junto a ti. 50 a\u00f1os compartiendo historias. 50 a\u00f1os siendo inspiraci\u00f3n en los hogares. 50 a\u00f1os siendo Royo.\" \/>\n<meta name=\"robots\" content=\"index, follow, max-snippet:-1, max-image-preview:large, max-video-preview:-1\" \/>\n<link rel=\"canonical\" href=\"https:\/\/www.royogroup.com\/en\/us\/\" \/>\n<meta property=\"og:locale\" content=\"en_US\" \/>\n<meta property=\"og:type\" content=\"article\" \/>\n<meta property=\"og:title\" content=\"Us &#8902; Royo\" \/>\n<meta property=\"og:description\" content=\"50 a\u00f1os oliendo a madera. 50 a\u00f1os siendo un equipo. 50 a\u00f1os fabricando muebles. 50 a\u00f1os dise\u00f1ando tendencias. 50 a\u00f1os innovando. 50 a\u00f1os evolucionando de forma sostenible. 50 a\u00f1os creciendo junto a ti. 50 a\u00f1os compartiendo historias. 50 a\u00f1os siendo inspiraci\u00f3n en los hogares. 50 a\u00f1os siendo Royo.\" \/>\n<meta property=\"og:url\" content=\"https:\/\/www.royogroup.com\/en\/us\/\" \/>\n<meta property=\"og:site_name\" content=\"Royo\" \/>\n<meta property=\"article:publisher\" content=\"https:\/\/www.facebook.com\/royogroup\/\" \/>\n<meta property=\"article:modified_time\" content=\"2022-02-28T08:15:52+00:00\" \/>\n<meta name=\"twitter:card\" content=\"summary_large_image\" \/>\n<meta name=\"twitter:label1\" content=\"Est. reading time\" \/>\n\t<meta name=\"twitter:data1\" content=\"4 minutes\" \/>\n<script type=\"application\/ld+json\" class=\"yoast-schema-graph\">{\"@context\":\"https:\/\/schema.org\",\"@graph\":[{\"@type\":\"WebPage\",\"@id\":\"https:\/\/www.royogroup.com\/en\/us\/\",\"url\":\"https:\/\/www.royogroup.com\/en\/us\/\",\"name\":\"Us &#8902; Royo\",\"isPartOf\":{\"@id\":\"https:\/\/www.royogroup.com\/#website\"},\"datePublished\":\"2018-01-27T15:45:51+00:00\",\"dateModified\":\"2022-02-28T08:15:52+00:00\",\"description\":\"50 a\u00f1os oliendo a madera. 50 a\u00f1os siendo un equipo. 50 a\u00f1os fabricando muebles. 50 a\u00f1os dise\u00f1ando tendencias. 50 a\u00f1os innovando. 50 a\u00f1os evolucionando de forma sostenible. 50 a\u00f1os creciendo junto a ti. 50 a\u00f1os compartiendo historias. 50 a\u00f1os siendo inspiraci\u00f3n en los hogares. 50 a\u00f1os siendo Royo.\",\"breadcrumb\":{\"@id\":\"https:\/\/www.royogroup.com\/en\/us\/#breadcrumb\"},\"inLanguage\":\"en-US\",\"potentialAction\":[{\"@type\":\"ReadAction\",\"target\":[\"https:\/\/www.royogroup.com\/en\/us\/\"]}]},{\"@type\":\"BreadcrumbList\",\"@id\":\"https:\/\/www.royogroup.com\/en\/us\/#breadcrumb\",\"itemListElement\":[{\"@type\":\"ListItem\",\"position\":1,\"name\":\"ROYO\",\"item\":\"https:\/\/www.royogroup.com\/en\/\"},{\"@type\":\"ListItem\",\"position\":2,\"name\":\"Us\"}]},{\"@type\":\"WebSite\",\"@id\":\"https:\/\/www.royogroup.com\/#website\",\"url\":\"https:\/\/www.royogroup.com\/\",\"name\":\"Royo\",\"description\":\"Muebles de Ba\u00f1o\",\"publisher\":{\"@id\":\"https:\/\/www.royogroup.com\/#organization\"},\"potentialAction\":[{\"@type\":\"SearchAction\",\"target\":{\"@type\":\"EntryPoint\",\"urlTemplate\":\"https:\/\/www.royogroup.com\/?s={search_term_string}\"},\"query-input\":\"required name=search_term_string\"}],\"inLanguage\":\"en-US\"},{\"@type\":\"Organization\",\"@id\":\"https:\/\/www.royogroup.com\/#organization\",\"name\":\"Royo\",\"url\":\"https:\/\/www.royogroup.com\/\",\"logo\":{\"@type\":\"ImageObject\",\"inLanguage\":\"en-US\",\"@id\":\"https:\/\/www.royogroup.com\/#\/schema\/logo\/image\/\",\"url\":\"https:\/\/www.royogroup.com\/wp-content\/uploads\/2018\/02\/Logo-Royo.png\",\"contentUrl\":\"https:\/\/www.royogroup.com\/wp-content\/uploads\/2018\/02\/Logo-Royo.png\",\"width\":264,\"height\":128,\"caption\":\"Royo\"},\"image\":{\"@id\":\"https:\/\/www.royogroup.com\/#\/schema\/logo\/image\/\"},\"sameAs\":[\"https:\/\/www.facebook.com\/royogroup\/\",\"https:\/\/www.instagram.com\/royogroup\/\",\"https:\/\/www.linkedin.com\/company\/980832\/\",\"https:\/\/www.pinterest.es\/royogroup\/\",\"https:\/\/www.youtube.com\/user\/RoyoGroup\"]}]}<\/script>\n<!-- \/ Yoast SEO plugin. -->","yoast_head_json":{"title":"Us &#8902; Royo","description":"50 a\u00f1os oliendo a madera. 50 a\u00f1os siendo un equipo. 50 a\u00f1os fabricando muebles. 50 a\u00f1os dise\u00f1ando tendencias. 50 a\u00f1os innovando. 50 a\u00f1os evolucionando de forma sostenible. 50 a\u00f1os creciendo junto a ti. 50 a\u00f1os compartiendo historias. 50 a\u00f1os siendo inspiraci\u00f3n en los hogares. 50 a\u00f1os siendo Royo.","robots":{"index":"index","follow":"follow","max-snippet":"max-snippet:-1","max-image-preview":"max-image-preview:large","max-video-preview":"max-video-preview:-1"},"canonical":"https:\/\/www.royogroup.com\/en\/us\/","og_locale":"en_US","og_type":"article","og_title":"Us &#8902; Royo","og_description":"50 a\u00f1os oliendo a madera. 50 a\u00f1os siendo un equipo. 50 a\u00f1os fabricando muebles. 50 a\u00f1os dise\u00f1ando tendencias. 50 a\u00f1os innovando. 50 a\u00f1os evolucionando de forma sostenible. 50 a\u00f1os creciendo junto a ti. 50 a\u00f1os compartiendo historias. 50 a\u00f1os siendo inspiraci\u00f3n en los hogares. 50 a\u00f1os siendo Royo.","og_url":"https:\/\/www.royogroup.com\/en\/us\/","og_site_name":"Royo","article_publisher":"https:\/\/www.facebook.com\/royogroup\/","article_modified_time":"2022-02-28T08:15:52+00:00","twitter_card":"summary_large_image","twitter_misc":{"Est. reading time":"4 minutes"},"schema":{"@context":"https:\/\/schema.org","@graph":[{"@type":"WebPage","@id":"https:\/\/www.royogroup.com\/en\/us\/","url":"https:\/\/www.royogroup.com\/en\/us\/","name":"Us &#8902; Royo","isPartOf":{"@id":"https:\/\/www.royogroup.com\/#website"},"datePublished":"2018-01-27T15:45:51+00:00","dateModified":"2022-02-28T08:15:52+00:00","description":"50 a\u00f1os oliendo a madera. 50 a\u00f1os siendo un equipo. 50 a\u00f1os fabricando muebles. 50 a\u00f1os dise\u00f1ando tendencias. 50 a\u00f1os innovando. 50 a\u00f1os evolucionando de forma sostenible. 50 a\u00f1os creciendo junto a ti. 50 a\u00f1os compartiendo historias. 50 a\u00f1os siendo inspiraci\u00f3n en los hogares. 50 a\u00f1os siendo Royo.","breadcrumb":{"@id":"https:\/\/www.royogroup.com\/en\/us\/#breadcrumb"},"inLanguage":"en-US","potentialAction":[{"@type":"ReadAction","target":["https:\/\/www.royogroup.com\/en\/us\/"]}]},{"@type":"BreadcrumbList","@id":"https:\/\/www.royogroup.com\/en\/us\/#breadcrumb","itemListElement":[{"@type":"ListItem","position":1,"name":"ROYO","item":"https:\/\/www.royogroup.com\/en\/"},{"@type":"ListItem","position":2,"name":"Us"}]},{"@type":"WebSite","@id":"https:\/\/www.royogroup.com\/#website","url":"https:\/\/www.royogroup.com\/","name":"Royo","description":"Muebles de Ba\u00f1o","publisher":{"@id":"https:\/\/www.royogroup.com\/#organization"},"potentialAction":[{"@type":"SearchAction","target":{"@type":"EntryPoint","urlTemplate":"https:\/\/www.royogroup.com\/?s={search_term_string}"},"query-input":"required name=search_term_string"}],"inLanguage":"en-US"},{"@type":"Organization","@id":"https:\/\/www.royogroup.com\/#organization","name":"Royo","url":"https:\/\/www.royogroup.com\/","logo":{"@type":"ImageObject","inLanguage":"en-US","@id":"https:\/\/www.royogroup.com\/#\/schema\/logo\/image\/","url":"https:\/\/www.royogroup.com\/wp-content\/uploads\/2018\/02\/Logo-Royo.png","contentUrl":"https:\/\/www.royogroup.com\/wp-content\/uploads\/2018\/02\/Logo-Royo.png","width":264,"height":128,"caption":"Royo"},"image":{"@id":"https:\/\/www.royogroup.com\/#\/schema\/logo\/image\/"},"sameAs":["https:\/\/www.facebook.com\/royogroup\/","https:\/\/www.instagram.com\/royogroup\/","https:\/\/www.linkedin.com\/company\/980832\/","https:\/\/www.pinterest.es\/royogroup\/","https:\/\/www.youtube.com\/user\/RoyoGroup"]}]}},"_links":{"self":[{"href":"https:\/\/www.royogroup.com\/en\/wp-json\/wp\/v2\/pages\/28687"}],"collection":[{"href":"https:\/\/www.royogroup.com\/en\/wp-json\/wp\/v2\/pages"}],"about":[{"href":"https:\/\/www.royogroup.com\/en\/wp-json\/wp\/v2\/types\/page"}],"author":[{"embeddable":true,"href":"https:\/\/www.royogroup.com\/en\/wp-json\/wp\/v2\/users\/2"}],"replies":[{"embeddable":true,"href":"https:\/\/www.royogroup.com\/en\/wp-json\/wp\/v2\/comments?post=28687"}],"version-history":[{"count":7,"href":"https:\/\/www.royogroup.com\/en\/wp-json\/wp\/v2\/pages\/28687\/revisions"}],"predecessor-version":[{"id":29501,"href":"https:\/\/www.royogroup.com\/en\/wp-json\/wp\/v2\/pages\/28687\/revisions\/29501"}],"wp:attachment":[{"href":"https:\/\/www.royogroup.com\/en\/wp-json\/wp\/v2\/media?parent=28687"}],"curies":[{"name":"wp","href":"https:\/\/api.w.org\/{rel}","templated":true}]}}