{"id":10786,"date":"2018-02-02T06:25:46","date_gmt":"2018-02-02T05:25:46","guid":{"rendered":"https:\/\/royogroup.xrunit.com\/?page_id=10786"},"modified":"2022-02-21T10:17:41","modified_gmt":"2022-02-21T09:17:41","slug":"politique-de-cookies","status":"publish","type":"page","link":"https:\/\/www.royogroup.com\/fr\/politique-de-cookies\/","title":{"rendered":"Politique de cookies"},"content":{"rendered":"<div class=\"wpb-content-wrapper\"><p>[vc_row content_width=\u00a0\u00bbgrid\u00a0\u00bb css=\u00a0\u00bb.vc_custom_1479983057217{padding-top: 110px !important;padding-bottom: 112px !important;}\u00a0\u00bb][vc_column][vc_row_inner][vc_column_inner][vc_column_text]<\/p>\n<h2>Politique de cookies<\/h2>\n<p>[\/vc_column_text]<div class=\"edgtf-separator-holder clearfix  edgtf-separator-left\">\r\n\t<div class=\"edgtf-separator\" style=\"border-color: #466192;width: 55px;border-bottom-width: 3px\"><\/div>\r\n<\/div>\r\n[vc_column_text]<strong>POLITIQUE DE COOKIES DE www.royogroup.com<\/strong><\/p>\n<p>Date de mise \u00e0 jour : 22\/09\/2020<\/p>\n<p><strong>QUE SONT LES COOKIES\u00a0?<\/strong><\/p>\n<p>Les cookies sont de petits fichiers qui s&rsquo;installent sur le disque dur ou sur le navigateur de l&rsquo;ordinateur, de la tablette, du smartphone ou du dispositif \u00e9quivalent avec des fonctions de navigation sur Internet et qui aident, notamment : \u00e0 personnaliser les services du propri\u00e9taire du site, \u00e0 faciliter la navigation et la facilit\u00e9 d&rsquo;utilisation du site, \u00e0 obtenir des informations agr\u00e9g\u00e9es des visiteurs du site Internet, \u00e0 permettre la reproduction et la visualisation de contenus multim\u00e9dias sur le site Internet, \u00e0 permettre des \u00e9l\u00e9ments d\u2019interaction entre l\u2019utilisateur et le site Internet, \u00e0 autoriser des outils de s\u00e9curit\u00e9, etc.<\/p>\n<p><strong>D\u00c9FINITIONS UTILIS\u00c9ES DANS CETTE POLITIQUE DE COOKIES<\/strong><\/p>\n<ul>\n<li>Donn\u00e9e\u00a0: informations obtenues par l\u2019interm\u00e9diaire de l\u2019\u00e9quipement terminal de l\u2019utilisateur via le dispositif de stockage et de r\u00e9cup\u00e9ration de donn\u00e9es (cookies ou autres). Les donn\u00e9es seront personnelles lorsqu\u2019il s\u2019agit d\u2019informations sur des personnes physiques identifi\u00e9es ou identifiables, conform\u00e9ment \u00e0 l\u2019article 4 du RGPD.<\/li>\n<li>Informations agr\u00e9g\u00e9es\u00a0: informations non nominales, g\u00e9n\u00e9ralement num\u00e9riques et collect\u00e9es aux fins de fournir des informations statistiques<\/li>\n<li>\u00c9quipement terminal\u00a0: appareil \u00e0 partir duquel l\u2019utilisateur acc\u00e8de au service, tel qu\u2019un ordinateur personnel, un t\u00e9l\u00e9phone mobile, une tablette, etc., et \u00e0 partir duquel les informations sont obtenues<\/li>\n<li>\u00c9diteur\u00a0: responsable ou propri\u00e9taire du site Internet<\/li>\n<li>Tiers\u00a0: entit\u00e9 externe, collaborateur, fournisseur de services ou li\u00e9 \u00e0 l\u2019\u00e9diteur, impliqu\u00e9 dans la gestion de certains cookies<\/li>\n<li>Responsable du cookie\u00a0: l\u2019\u00e9diteur, le responsable, le propri\u00e9taire du site Internet ou m\u00eame le tiers dans certains cas<\/li>\n<li>Habitudes de navigation\u00a0: tendances que l\u2019utilisateur montre lorsqu\u2019il navigue sur une page Internet, comme la dur\u00e9e de visite de la page, les parties qu\u2019il visite, les sections consult\u00e9es plus fr\u00e9quentes, l\u2019origine de la visite, l&rsquo;objet de la visite, entre autres.<\/li>\n<\/ul>\n<p><strong>QUELS SONT LES TYPES DE COOKIES\u00a0?<\/strong><\/p>\n<p>Selon l\u2019entit\u00e9 qui la g\u00e8re\u00a0:<\/p>\n<p><u>Cookies propres<\/u>\u00a0: ce sont ceux qui sont envoy\u00e9s \u00e0 l&rsquo;\u00e9quipement terminal de l&rsquo;utilisateur \u00e0 partir d&rsquo;un ordinateur ou d&rsquo;un domaine g\u00e9r\u00e9 par l&rsquo;\u00e9diteur lui-m\u00eame et \u00e0 partir duquel le service demand\u00e9 par l&rsquo;utilisateur est fourni.<\/p>\n<p><u>Cookies tiers\u00a0:<\/u> il s\u2019agit de ceux qui sont envoy\u00e9s \u00e0 l\u2019\u00e9quipement terminal de l\u2019utilisateur \u00e0 partir d\u2019un ordinateur ou d\u2019un domaine qui n\u2019est pas g\u00e9r\u00e9 par l\u2019\u00e9diteur, mais par une autre entit\u00e9 qui traite les donn\u00e9es obtenues par le biais de cookies.<\/p>\n<p>Selon la p\u00e9riode pendant laquelle ils restent activ\u00e9s sur l\u2019\u00e9quipement terminal :<\/p>\n<p><u>Cookies de session<\/u>\u00a0: ceux-ci sont con\u00e7us pour collecter et stocker des donn\u00e9es pendant que l\u2019utilisateur acc\u00e8de \u00e0 un site Internet. Ils sont g\u00e9n\u00e9ralement utilis\u00e9s pour stocker des informations n\u00e9cessaires \u00e0 la fourniture du service demand\u00e9 par l\u2019utilisateur en une seule occasion (par exemple, une liste de produits achet\u00e9s) et disparaissent \u00e0 la fin de la session.<\/p>\n<p><u>Cookies persistants<\/u>\u00a0: ce sont ceux dans lesquels les donn\u00e9es sont encore stock\u00e9es dans le terminal et peuvent \u00eatre consult\u00e9s et trait\u00e9s pour une p\u00e9riode d\u00e9finie par la personne responsable du cookie, et qui peuvent aller de quelques minutes \u00e0 plusieurs ann\u00e9es.<\/p>\n<p>Selon l\u2019objet pour lequel les donn\u00e9es obtenues par le biais des cookies sont trait\u00e9es\u00a0:<\/p>\n<p><u>Cookies techniques\u00a0<\/u>: ce sont ceux qui permettent \u00e0 l\u2019utilisateur de parcourir un site Internet, une plate-forme ou une application et d\u2019utiliser les diff\u00e9rentes options ou services qui y existent, y compris ceux que l\u2019\u00e9diteur utilise pour permettre la gestion et l\u2019exploitation du site Internet et permettre d\u2019utiliser ses fonctions et services, tels que le contr\u00f4le du trafic et de la communication de donn\u00e9es, l\u2019identification de la session, l\u2019acc\u00e8s aux espaces \u00e0 acc\u00e8s restreint, le r\u00e9capitulatif des \u00e9l\u00e9ments qui composent une commande, l\u2019ex\u00e9cution du processus d\u2019achat d\u2019une commande, la gestion du paiement, le contr\u00f4le de la fraude li\u00e9e \u00e0 la s\u00e9curit\u00e9 du service, la demande d\u2019inscription ou de participation \u00e0 un \u00e9v\u00e9nement, le comptage des visites aux fins de licence du logiciel avec lequel il op\u00e8re (site Internet) , plate-forme ou application), l\u2019utilisation des \u00e9l\u00e9ments de s\u00e9curit\u00e9 pendant la navigation, le stockage du contenu pour la diffusion de vid\u00e9os ou de sons, l\u2019activation de contenus dynamiques (par exemple, l\u2019animation du chargement d\u2019un texte ou d\u2019une image) ou le partage du contenu via les r\u00e9seaux sociaux. Appartiennent \u00e9galement \u00e0 cette cat\u00e9gorie, en raison de leur nature technique, les cookies qui permettent la gestion, de la mani\u00e8re la plus efficace possible, des espaces publicitaires que l&rsquo;\u00e9diteur, en tant qu&rsquo;autre \u00e9l\u00e9ment de conception ou de \u00ab\u00a0mise en page\u00a0\u00bb du service offert \u00e0 l&rsquo;utilisateur, a inclus dans une page web, une application ou une plate-forme en fonction de crit\u00e8res tels que le contenu \u00e9dit\u00e9, sans que des informations soient recueillies aupr\u00e8s des utilisateurs \u00e0 des fins diff\u00e9rentes, comme la personnalisation de ce contenu publicitaire ou d&rsquo;autres contenus.<\/p>\n<p><u>Cookies de pr\u00e9f\u00e9rence ou de personnalisation<\/u>\u00a0: ce sont ceux qui permettent de m\u00e9moriser des informations afin que l&rsquo;utilisateur acc\u00e8de au service avec certaines caract\u00e9ristiques qui peuvent diff\u00e9rencier son exp\u00e9rience de celle des autres utilisateurs, comme, par exemple, la langue, le nombre de r\u00e9sultats \u00e0 afficher lorsque l&rsquo;utilisateur effectue une recherche, l&rsquo;aspect ou le contenu du service en fonction du type de navigateur par lequel l&rsquo;utilisateur acc\u00e8de au service ou de la r\u00e9gion \u00e0 partir de laquelle il acc\u00e8de au service, etc.<\/p>\n<p><u>Cookies d&rsquo;analyse ou de mesure<\/u>\u00a0: ce sont ceux qui permettent au responsable de surveiller et d&rsquo;analyser le comportement des utilisateurs des sites Internet auxquels ils sont li\u00e9s, y compris la quantification de l&rsquo;impact des annonces. Les informations collect\u00e9es par ce type de cookies sont utilis\u00e9es dans la mesure de l\u2019activit\u00e9 des sites Internet, de l&rsquo;application ou de la plate-forme, afin d\u2019introduire des am\u00e9liorations bas\u00e9es sur l\u2019analyse des donn\u00e9es d\u2019utilisation effectu\u00e9es par les utilisateurs du service.<\/p>\n<p><u>Cookies publicitaires<\/u>\u00a0: ce sont ceux qui permettent la gestion, de la fa\u00e7on la plus efficace possible, des espaces publicitaires, que, le cas \u00e9ch\u00e9ant, l&rsquo;\u00e9diteur a inclus sur un site Internet, une application ou une plate-forme depuis laquelle il assure le service demand\u00e9 en fonction de crit\u00e8res tels que le contenu \u00e9dit\u00e9 ou la fr\u00e9quence \u00e0 laquelle les annonces sont affich\u00e9es.<\/p>\n<p><u>Cookies de publicit\u00e9 comportementale\u00a0<\/u>: ce sont ceux qui permettent de g\u00e9rer, de la mani\u00e8re la plus efficace possible, des espaces publicitaires que, le cas \u00e9ch\u00e9ant, l\u2019\u00e9diteur a inclus sur une page Internet, une application ou une plateforme \u00e0 partir de laquelle il fournit le service demand\u00e9.. Ces cookies stockent des informations sur le comportement des utilisateurs obtenues par l\u2019observation continue de leurs habitudes de navigation, ce qui permet de d\u00e9velopper un profil sp\u00e9cifique pour afficher la publicit\u00e9 qui en d\u00e9coule.<\/p>\n<p><strong>PLUS PR\u00c9CIS\u00c9MENT, QUELS COOKIES UTILISONS-NOUS\u00a0?<\/strong><\/p>\n<table>\n<tbody>\n<tr>\n<td width=\"71\"><strong>Nom du cookie<\/strong><\/td>\n<td width=\"126\"><strong>Propre\/ <\/strong><\/p>\n<p><strong>de tiers* <\/strong><\/p>\n<p><strong>\u00a0<\/strong><\/p>\n<p><strong>*(inclut l&rsquo;url de la politique de cookies)<\/strong><\/td>\n<td width=\"92\"><strong>Type de cookies<\/strong><\/td>\n<td width=\"119\"><strong>Finalit\u00e9<\/strong><\/td>\n<td width=\"97\"><strong>Permanence<\/strong><\/td>\n<td width=\"62\"><strong>Transfert de donn\u00e9es en dehors de l\u2019Union europ\u00e9enne<\/strong><\/td>\n<\/tr>\n<tr>\n<td width=\"71\">_ga<br \/>\n_gat<br \/>\n_gid<\/td>\n<td width=\"126\">De tiers (<a href=\"https:\/\/policies.google.com\/technologies\/cookies?hl=es\">Google Analytics<\/a>)<\/td>\n<td width=\"92\">Analyse ou mesure<\/td>\n<td width=\"119\"><span class=\"tlid-translation translation\" lang=\"fr\"><span class=\"\" title=\"\">G\u00e9n\u00e9rez un identifiant d&rsquo;utilisateur unique, qui est utilis\u00e9 pour compter le nombre de fois qu&rsquo;un utilisateur visite le site, ainsi que la date de la premi\u00e8re et de la derni\u00e8re fois o\u00f9 il a visit\u00e9 le Web.<\/span> <span class=\"\" title=\"\">Enregistrez la date et l&rsquo;heure d&rsquo;acc\u00e8s \u00e0 l&rsquo;une des pages du site.<\/span> <span class=\"\" title=\"\">V\u00e9rifiez la n\u00e9cessit\u00e9 de garder la session d&rsquo;un utilisateur ouverte ou d&rsquo;en cr\u00e9er une nouvelle.<\/span> <span class=\"\" title=\"\">Identifier la session de l&rsquo;utilisateur, pour recueillir la localisation g\u00e9ographique approximative de l&rsquo;ordinateur qui acc\u00e8de au Site \u00e0 des fins statistiques.<\/span><\/span><\/td>\n<td width=\"97\">\u00a0_ga : 2 a\u00f1os<br \/>\n_gat: 10 min.<br \/>\n_gid: 24 horas<\/td>\n<td width=\"62\">oui, Google LCC<\/td>\n<\/tr>\n<tr>\n<td width=\"71\">moove_gdpr_popup<\/td>\n<td width=\"126\">Propres<\/td>\n<td width=\"92\">Session<\/td>\n<td width=\"119\">Utilis\u00e9 pour enregistrer les pr\u00e9f\u00e9rences de cookies<\/td>\n<td width=\"97\">Session<\/td>\n<td width=\"62\">No<\/td>\n<\/tr>\n<tr>\n<td width=\"71\"><\/td>\n<td width=\"126\"><\/td>\n<td width=\"92\"><\/td>\n<td width=\"119\"><\/td>\n<td width=\"97\"><\/td>\n<td width=\"62\"><\/td>\n<\/tr>\n<\/tbody>\n<\/table>\n<p>&nbsp;<\/p>\n<p>Gr\u00e2ce \u00e0 ces cookies, aucun profil des utilisateurs naviguant sur le web n&rsquo;est \u00e9labor\u00e9 et, par cons\u00e9quent, aucune d\u00e9cision automatis\u00e9e n&rsquo;est prise sur la base de ces donn\u00e9es. Ce profilage et les d\u00e9cisions prises sur les donn\u00e9es ont pour effet d&rsquo;obtenir un niveau plus \u00e9lev\u00e9 de personnalisation et de pr\u00e9vision des pr\u00e9f\u00e9rences des navigateurs.<\/p>\n<p>Vous pouvez vous informer des transferts vers des pays tiers, le cas \u00e9ch\u00e9ant, qu&rsquo;effectueraient des tiers identifi\u00e9s dans cette politique de cookies, mais aussi des risques qu&rsquo;entra\u00eeneraient ce transfert, conform\u00e9ment aux politiques applicables aux cookies reprises dans le tableau ci-dessus.<\/p>\n<p><strong>COMMENT D\u00c9SACTIVER LES COOKIES ?<\/strong><\/p>\n<p>Le blocage ou la d\u00e9sactivation de tous les cookies permet de prot\u00e9ger la vie priv\u00e9e, mais peut \u00e9galement limiter l\u2019exp\u00e9rience sur certains sites Internet et limiter les fonctionnalit\u00e9s, ou ne pas autoriser la navigation ou l\u2019utilisation de certains de leurs services.<\/p>\n<p>Vous pouvez activer ou d\u00e9sactiver les cookies d\u00e9crits ci-dessus (sauf pour les cookies techniques, qui sont n\u00e9cessaires \u00e0 un bon fonctionnement) via le configurateur qui appara\u00eet sur l&rsquo;avis d&rsquo;utilisation de cookies lorsque vous acc\u00e9dez \u00e0 notre page principale. Veuillez noter que si vous acceptez les cookies tiers, vous devez les supprimer des options du navigateur ou depuis le syst\u00e8me offert par le tiers lui-m\u00eame.<\/p>\n<p>De m\u00eame, si vous voulez savoir comment d\u00e9sactiver les cookies dans les navigateurs Internet les plus populaires, veuillez vous reporter aux didacticiels suivants :<\/p>\n<ul>\n<li><a href=\"http:\/\/support.google.com\/chrome\/answer\/95647?hl=es\">Google Chrome<\/a><\/li>\n<li><a href=\"http:\/\/support.mozilla.org\/es\/kb\/habilitar-y-deshabilitar-cookies-que-los-sitios-we\">Mozilla Firefox<\/a><\/li>\n<li><a href=\"https:\/\/support.microsoft.com\/es-es\/help\/17442\/windows-internet-explorer-delete-manage-cookies\">Internet Explorer :<\/a><\/li>\n<li><a href=\"http:\/\/support.apple.com\/es-es\/HT1677\">Safari<\/a><\/li>\n<li><a href=\"http:\/\/support.google.com\/chrome\/answer\/2392971?hl=es\">Chrome pour Android<\/a><\/li>\n<\/ul>\n<p>Si vous avez des questions ou des pr\u00e9occupations concernant cette politique de cookies, vous pouvez nous contacter par le biais de notre site Internet.<\/p>\n<p>Si vous voulez des informations exhaustives et concr\u00e8tes sur la protection des donn\u00e9es personnelles, veuillez vous r\u00e9f\u00e9rer \u00e0 notre politique de confidentialit\u00e9.[\/vc_column_text][vc_empty_space height=\u00a0\u00bb30px\u00a0\u00bb][\/vc_column_inner][\/vc_row_inner][\/vc_column][\/vc_row]<\/p>\n<\/div>","protected":false},"excerpt":{"rendered":"<p>[vc_row content_width=\u00a0\u00bbgrid\u00a0\u00bb css=\u00a0\u00bb.vc_custom_1479983057217{padding-top: 110px !important;padding-bottom: 112px !important;}\u00a0\u00bb][vc_column][vc_row_inner][vc_column_inner][vc_column_text] Politique de cookies [\/vc_column_text][vc_column_text]POLITIQUE DE COOKIES DE www.royogroup.com Date de mise \u00e0 jour : 22\/09\/2020 QUE SONT LES COOKIES\u00a0? Les cookies sont de&#8230;<\/p>\n","protected":false},"author":2,"featured_media":0,"parent":0,"menu_order":0,"comment_status":"closed","ping_status":"closed","template":"full-width.php","meta":{"inline_featured_image":false,"_exactmetrics_skip_tracking":false,"_exactmetrics_sitenote_active":false,"_exactmetrics_sitenote_note":"","_exactmetrics_sitenote_category":0,"footnotes":""},"yoast_head":"<!-- This site is optimized with the Yoast SEO plugin v22.8 - https:\/\/yoast.com\/wordpress\/plugins\/seo\/ -->\n<title>Politique de cookies &#8902; Royo<\/title>\n<meta name=\"robots\" content=\"index, follow, max-snippet:-1, max-image-preview:large, max-video-preview:-1\" \/>\n<link rel=\"canonical\" href=\"https:\/\/www.royogroup.com\/fr\/politique-de-cookies\/\" \/>\n<meta property=\"og:locale\" content=\"fr_FR\" \/>\n<meta property=\"og:type\" content=\"article\" \/>\n<meta property=\"og:title\" content=\"Politique de cookies &#8902; Royo\" \/>\n<meta property=\"og:description\" content=\"[vc_row content_width=\u00a0\u00bbgrid\u00a0\u00bb css=\u00a0\u00bb.vc_custom_1479983057217{padding-top: 110px !important;padding-bottom: 112px !important;}\u00a0\u00bb][vc_column][vc_row_inner][vc_column_inner][vc_column_text] Politique de cookies [\/vc_column_text][vc_column_text]POLITIQUE DE COOKIES DE www.royogroup.com Date de mise \u00e0 jour : 22\/09\/2020 QUE SONT LES COOKIES\u00a0? Les cookies sont de...\" \/>\n<meta property=\"og:url\" content=\"https:\/\/www.royogroup.com\/fr\/politique-de-cookies\/\" \/>\n<meta property=\"og:site_name\" content=\"Royo\" \/>\n<meta property=\"article:publisher\" content=\"https:\/\/www.facebook.com\/royogroup\/\" \/>\n<meta property=\"article:modified_time\" content=\"2022-02-21T09:17:41+00:00\" \/>\n<meta name=\"twitter:card\" content=\"summary_large_image\" \/>\n<meta name=\"twitter:label1\" content=\"Dur\u00e9e de lecture estim\u00e9e\" \/>\n\t<meta name=\"twitter:data1\" content=\"9 minutes\" \/>\n<script type=\"application\/ld+json\" class=\"yoast-schema-graph\">{\"@context\":\"https:\/\/schema.org\",\"@graph\":[{\"@type\":\"WebPage\",\"@id\":\"https:\/\/www.royogroup.com\/fr\/politique-de-cookies\/\",\"url\":\"https:\/\/www.royogroup.com\/fr\/politique-de-cookies\/\",\"name\":\"Politique de cookies &#8902; Royo\",\"isPartOf\":{\"@id\":\"https:\/\/www.royogroup.com\/#website\"},\"datePublished\":\"2018-02-02T05:25:46+00:00\",\"dateModified\":\"2022-02-21T09:17:41+00:00\",\"breadcrumb\":{\"@id\":\"https:\/\/www.royogroup.com\/fr\/politique-de-cookies\/#breadcrumb\"},\"inLanguage\":\"fr-FR\",\"potentialAction\":[{\"@type\":\"ReadAction\",\"target\":[\"https:\/\/www.royogroup.com\/fr\/politique-de-cookies\/\"]}]},{\"@type\":\"BreadcrumbList\",\"@id\":\"https:\/\/www.royogroup.com\/fr\/politique-de-cookies\/#breadcrumb\",\"itemListElement\":[{\"@type\":\"ListItem\",\"position\":1,\"name\":\"ROYO\",\"item\":\"https:\/\/www.royogroup.com\/fr\/\"},{\"@type\":\"ListItem\",\"position\":2,\"name\":\"Politique de cookies\"}]},{\"@type\":\"WebSite\",\"@id\":\"https:\/\/www.royogroup.com\/#website\",\"url\":\"https:\/\/www.royogroup.com\/\",\"name\":\"Royo\",\"description\":\"Muebles de Ba\u00f1o\",\"publisher\":{\"@id\":\"https:\/\/www.royogroup.com\/#organization\"},\"potentialAction\":[{\"@type\":\"SearchAction\",\"target\":{\"@type\":\"EntryPoint\",\"urlTemplate\":\"https:\/\/www.royogroup.com\/?s={search_term_string}\"},\"query-input\":\"required name=search_term_string\"}],\"inLanguage\":\"fr-FR\"},{\"@type\":\"Organization\",\"@id\":\"https:\/\/www.royogroup.com\/#organization\",\"name\":\"Royo\",\"url\":\"https:\/\/www.royogroup.com\/\",\"logo\":{\"@type\":\"ImageObject\",\"inLanguage\":\"fr-FR\",\"@id\":\"https:\/\/www.royogroup.com\/#\/schema\/logo\/image\/\",\"url\":\"https:\/\/www.royogroup.com\/wp-content\/uploads\/2018\/02\/Logo-Royo.png\",\"contentUrl\":\"https:\/\/www.royogroup.com\/wp-content\/uploads\/2018\/02\/Logo-Royo.png\",\"width\":264,\"height\":128,\"caption\":\"Royo\"},\"image\":{\"@id\":\"https:\/\/www.royogroup.com\/#\/schema\/logo\/image\/\"},\"sameAs\":[\"https:\/\/www.facebook.com\/royogroup\/\",\"https:\/\/www.instagram.com\/royogroup\/\",\"https:\/\/www.linkedin.com\/company\/980832\/\",\"https:\/\/www.pinterest.es\/royogroup\/\",\"https:\/\/www.youtube.com\/user\/RoyoGroup\"]}]}<\/script>\n<!-- \/ Yoast SEO plugin. -->","yoast_head_json":{"title":"Politique de cookies &#8902; Royo","robots":{"index":"index","follow":"follow","max-snippet":"max-snippet:-1","max-image-preview":"max-image-preview:large","max-video-preview":"max-video-preview:-1"},"canonical":"https:\/\/www.royogroup.com\/fr\/politique-de-cookies\/","og_locale":"fr_FR","og_type":"article","og_title":"Politique de cookies &#8902; Royo","og_description":"[vc_row content_width=\u00a0\u00bbgrid\u00a0\u00bb css=\u00a0\u00bb.vc_custom_1479983057217{padding-top: 110px !important;padding-bottom: 112px !important;}\u00a0\u00bb][vc_column][vc_row_inner][vc_column_inner][vc_column_text] Politique de cookies [\/vc_column_text][vc_column_text]POLITIQUE DE COOKIES DE www.royogroup.com Date de mise \u00e0 jour : 22\/09\/2020 QUE SONT LES COOKIES\u00a0? Les cookies sont de...","og_url":"https:\/\/www.royogroup.com\/fr\/politique-de-cookies\/","og_site_name":"Royo","article_publisher":"https:\/\/www.facebook.com\/royogroup\/","article_modified_time":"2022-02-21T09:17:41+00:00","twitter_card":"summary_large_image","twitter_misc":{"Dur\u00e9e de lecture estim\u00e9e":"9 minutes"},"schema":{"@context":"https:\/\/schema.org","@graph":[{"@type":"WebPage","@id":"https:\/\/www.royogroup.com\/fr\/politique-de-cookies\/","url":"https:\/\/www.royogroup.com\/fr\/politique-de-cookies\/","name":"Politique de cookies &#8902; Royo","isPartOf":{"@id":"https:\/\/www.royogroup.com\/#website"},"datePublished":"2018-02-02T05:25:46+00:00","dateModified":"2022-02-21T09:17:41+00:00","breadcrumb":{"@id":"https:\/\/www.royogroup.com\/fr\/politique-de-cookies\/#breadcrumb"},"inLanguage":"fr-FR","potentialAction":[{"@type":"ReadAction","target":["https:\/\/www.royogroup.com\/fr\/politique-de-cookies\/"]}]},{"@type":"BreadcrumbList","@id":"https:\/\/www.royogroup.com\/fr\/politique-de-cookies\/#breadcrumb","itemListElement":[{"@type":"ListItem","position":1,"name":"ROYO","item":"https:\/\/www.royogroup.com\/fr\/"},{"@type":"ListItem","position":2,"name":"Politique de cookies"}]},{"@type":"WebSite","@id":"https:\/\/www.royogroup.com\/#website","url":"https:\/\/www.royogroup.com\/","name":"Royo","description":"Muebles de Ba\u00f1o","publisher":{"@id":"https:\/\/www.royogroup.com\/#organization"},"potentialAction":[{"@type":"SearchAction","target":{"@type":"EntryPoint","urlTemplate":"https:\/\/www.royogroup.com\/?s={search_term_string}"},"query-input":"required name=search_term_string"}],"inLanguage":"fr-FR"},{"@type":"Organization","@id":"https:\/\/www.royogroup.com\/#organization","name":"Royo","url":"https:\/\/www.royogroup.com\/","logo":{"@type":"ImageObject","inLanguage":"fr-FR","@id":"https:\/\/www.royogroup.com\/#\/schema\/logo\/image\/","url":"https:\/\/www.royogroup.com\/wp-content\/uploads\/2018\/02\/Logo-Royo.png","contentUrl":"https:\/\/www.royogroup.com\/wp-content\/uploads\/2018\/02\/Logo-Royo.png","width":264,"height":128,"caption":"Royo"},"image":{"@id":"https:\/\/www.royogroup.com\/#\/schema\/logo\/image\/"},"sameAs":["https:\/\/www.facebook.com\/royogroup\/","https:\/\/www.instagram.com\/royogroup\/","https:\/\/www.linkedin.com\/company\/980832\/","https:\/\/www.pinterest.es\/royogroup\/","https:\/\/www.youtube.com\/user\/RoyoGroup"]}]}},"_links":{"self":[{"href":"https:\/\/www.royogroup.com\/fr\/wp-json\/wp\/v2\/pages\/10786"}],"collection":[{"href":"https:\/\/www.royogroup.com\/fr\/wp-json\/wp\/v2\/pages"}],"about":[{"href":"https:\/\/www.royogroup.com\/fr\/wp-json\/wp\/v2\/types\/page"}],"author":[{"embeddable":true,"href":"https:\/\/www.royogroup.com\/fr\/wp-json\/wp\/v2\/users\/2"}],"replies":[{"embeddable":true,"href":"https:\/\/www.royogroup.com\/fr\/wp-json\/wp\/v2\/comments?post=10786"}],"version-history":[{"count":10,"href":"https:\/\/www.royogroup.com\/fr\/wp-json\/wp\/v2\/pages\/10786\/revisions"}],"predecessor-version":[{"id":24604,"href":"https:\/\/www.royogroup.com\/fr\/wp-json\/wp\/v2\/pages\/10786\/revisions\/24604"}],"wp:attachment":[{"href":"https:\/\/www.royogroup.com\/fr\/wp-json\/wp\/v2\/media?parent=10786"}],"curies":[{"name":"wp","href":"https:\/\/api.w.org\/{rel}","templated":true}]}}