{"id":10882,"date":"2018-02-05T17:23:59","date_gmt":"2018-02-05T17:23:59","guid":{"rendered":"https:\/\/royogroup.xrunit.com\/?page_id=10882"},"modified":"2018-03-06T15:16:20","modified_gmt":"2018-03-06T15:16:20","slug":"mentions-legales","status":"publish","type":"page","link":"https:\/\/www.royogroup.com\/fr\/mentions-legales\/","title":{"rendered":"Mentions l\u00e9gales"},"content":{"rendered":"<div class=\"wpb-content-wrapper\"><p>[vc_row content_width=\u00a0\u00bbgrid\u00a0\u00bb css=\u00a0\u00bb.vc_custom_1479983057217{padding-top: 110px !important;padding-bottom: 112px !important;}\u00a0\u00bb][vc_column][vc_row_inner][vc_column_inner][vc_column_text]<\/p>\n<h2><strong>Mentions l\u00e9gales<\/strong><\/h2>\n<p>[\/vc_column_text]<div class=\"edgtf-separator-holder clearfix  edgtf-separator-left\">\r\n\t<div class=\"edgtf-separator\" style=\"border-color: #466192;width: 55px;border-bottom-width: 3px\"><\/div>\r\n<\/div>\r\n[vc_column_text]<\/p>\n<table>\n<tbody>\n<tr>\n<td colspan=\"2\" width=\"621\"><strong>Mentions l\u00e9gales<\/strong><\/td>\n<\/tr>\n<tr>\n<td colspan=\"2\" width=\"621\">Donn\u00e9es du responsable<\/td>\n<\/tr>\n<tr>\n<td width=\"177\">Identit\u00e9<\/td>\n<td width=\"444\">Royo Spain SL (CIF\u00a0: B98777246)<\/td>\n<\/tr>\n<tr>\n<td width=\"177\">Adresse physique<\/td>\n<td width=\"444\">C\/Rio Vinalop\u00f3, 69 &#8211; 46930 Quart de Poblet (Valencia) &#8211; Espagne<\/td>\n<\/tr>\n<tr>\n<td width=\"177\">Courriel<\/td>\n<td width=\"444\">info@royogroup.com<\/td>\n<\/tr>\n<tr>\n<td width=\"177\">T\u00e9l\u00e9phone<\/td>\n<td width=\"444\">Informations g\u00e9n\u00e9rales\u00a0: +34 961597660<\/p>\n<p>Information du point de vente\u00a0: +34 963897373<\/p>\n<p>Informations de contact\u00a0: +34 961597410<\/td>\n<\/tr>\n<tr>\n<td colspan=\"2\" width=\"621\">Finalit\u00e9 du traitement de vos donn\u00e9es et dur\u00e9e de conservation<\/td>\n<\/tr>\n<tr>\n<td width=\"177\">Contact<\/td>\n<td width=\"444\">R\u00e9pondre aux questions envoy\u00e9es \u00e0 l&rsquo;entreprise, ainsi qu&rsquo;aux demandes d&rsquo;information sur les produits et les services qu&rsquo;elle propose<\/td>\n<\/tr>\n<tr>\n<td width=\"177\"><\/td>\n<td width=\"444\">Les donn\u00e9es seront conserv\u00e9es tant que l&rsquo;utilisateur n&rsquo;utilisera pas son droit d&rsquo;annulation<\/td>\n<\/tr>\n<tr>\n<td width=\"177\">Emploi<\/td>\n<td width=\"444\">Effectuer des traitements internes sur le recrutement du personnel, actuellement et dans le futur<\/td>\n<\/tr>\n<tr>\n<td width=\"177\"><\/td>\n<td width=\"444\">Les donn\u00e9es seront conserv\u00e9es tant que l&rsquo;utilisateur n&rsquo;utilisera pas son droit d&rsquo;annulation. Le d\u00e9lai de conservation maximale des informations personnelles par notre entreprise sera d&rsquo;un an.<\/td>\n<\/tr>\n<tr>\n<td width=\"177\">Newsletter<\/td>\n<td width=\"444\">Abonnement au bulletin d&rsquo;information du secteur du mobilier de salles de bain pour les utilisateurs enregistr\u00e9s via leur adresse \u00e9lectronique<\/td>\n<\/tr>\n<tr>\n<td width=\"177\"><\/td>\n<td width=\"444\">Les donn\u00e9es seront conserv\u00e9es tant que l&rsquo;utilisateur n&rsquo;utilisera pas son droit d&rsquo;annulation<\/td>\n<\/tr>\n<tr>\n<td colspan=\"2\" width=\"621\">L\u00e9gitimit\u00e9 du traitement de vos donn\u00e9es<\/td>\n<\/tr>\n<tr>\n<td width=\"177\">Contact\u00a0\/ Emploi\u00a0\/ Newsletter<\/td>\n<td width=\"444\">Autorisation de l&rsquo;utilisateur<\/td>\n<\/tr>\n<tr>\n<td colspan=\"2\" width=\"621\">Destinataires de vos donn\u00e9es<\/td>\n<\/tr>\n<tr>\n<td width=\"177\">B\u00e9n\u00e9ficiaire(s)\u00a0: Contact\u00a0\/ Emploi<\/td>\n<td width=\"444\">Les donn\u00e9es ne seront c\u00e9d\u00e9es \u00e0 personne, sauf en cas d&rsquo;obligation l\u00e9gale<\/td>\n<\/tr>\n<tr>\n<td width=\"177\">B\u00e9n\u00e9ficiaire(s)\u00a0: Newsletter<\/td>\n<td width=\"444\">Responsable du traitement\u00a0: entreprises de marketing num\u00e9rique<\/td>\n<\/tr>\n<tr>\n<td colspan=\"2\" width=\"621\">Exercice des droits<\/td>\n<\/tr>\n<tr>\n<td width=\"177\">Acc\u00e8s, rectification, opposition, suppression, d\u00e9cisions automatis\u00e9es, limites, portabilit\u00e9<\/td>\n<td width=\"444\">Vous pouvez exercer vos droits en envoyant\u00a0:<\/p>\n<p>Un courrier \u00e9lectronique \u00e0 rgpd@royogroup.com, en fournissant la documentation prouvant l&rsquo;identit\u00e9 du demandeur (copie de la carte nationale d&rsquo;identit\u00e9 ou \u00e9quivalent)<\/p>\n<p>Dans tous les cas, vous pouvez vous adresser \u00e0 l&rsquo;Agence espagnole de protection des donn\u00e9es, via son site web<\/td>\n<\/tr>\n<tr>\n<td width=\"177\">D\u00e9lai de r\u00e9ponse<\/td>\n<td width=\"444\">1\u00a0mois<\/td>\n<\/tr>\n<tr>\n<td colspan=\"2\" width=\"621\">Plus d&rsquo;informations<\/td>\n<\/tr>\n<tr>\n<td colspan=\"2\" width=\"621\"><strong>INFORMATIONS L\u00c9GALES DE ROYO SPAIN SL <\/strong><\/p>\n<p>CIF B98777246<\/p>\n<p>Si\u00e8ge social\u00a0: C\/Rio Vinalop\u00f3, 69 &#8211; 46930 Quart de Poblet (Valencia) &#8211; Espagne<\/p>\n<p>Adresse \u00e9lectronique\u00a0: info@royogroup.com<\/p>\n<p>Informations g\u00e9n\u00e9rales\u00a0: +34 961597660<\/p>\n<p>Information du point de vente\u00a0: +34 963897373<\/p>\n<p>Informations de contact\u00a0: +34 961597410<\/p>\n<p>Fax\u00a0: +34 961920751<\/p>\n<p>Donn\u00e9es d&rsquo;immatriculation de Royo Spain SL\u00a0: Inscrite au Reg. Merc. de Valencia, Folio\u00a0195, Tomo\u00a0189, Libro de Sociedades, Secc. 3, Feuille\u00a02355, Inscrip. 1<\/p>\n<p>&nbsp;<\/p>\n<p>Utilisation du site web\u00a0:<\/p>\n<p>www.royogroup.com donne acc\u00e8s \u00e0 une multitude d&rsquo;informations et de services (ci-apr\u00e8s, \u00ab\u00a0le contenu\u00a0\u00bb) appartenant \u00e0 ROYO SPAIN SL. L&rsquo;UTILISATEUR est responsable de l&rsquo;utilisation du site web. Cette responsabilit\u00e9 s&rsquo;\u00e9tend aux enregistrements n\u00e9cessaires pour acc\u00e9der \u00e0 certains services ou contenus. Dans ces enregistrements, il est de la responsabilit\u00e9 de l&rsquo;UTILISATEUR de fournir des informations v\u00e9ridiques et l\u00e9gitimes. L&rsquo;UTILISATEUR s&rsquo;engage \u00e0 utiliser de mani\u00e8re ad\u00e9quate les contenus et les services offerts par ROYO SPAIN SL sur son site web et, \u00e0 titre d&rsquo;exemple mais sans s&rsquo;y limiter, \u00e0 ne pas les employer dans le but (I) de commettre des activit\u00e9s illicites, ill\u00e9gales ou contraires \u00e0 la bonne foi et \u00e0 l&rsquo;ordre public\u00a0; (II) de diffuser des contenus ou de la propagande \u00e0 caract\u00e8re raciste, x\u00e9nophobe, pornographique-ill\u00e9gal, faisant l&rsquo;apologie du terrorisme ou attentatoire aux droits de l&rsquo;homme\u00a0; (III) d&rsquo;endommager les syst\u00e8mes physiques et logiques de ROYO SPAIN SL, de ses fournisseurs ou de tierces personnes, d&rsquo;introduire ou de diffuser sur le r\u00e9seau des virus informatiques ou tout autre syst\u00e8me physique ou logique qui soit susceptible de provoquer les dommages pr\u00e9cit\u00e9s\u00a0; (IV) de tenter d&rsquo;acc\u00e9der et, le cas \u00e9ch\u00e9ant, d&rsquo;utiliser les comptes de courrier \u00e9lectronique des autres utilisateurs et de modifier ou de manipuler leurs messages. ROYO SPAIN SL se r\u00e9serve le droit de supprimer les commentaires et les contributions qui contreviendraient au respect de la dignit\u00e9 humaine, qu&rsquo;ils soient discriminatoires, x\u00e9nophobes, racistes ou pornographiques, qu&rsquo;ils portent atteinte \u00e0 la jeunesse ou \u00e0 l&rsquo;enfance, \u00e0 l&rsquo;ordre ou \u00e0 la s\u00e9curit\u00e9 publique, ou dont la publication, \u00e0 son avis, ne serait pas appropri\u00e9e car sans aucun lien avec l&rsquo;objet du site web. Dans tous les cas, ROYO SPAIN SL agira avec diligence, en tant qu&rsquo;administrateur du site web, d\u00e8s qu&rsquo;il aura connaissance des actes commis en violation avec ces conditions d&rsquo;utilisation ou sa politique de confidentialit\u00e9.<\/p>\n<p>&nbsp;<\/p>\n<p>Politique de liens\u00a0:<\/p>\n<p>Les sites web li\u00e9s ne sont pas contr\u00f4l\u00e9s par ROYO SPAIN SL et ROYO SPAIN SL ne peut \u00eatre tenu pour responsable du contenu de ces sites li\u00e9s, ni des liens figurant sur ces sites web li\u00e9s, ni d&rsquo;aucune modification ou mise \u00e0 jour desdits sites web (sauf dans les cas pr\u00e9vus \u00e0 la clause Limite de responsabilit\u00e9). ROYO SPAIN SL ne vous fournit ces liens que pour votre commodit\u00e9, et l&rsquo;insertion d&rsquo;un lien n&rsquo;implique absolument pas l&rsquo;approbation du site web correspondant par ROYO SPAIN SL.<\/p>\n<p>&nbsp;<\/p>\n<p>Droits de propri\u00e9t\u00e9 intellectuelle\u00a0:<\/p>\n<p>ROYO SPAIN SL, en tant que tel ou comme b\u00e9n\u00e9ficiaire, est titulaire de tous les droits de propri\u00e9t\u00e9 intellectuelle et industrielle de son site web, ainsi que des \u00e9l\u00e9ments qu&rsquo;il contient (\u00e0 titre indicatif les images, sons, mat\u00e9riel audiovisuel, vid\u00e9os, logiciels ou textes\u00a0; marques ou logos, combinaisons de couleurs, mise en page et conception, choix des mat\u00e9riels utilis\u00e9s, programmes informatiques n\u00e9cessaires \u00e0 son fonctionnement, acc\u00e8s et utilisation, etc.), propri\u00e9t\u00e9s de ROYO SPAIN SL ou de ses filiales. Tous droits r\u00e9serv\u00e9s. Conform\u00e9ment aux dispositions des articles\u00a08 et 32.1, second paragraphe, du D\u00e9cret royal l\u00e9gislatif 1\/1996 du 12\u00a0avril, qui ent\u00e9rine le texte modifi\u00e9 de la Loi sur la propri\u00e9t\u00e9 intellectuelle, r\u00e9gularisant, \u00e9claircissant et harmonisant les dispositions l\u00e9gales en vigueur sur le sujet, il est express\u00e9ment interdit de reproduire, distribuer et diffuser publiquement (modalit\u00e9 de mise \u00e0 disposition inclue) \u00e0 des fins commerciales la totalit\u00e9 ou des extraits du contenu de ce site web, quel que soit le support et par quelque moyen technique que soit, sans l&rsquo;autorisation de ROYO SPAIN SL. L&rsquo;UTILISATEUR s&rsquo;engage \u00e0 respecter les droits de propri\u00e9t\u00e9 intellectuelle et industrielle de ROYO SPAIN SL. Tout le contenu publi\u00e9 sur le site web, notamment la mise en page, les textes, images, vid\u00e9os, graphiques, logos, ic\u00f4nes, boutons, ainsi que les d\u00e9nominations commerciales, les marques et tout autre \u00e9l\u00e9ment susceptible d&rsquo;utilisation industrielle et commerciale, sont soumis aux droits de propri\u00e9t\u00e9 intellectuelle et industrielle de ROYO SPAIN SL. En aucune fa\u00e7on, une licence serait consid\u00e9r\u00e9e comme accord\u00e9e, ni aucune renonciation, transmission, cession totale ou partielle de ces droits, ni aucun droit ne sera conf\u00e9r\u00e9 \u00e0 quiconque, notamment aucun droit de modification, d&rsquo;exploitation, de reproduction, de distribution ou de diffusion publique de ce contenu, sans l&rsquo;autorisation pr\u00e9alable de ROYO SPAIN SL.<\/p>\n<p>&nbsp;<\/p>\n<p>Limite de responsabilit\u00e9\u00a0:<\/p>\n<p>ROYO SPAIN SL r\u00e9pondra des dommages et des pr\u00e9judices subis par l&rsquo;utilisateur cons\u00e9cutivement \u00e0 l&rsquo;utilisation du site web si ceux-ci sont directement attribuables \u00e0 la mauvaise ex\u00e9cution de cette entit\u00e9, et que le non-respect des exigences l\u00e9gales et des conditions r\u00e9glementaires requises aura \u00e9t\u00e9 prouv\u00e9. Il appartient \u00e0 l&rsquo;utilisateur de prendre toutes les mesures techniques appropri\u00e9es pour pr\u00e9venir raisonnablement les risques d&rsquo;une navigation ouverte sur Internet, \u00e9viter d&rsquo;endommager ses \u00e9quipements et emp\u00eacher la perte ou le vol de donn\u00e9es confidentielles. ROYO SPAIN SL ne peut \u00eatre tenu pour responsable d&rsquo;un quelconque dommage pouvant r\u00e9sulter d&rsquo;interf\u00e9rences, d&rsquo;omissions, d&rsquo;interruptions, de virus informatiques, de pannes et\/ou de d\u00e9connexions dans le fonctionnement de ce site web ou des appareils et des \u00e9quipements informatiques des utilisateurs, pour des raisons \u00e9trang\u00e8res \u00e0 ROYO SPAIN SL, qui emp\u00eacheraient ou retarderaient la fourniture des services ou la navigation sur le site web, ni des retards ou des blocages \u00e0 l&rsquo;utilisation caus\u00e9s par des d\u00e9faillances ou des surcharges d&rsquo;Internet ou d&rsquo;autres syst\u00e8mes, ni de l&rsquo;incapacit\u00e9 de fournir le service ou d&rsquo;autoriser l&rsquo;acc\u00e8s pour des raisons non imputables \u00e0 ROYO SPAIN SL, \u00e0 cause de l&rsquo;utilisateur, d&rsquo;un tiers ou en cas de force majeure. ROYO SPAIN SL ne sera pas tenu pour responsable s&rsquo;il n&rsquo;a pas une connaissance effective du fait que l&rsquo;activit\u00e9 ou l&rsquo;information \u00e0 laquelle il fait r\u00e9f\u00e9rence ou qu&rsquo;il recommande via ses liens serait illicite ou qu&rsquo;elle porterait pr\u00e9judice \u00e0 des biens ou des droits d&rsquo;un tiers, qu&rsquo;elle serait susceptible d&rsquo;\u00eatre indemnis\u00e9e ou, dans le cas o\u00f9 il en aurait connaissance, s&rsquo;il agit avec diligence pour supprimer ou d\u00e9sactiver le lien ou l&rsquo;information correspondante.<\/p>\n<p>&nbsp;<\/p>\n<p>Juridiction et lois applicables\u00a0:<\/p>\n<p>La loi applicable au pr\u00e9sent contrat est la loi espagnole. Pour tout diff\u00e9rend qui pourrait survenir dans le cadre de ce contrat, les parties, en renon\u00e7ant \u00e0 leur propre juridiction, se soumettront express\u00e9ment \u00e0 la juridiction et aux tribunaux de Valencia (Espagne).<\/td>\n<\/tr>\n<\/tbody>\n<\/table>\n<p>[\/vc_column_text][vc_empty_space height=\u00a0\u00bb30px\u00a0\u00bb][\/vc_column_inner][\/vc_row_inner][\/vc_column][\/vc_row]<\/p>\n<\/div>","protected":false},"excerpt":{"rendered":"<p>[vc_row content_width=\u00a0\u00bbgrid\u00a0\u00bb css=\u00a0\u00bb.vc_custom_1479983057217{padding-top: 110px !important;padding-bottom: 112px !important;}\u00a0\u00bb][vc_column][vc_row_inner][vc_column_inner][vc_column_text] Mentions l\u00e9gales [\/vc_column_text][vc_column_text] Mentions l\u00e9gales Donn\u00e9es du responsable Identit\u00e9 Royo Spain SL (CIF\u00a0: B98777246) Adresse physique C\/Rio Vinalop\u00f3, 69 &#8211; 46930 Quart de&#8230;<\/p>\n","protected":false},"author":2,"featured_media":0,"parent":0,"menu_order":0,"comment_status":"closed","ping_status":"closed","template":"full-width.php","meta":{"inline_featured_image":false,"_exactmetrics_skip_tracking":false,"_exactmetrics_sitenote_active":false,"_exactmetrics_sitenote_note":"","_exactmetrics_sitenote_category":0,"footnotes":""},"yoast_head":"<!-- This site is optimized with the Yoast SEO plugin v22.8 - https:\/\/yoast.com\/wordpress\/plugins\/seo\/ -->\n<title>Mentions l\u00e9gales &#8902; Royo<\/title>\n<meta name=\"robots\" content=\"index, follow, max-snippet:-1, max-image-preview:large, max-video-preview:-1\" \/>\n<link rel=\"canonical\" href=\"https:\/\/www.royogroup.com\/fr\/mentions-legales\/\" \/>\n<meta property=\"og:locale\" content=\"fr_FR\" \/>\n<meta property=\"og:type\" content=\"article\" \/>\n<meta property=\"og:title\" content=\"Mentions l\u00e9gales &#8902; Royo\" \/>\n<meta property=\"og:description\" content=\"[vc_row content_width=\u00a0\u00bbgrid\u00a0\u00bb css=\u00a0\u00bb.vc_custom_1479983057217{padding-top: 110px !important;padding-bottom: 112px !important;}\u00a0\u00bb][vc_column][vc_row_inner][vc_column_inner][vc_column_text] Mentions l\u00e9gales [\/vc_column_text][vc_column_text] Mentions l\u00e9gales Donn\u00e9es du responsable Identit\u00e9 Royo Spain SL (CIF\u00a0: B98777246) Adresse physique C\/Rio Vinalop\u00f3, 69 &#8211; 46930 Quart de...\" \/>\n<meta property=\"og:url\" content=\"https:\/\/www.royogroup.com\/fr\/mentions-legales\/\" \/>\n<meta property=\"og:site_name\" content=\"Royo\" \/>\n<meta property=\"article:publisher\" content=\"https:\/\/www.facebook.com\/royogroup\/\" \/>\n<meta property=\"article:modified_time\" content=\"2018-03-06T15:16:20+00:00\" \/>\n<meta name=\"twitter:card\" content=\"summary_large_image\" \/>\n<meta name=\"twitter:label1\" content=\"Dur\u00e9e de lecture estim\u00e9e\" \/>\n\t<meta name=\"twitter:data1\" content=\"7 minutes\" \/>\n<script type=\"application\/ld+json\" class=\"yoast-schema-graph\">{\"@context\":\"https:\/\/schema.org\",\"@graph\":[{\"@type\":\"WebPage\",\"@id\":\"https:\/\/www.royogroup.com\/fr\/mentions-legales\/\",\"url\":\"https:\/\/www.royogroup.com\/fr\/mentions-legales\/\",\"name\":\"Mentions l\u00e9gales &#8902; Royo\",\"isPartOf\":{\"@id\":\"https:\/\/www.royogroup.com\/#website\"},\"datePublished\":\"2018-02-05T17:23:59+00:00\",\"dateModified\":\"2018-03-06T15:16:20+00:00\",\"breadcrumb\":{\"@id\":\"https:\/\/www.royogroup.com\/fr\/mentions-legales\/#breadcrumb\"},\"inLanguage\":\"fr-FR\",\"potentialAction\":[{\"@type\":\"ReadAction\",\"target\":[\"https:\/\/www.royogroup.com\/fr\/mentions-legales\/\"]}]},{\"@type\":\"BreadcrumbList\",\"@id\":\"https:\/\/www.royogroup.com\/fr\/mentions-legales\/#breadcrumb\",\"itemListElement\":[{\"@type\":\"ListItem\",\"position\":1,\"name\":\"ROYO\",\"item\":\"https:\/\/www.royogroup.com\/fr\/\"},{\"@type\":\"ListItem\",\"position\":2,\"name\":\"Mentions l\u00e9gales\"}]},{\"@type\":\"WebSite\",\"@id\":\"https:\/\/www.royogroup.com\/#website\",\"url\":\"https:\/\/www.royogroup.com\/\",\"name\":\"Royo\",\"description\":\"Muebles de Ba\u00f1o\",\"publisher\":{\"@id\":\"https:\/\/www.royogroup.com\/#organization\"},\"potentialAction\":[{\"@type\":\"SearchAction\",\"target\":{\"@type\":\"EntryPoint\",\"urlTemplate\":\"https:\/\/www.royogroup.com\/?s={search_term_string}\"},\"query-input\":\"required name=search_term_string\"}],\"inLanguage\":\"fr-FR\"},{\"@type\":\"Organization\",\"@id\":\"https:\/\/www.royogroup.com\/#organization\",\"name\":\"Royo\",\"url\":\"https:\/\/www.royogroup.com\/\",\"logo\":{\"@type\":\"ImageObject\",\"inLanguage\":\"fr-FR\",\"@id\":\"https:\/\/www.royogroup.com\/#\/schema\/logo\/image\/\",\"url\":\"https:\/\/www.royogroup.com\/wp-content\/uploads\/2018\/02\/Logo-Royo.png\",\"contentUrl\":\"https:\/\/www.royogroup.com\/wp-content\/uploads\/2018\/02\/Logo-Royo.png\",\"width\":264,\"height\":128,\"caption\":\"Royo\"},\"image\":{\"@id\":\"https:\/\/www.royogroup.com\/#\/schema\/logo\/image\/\"},\"sameAs\":[\"https:\/\/www.facebook.com\/royogroup\/\",\"https:\/\/www.instagram.com\/royogroup\/\",\"https:\/\/www.linkedin.com\/company\/980832\/\",\"https:\/\/www.pinterest.es\/royogroup\/\",\"https:\/\/www.youtube.com\/user\/RoyoGroup\"]}]}<\/script>\n<!-- \/ Yoast SEO plugin. -->","yoast_head_json":{"title":"Mentions l\u00e9gales &#8902; Royo","robots":{"index":"index","follow":"follow","max-snippet":"max-snippet:-1","max-image-preview":"max-image-preview:large","max-video-preview":"max-video-preview:-1"},"canonical":"https:\/\/www.royogroup.com\/fr\/mentions-legales\/","og_locale":"fr_FR","og_type":"article","og_title":"Mentions l\u00e9gales &#8902; Royo","og_description":"[vc_row content_width=\u00a0\u00bbgrid\u00a0\u00bb css=\u00a0\u00bb.vc_custom_1479983057217{padding-top: 110px !important;padding-bottom: 112px !important;}\u00a0\u00bb][vc_column][vc_row_inner][vc_column_inner][vc_column_text] Mentions l\u00e9gales [\/vc_column_text][vc_column_text] Mentions l\u00e9gales Donn\u00e9es du responsable Identit\u00e9 Royo Spain SL (CIF\u00a0: B98777246) Adresse physique C\/Rio Vinalop\u00f3, 69 &#8211; 46930 Quart de...","og_url":"https:\/\/www.royogroup.com\/fr\/mentions-legales\/","og_site_name":"Royo","article_publisher":"https:\/\/www.facebook.com\/royogroup\/","article_modified_time":"2018-03-06T15:16:20+00:00","twitter_card":"summary_large_image","twitter_misc":{"Dur\u00e9e de lecture estim\u00e9e":"7 minutes"},"schema":{"@context":"https:\/\/schema.org","@graph":[{"@type":"WebPage","@id":"https:\/\/www.royogroup.com\/fr\/mentions-legales\/","url":"https:\/\/www.royogroup.com\/fr\/mentions-legales\/","name":"Mentions l\u00e9gales &#8902; Royo","isPartOf":{"@id":"https:\/\/www.royogroup.com\/#website"},"datePublished":"2018-02-05T17:23:59+00:00","dateModified":"2018-03-06T15:16:20+00:00","breadcrumb":{"@id":"https:\/\/www.royogroup.com\/fr\/mentions-legales\/#breadcrumb"},"inLanguage":"fr-FR","potentialAction":[{"@type":"ReadAction","target":["https:\/\/www.royogroup.com\/fr\/mentions-legales\/"]}]},{"@type":"BreadcrumbList","@id":"https:\/\/www.royogroup.com\/fr\/mentions-legales\/#breadcrumb","itemListElement":[{"@type":"ListItem","position":1,"name":"ROYO","item":"https:\/\/www.royogroup.com\/fr\/"},{"@type":"ListItem","position":2,"name":"Mentions l\u00e9gales"}]},{"@type":"WebSite","@id":"https:\/\/www.royogroup.com\/#website","url":"https:\/\/www.royogroup.com\/","name":"Royo","description":"Muebles de Ba\u00f1o","publisher":{"@id":"https:\/\/www.royogroup.com\/#organization"},"potentialAction":[{"@type":"SearchAction","target":{"@type":"EntryPoint","urlTemplate":"https:\/\/www.royogroup.com\/?s={search_term_string}"},"query-input":"required name=search_term_string"}],"inLanguage":"fr-FR"},{"@type":"Organization","@id":"https:\/\/www.royogroup.com\/#organization","name":"Royo","url":"https:\/\/www.royogroup.com\/","logo":{"@type":"ImageObject","inLanguage":"fr-FR","@id":"https:\/\/www.royogroup.com\/#\/schema\/logo\/image\/","url":"https:\/\/www.royogroup.com\/wp-content\/uploads\/2018\/02\/Logo-Royo.png","contentUrl":"https:\/\/www.royogroup.com\/wp-content\/uploads\/2018\/02\/Logo-Royo.png","width":264,"height":128,"caption":"Royo"},"image":{"@id":"https:\/\/www.royogroup.com\/#\/schema\/logo\/image\/"},"sameAs":["https:\/\/www.facebook.com\/royogroup\/","https:\/\/www.instagram.com\/royogroup\/","https:\/\/www.linkedin.com\/company\/980832\/","https:\/\/www.pinterest.es\/royogroup\/","https:\/\/www.youtube.com\/user\/RoyoGroup"]}]}},"_links":{"self":[{"href":"https:\/\/www.royogroup.com\/fr\/wp-json\/wp\/v2\/pages\/10882"}],"collection":[{"href":"https:\/\/www.royogroup.com\/fr\/wp-json\/wp\/v2\/pages"}],"about":[{"href":"https:\/\/www.royogroup.com\/fr\/wp-json\/wp\/v2\/types\/page"}],"author":[{"embeddable":true,"href":"https:\/\/www.royogroup.com\/fr\/wp-json\/wp\/v2\/users\/2"}],"replies":[{"embeddable":true,"href":"https:\/\/www.royogroup.com\/fr\/wp-json\/wp\/v2\/comments?post=10882"}],"version-history":[{"count":2,"href":"https:\/\/www.royogroup.com\/fr\/wp-json\/wp\/v2\/pages\/10882\/revisions"}],"predecessor-version":[{"id":13478,"href":"https:\/\/www.royogroup.com\/fr\/wp-json\/wp\/v2\/pages\/10882\/revisions\/13478"}],"wp:attachment":[{"href":"https:\/\/www.royogroup.com\/fr\/wp-json\/wp\/v2\/media?parent=10882"}],"curies":[{"name":"wp","href":"https:\/\/api.w.org\/{rel}","templated":true}]}}