{"id":10897,"date":"2018-03-06T15:17:56","date_gmt":"2018-03-06T15:17:56","guid":{"rendered":"https:\/\/royogroup.xrunit.com\/?page_id=10897"},"modified":"2018-03-06T15:18:37","modified_gmt":"2018-03-06T15:18:37","slug":"politique-de-reseaux-sociaux","status":"publish","type":"page","link":"https:\/\/www.royogroup.com\/fr\/politique-de-reseaux-sociaux\/","title":{"rendered":"Politique de reseaux sociaux"},"content":{"rendered":"<div class=\"wpb-content-wrapper\"><p>[vc_row content_width=\u00a0\u00bbgrid\u00a0\u00bb css=\u00a0\u00bb.vc_custom_1479983057217{padding-top: 110px !important;padding-bottom: 112px !important;}\u00a0\u00bb][vc_column][vc_row_inner][vc_column_inner][vc_column_text]<strong>POLITIQUE DE R\u00c9SEAUX SOCIAUX<\/strong>[\/vc_column_text]<div class=\"edgtf-separator-holder clearfix  edgtf-separator-left\">\r\n\t<div class=\"edgtf-separator\" style=\"border-color: #466192;width: 55px;border-bottom-width: 3px\"><\/div>\r\n<\/div>\r\n[vc_column_text]POLITIQUE DE R\u00c9SEAUX SOCIAUX<br \/>\nChez Royo, nous sommes conscients que les nouvelles plateformes de communication comme les blogs, les wikis, les r\u00e9seaux sociaux et tout autre moyen de communication sociale, existants \u00e0 l&rsquo;int\u00e9rieur comme \u00e0 l&rsquo;ext\u00e9rieur de l&rsquo;entreprise, sont en train de transformer la fa\u00e7on dont nous interagissons. La collaboration en ligne permet aux personnes de partager des connaissances et des id\u00e9es quels que soient leur niveau, leur fonction ou leur exp\u00e9rience. Pour nous, c&rsquo;est un moyen de participer aux discussions sur le travail que nous r\u00e9alisons chez Royo et de d\u00e9montrer notre exp\u00e9rience.<br \/>\nPar cons\u00e9quent, Royo :<br \/>\n1. Informera toute personne, physique ou morale, d&rsquo;un \u00e9ventuel traitement de ses donn\u00e9es, avant de recueillir ses donn\u00e9es personnelles.<br \/>\n2. N&rsquo;utilisera pas les donn\u00e9es collect\u00e9es \u00e0 des fins diff\u00e9rentes de celles pour lesquelles elles ont \u00e9t\u00e9 recueillies, sauf autorisation pr\u00e9alable de la personne concern\u00e9e.<br \/>\n3. Encouragera l&rsquo;utilisation des r\u00e9seaux \u00e0 des fins professionnelles.<br \/>\n4. Ne publiera pas de donn\u00e9es personnelles, ni ne permettra que d&rsquo;autres le fassent dans les forums dont il a la responsabilit\u00e9 en tant que mod\u00e9rateur, au-del\u00e0 de celles relatives aux personnes \u00e0 qui il est fait r\u00e9f\u00e9rence pour des raisons professionnelles.<br \/>\n5. Ne publiera pas d&rsquo;informations portant pr\u00e9judice \u00e0 l&rsquo;honneur ou \u00e0 la vie priv\u00e9e ou familiale des personnes.<br \/>\n6. Veillera \u00e0 tout moment \u00e0 la s\u00e9curit\u00e9 des donn\u00e9es, en supervisant la s\u00e9curit\u00e9 et les profils de confidentialit\u00e9 du r\u00e9seau social.<br \/>\n7. Utilisera les r\u00e9seaux sociaux pour encourager la sensibilisation et la formation de ses abonn\u00e9s dans le domaine du droit des nouvelles technologies, de la s\u00e9curit\u00e9 de l&rsquo;information et de la gestion des diff\u00e9rents traitements des organisations.<br \/>\n8. Respectera les sections de la politique de confidentialit\u00e9 et des conditions d&rsquo;utilisation du r\u00e9seau social qui pourraient le concerner. Royo recommande \u00e0 tous ses abonn\u00e9s la lecture de ces politiques et des conditions d&rsquo;utilisation des diff\u00e9rents r\u00e9seaux sociaux (Facebook, Instagram, Twitter, Pinterest, Youtube, Flickr, Issuu, etc.)<br \/>\n9. Respectera les r\u00e9glementations en vigueur en mati\u00e8re de protection des donn\u00e9es (R\u00e8glement g\u00e9n\u00e9ral sur la protection des donn\u00e9es UE 2016\/679), de fourniture de services et de communications commerciales par voie \u00e9lectronique (Loi 34\/2002 relatives aux Services de la soci\u00e9t\u00e9 de l&rsquo;information et du commerce \u00e9lectronique ; R\u00e8glement sur la confidentialit\u00e9).<br \/>\n10. Mettra \u00e0 la disposition des utilisateurs et des abonn\u00e9s le moyen de contact suivant pour r\u00e9pondre \u00e0 toute question, doute ou utilisation abusive de cette politique sociale :rgpd@royogroup.com<\/p>\n<p>[\/vc_column_text][vc_empty_space height=\u00a0\u00bb30px\u00a0\u00bb][\/vc_column_inner][\/vc_row_inner][\/vc_column][\/vc_row]<\/p>\n<\/div>","protected":false},"excerpt":{"rendered":"<p>[vc_row content_width=\u00a0\u00bbgrid\u00a0\u00bb css=\u00a0\u00bb.vc_custom_1479983057217{padding-top: 110px !important;padding-bottom: 112px !important;}\u00a0\u00bb][vc_column][vc_row_inner][vc_column_inner][vc_column_text]POLITIQUE DE R\u00c9SEAUX SOCIAUX[\/vc_column_text][vc_column_text]POLITIQUE DE R\u00c9SEAUX SOCIAUX Chez Royo, nous sommes conscients que les nouvelles plateformes de communication comme les blogs, les wikis, les&#8230;<\/p>\n","protected":false},"author":2,"featured_media":0,"parent":0,"menu_order":0,"comment_status":"closed","ping_status":"closed","template":"full-width.php","meta":{"inline_featured_image":false,"_exactmetrics_skip_tracking":false,"_exactmetrics_sitenote_active":false,"_exactmetrics_sitenote_note":"","_exactmetrics_sitenote_category":0,"footnotes":""},"yoast_head":"<!-- This site is optimized with the Yoast SEO plugin v22.8 - https:\/\/yoast.com\/wordpress\/plugins\/seo\/ -->\n<title>Politique de reseaux sociaux &#8902; Royo<\/title>\n<meta name=\"robots\" content=\"index, follow, max-snippet:-1, max-image-preview:large, max-video-preview:-1\" \/>\n<link rel=\"canonical\" href=\"https:\/\/www.royogroup.com\/fr\/politique-de-reseaux-sociaux\/\" \/>\n<meta property=\"og:locale\" content=\"fr_FR\" \/>\n<meta property=\"og:type\" content=\"article\" \/>\n<meta property=\"og:title\" content=\"Politique de reseaux sociaux &#8902; Royo\" \/>\n<meta property=\"og:description\" content=\"[vc_row content_width=\u00a0\u00bbgrid\u00a0\u00bb css=\u00a0\u00bb.vc_custom_1479983057217{padding-top: 110px !important;padding-bottom: 112px !important;}\u00a0\u00bb][vc_column][vc_row_inner][vc_column_inner][vc_column_text]POLITIQUE DE R\u00c9SEAUX SOCIAUX[\/vc_column_text][vc_column_text]POLITIQUE DE R\u00c9SEAUX SOCIAUX Chez Royo, nous sommes conscients que les nouvelles plateformes de communication comme les blogs, les wikis, les...\" \/>\n<meta property=\"og:url\" content=\"https:\/\/www.royogroup.com\/fr\/politique-de-reseaux-sociaux\/\" \/>\n<meta property=\"og:site_name\" content=\"Royo\" \/>\n<meta property=\"article:publisher\" content=\"https:\/\/www.facebook.com\/royogroup\/\" \/>\n<meta property=\"article:modified_time\" content=\"2018-03-06T15:18:37+00:00\" \/>\n<meta name=\"twitter:card\" content=\"summary_large_image\" \/>\n<meta name=\"twitter:label1\" content=\"Dur\u00e9e de lecture estim\u00e9e\" \/>\n\t<meta name=\"twitter:data1\" content=\"2 minutes\" \/>\n<script type=\"application\/ld+json\" class=\"yoast-schema-graph\">{\"@context\":\"https:\/\/schema.org\",\"@graph\":[{\"@type\":\"WebPage\",\"@id\":\"https:\/\/www.royogroup.com\/fr\/politique-de-reseaux-sociaux\/\",\"url\":\"https:\/\/www.royogroup.com\/fr\/politique-de-reseaux-sociaux\/\",\"name\":\"Politique de reseaux sociaux &#8902; Royo\",\"isPartOf\":{\"@id\":\"https:\/\/www.royogroup.com\/#website\"},\"datePublished\":\"2018-03-06T15:17:56+00:00\",\"dateModified\":\"2018-03-06T15:18:37+00:00\",\"breadcrumb\":{\"@id\":\"https:\/\/www.royogroup.com\/fr\/politique-de-reseaux-sociaux\/#breadcrumb\"},\"inLanguage\":\"fr-FR\",\"potentialAction\":[{\"@type\":\"ReadAction\",\"target\":[\"https:\/\/www.royogroup.com\/fr\/politique-de-reseaux-sociaux\/\"]}]},{\"@type\":\"BreadcrumbList\",\"@id\":\"https:\/\/www.royogroup.com\/fr\/politique-de-reseaux-sociaux\/#breadcrumb\",\"itemListElement\":[{\"@type\":\"ListItem\",\"position\":1,\"name\":\"ROYO\",\"item\":\"https:\/\/www.royogroup.com\/fr\/\"},{\"@type\":\"ListItem\",\"position\":2,\"name\":\"Politique de reseaux sociaux\"}]},{\"@type\":\"WebSite\",\"@id\":\"https:\/\/www.royogroup.com\/#website\",\"url\":\"https:\/\/www.royogroup.com\/\",\"name\":\"Royo\",\"description\":\"Muebles de Ba\u00f1o\",\"publisher\":{\"@id\":\"https:\/\/www.royogroup.com\/#organization\"},\"potentialAction\":[{\"@type\":\"SearchAction\",\"target\":{\"@type\":\"EntryPoint\",\"urlTemplate\":\"https:\/\/www.royogroup.com\/?s={search_term_string}\"},\"query-input\":\"required name=search_term_string\"}],\"inLanguage\":\"fr-FR\"},{\"@type\":\"Organization\",\"@id\":\"https:\/\/www.royogroup.com\/#organization\",\"name\":\"Royo\",\"url\":\"https:\/\/www.royogroup.com\/\",\"logo\":{\"@type\":\"ImageObject\",\"inLanguage\":\"fr-FR\",\"@id\":\"https:\/\/www.royogroup.com\/#\/schema\/logo\/image\/\",\"url\":\"https:\/\/www.royogroup.com\/wp-content\/uploads\/2018\/02\/Logo-Royo.png\",\"contentUrl\":\"https:\/\/www.royogroup.com\/wp-content\/uploads\/2018\/02\/Logo-Royo.png\",\"width\":264,\"height\":128,\"caption\":\"Royo\"},\"image\":{\"@id\":\"https:\/\/www.royogroup.com\/#\/schema\/logo\/image\/\"},\"sameAs\":[\"https:\/\/www.facebook.com\/royogroup\/\",\"https:\/\/www.instagram.com\/royogroup\/\",\"https:\/\/www.linkedin.com\/company\/980832\/\",\"https:\/\/www.pinterest.es\/royogroup\/\",\"https:\/\/www.youtube.com\/user\/RoyoGroup\"]}]}<\/script>\n<!-- \/ Yoast SEO plugin. -->","yoast_head_json":{"title":"Politique de reseaux sociaux &#8902; Royo","robots":{"index":"index","follow":"follow","max-snippet":"max-snippet:-1","max-image-preview":"max-image-preview:large","max-video-preview":"max-video-preview:-1"},"canonical":"https:\/\/www.royogroup.com\/fr\/politique-de-reseaux-sociaux\/","og_locale":"fr_FR","og_type":"article","og_title":"Politique de reseaux sociaux &#8902; Royo","og_description":"[vc_row content_width=\u00a0\u00bbgrid\u00a0\u00bb css=\u00a0\u00bb.vc_custom_1479983057217{padding-top: 110px !important;padding-bottom: 112px !important;}\u00a0\u00bb][vc_column][vc_row_inner][vc_column_inner][vc_column_text]POLITIQUE DE R\u00c9SEAUX SOCIAUX[\/vc_column_text][vc_column_text]POLITIQUE DE R\u00c9SEAUX SOCIAUX Chez Royo, nous sommes conscients que les nouvelles plateformes de communication comme les blogs, les wikis, les...","og_url":"https:\/\/www.royogroup.com\/fr\/politique-de-reseaux-sociaux\/","og_site_name":"Royo","article_publisher":"https:\/\/www.facebook.com\/royogroup\/","article_modified_time":"2018-03-06T15:18:37+00:00","twitter_card":"summary_large_image","twitter_misc":{"Dur\u00e9e de lecture estim\u00e9e":"2 minutes"},"schema":{"@context":"https:\/\/schema.org","@graph":[{"@type":"WebPage","@id":"https:\/\/www.royogroup.com\/fr\/politique-de-reseaux-sociaux\/","url":"https:\/\/www.royogroup.com\/fr\/politique-de-reseaux-sociaux\/","name":"Politique de reseaux sociaux &#8902; Royo","isPartOf":{"@id":"https:\/\/www.royogroup.com\/#website"},"datePublished":"2018-03-06T15:17:56+00:00","dateModified":"2018-03-06T15:18:37+00:00","breadcrumb":{"@id":"https:\/\/www.royogroup.com\/fr\/politique-de-reseaux-sociaux\/#breadcrumb"},"inLanguage":"fr-FR","potentialAction":[{"@type":"ReadAction","target":["https:\/\/www.royogroup.com\/fr\/politique-de-reseaux-sociaux\/"]}]},{"@type":"BreadcrumbList","@id":"https:\/\/www.royogroup.com\/fr\/politique-de-reseaux-sociaux\/#breadcrumb","itemListElement":[{"@type":"ListItem","position":1,"name":"ROYO","item":"https:\/\/www.royogroup.com\/fr\/"},{"@type":"ListItem","position":2,"name":"Politique de reseaux sociaux"}]},{"@type":"WebSite","@id":"https:\/\/www.royogroup.com\/#website","url":"https:\/\/www.royogroup.com\/","name":"Royo","description":"Muebles de Ba\u00f1o","publisher":{"@id":"https:\/\/www.royogroup.com\/#organization"},"potentialAction":[{"@type":"SearchAction","target":{"@type":"EntryPoint","urlTemplate":"https:\/\/www.royogroup.com\/?s={search_term_string}"},"query-input":"required name=search_term_string"}],"inLanguage":"fr-FR"},{"@type":"Organization","@id":"https:\/\/www.royogroup.com\/#organization","name":"Royo","url":"https:\/\/www.royogroup.com\/","logo":{"@type":"ImageObject","inLanguage":"fr-FR","@id":"https:\/\/www.royogroup.com\/#\/schema\/logo\/image\/","url":"https:\/\/www.royogroup.com\/wp-content\/uploads\/2018\/02\/Logo-Royo.png","contentUrl":"https:\/\/www.royogroup.com\/wp-content\/uploads\/2018\/02\/Logo-Royo.png","width":264,"height":128,"caption":"Royo"},"image":{"@id":"https:\/\/www.royogroup.com\/#\/schema\/logo\/image\/"},"sameAs":["https:\/\/www.facebook.com\/royogroup\/","https:\/\/www.instagram.com\/royogroup\/","https:\/\/www.linkedin.com\/company\/980832\/","https:\/\/www.pinterest.es\/royogroup\/","https:\/\/www.youtube.com\/user\/RoyoGroup"]}]}},"_links":{"self":[{"href":"https:\/\/www.royogroup.com\/fr\/wp-json\/wp\/v2\/pages\/10897"}],"collection":[{"href":"https:\/\/www.royogroup.com\/fr\/wp-json\/wp\/v2\/pages"}],"about":[{"href":"https:\/\/www.royogroup.com\/fr\/wp-json\/wp\/v2\/types\/page"}],"author":[{"embeddable":true,"href":"https:\/\/www.royogroup.com\/fr\/wp-json\/wp\/v2\/users\/2"}],"replies":[{"embeddable":true,"href":"https:\/\/www.royogroup.com\/fr\/wp-json\/wp\/v2\/comments?post=10897"}],"version-history":[{"count":2,"href":"https:\/\/www.royogroup.com\/fr\/wp-json\/wp\/v2\/pages\/10897\/revisions"}],"predecessor-version":[{"id":13480,"href":"https:\/\/www.royogroup.com\/fr\/wp-json\/wp\/v2\/pages\/10897\/revisions\/13480"}],"wp:attachment":[{"href":"https:\/\/www.royogroup.com\/fr\/wp-json\/wp\/v2\/media?parent=10897"}],"curies":[{"name":"wp","href":"https:\/\/api.w.org\/{rel}","templated":true}]}}