{"id":24476,"date":"2021-03-23T07:16:17","date_gmt":"2021-03-23T06:16:17","guid":{"rendered":"https:\/\/royogroup.xrunit.com\/?page_id=24476"},"modified":"2022-02-21T10:17:32","modified_gmt":"2022-02-21T09:17:32","slug":"politique-de-confidentialite","status":"publish","type":"page","link":"https:\/\/www.royogroup.com\/fr\/politique-de-confidentialite\/","title":{"rendered":"Politique de Confidentialit\u00e9"},"content":{"rendered":"<div class=\"wpb-content-wrapper\"><p>[vc_row][vc_column][vc_row_inner][vc_column_inner][vc_column_text]<\/p>\n<h2>Politique de Confidentialit\u00e9<\/h2>\n<p>[\/vc_column_text]<div class=\"edgtf-separator-holder clearfix  edgtf-separator-left\">\r\n\t<div class=\"edgtf-separator\" style=\"border-color: #466192;width: 55px;border-bottom-width: 3px\"><\/div>\r\n<\/div>\r\n[vc_column_text]Date de derni\u00e8re mise \u00e0 jour: 11\/02\/2022<\/p>\n<p><strong>QUI EST RESPONSABLE DU TRAITEMENT ?<\/strong><\/p>\n<ul>\n<li>Identit\u00e9 du responsable. Royo Spain SL (CIF: B98777246)<\/li>\n<li>Adresse physique. C\/Rio Vinalopo, 69 \u2013 46930 Quart de Poblet (Valence)<\/li>\n<li>Adresse \u00e9lectronique. info@royogroup.com<\/li>\n<li>T\u00e9l\u00e9phone.\n<ul>\n<li>Informations g\u00e9n\u00e9rales\u00a0: +34 961597660<\/li>\n<li>Informations au point de vente\u00a0: +34 963897373<\/li>\n<li>Informations utilisateur\u00a0: +34 961597410<\/li>\n<\/ul>\n<\/li>\n<\/ul>\n<p><strong>QUELLES DONN\u00c9ES PERSONNELLES TRAITONS-NOUS\u00a0?<\/strong><\/p>\n<p>Dans le cadre des diff\u00e9rents traitements des activit\u00e9s men\u00e9es au sein de l&rsquo;organisation, plusieurs types de donn\u00e9es sont recueillies\u00a0:<\/p>\n<ul>\n<li><strong>Donn\u00e9es d&rsquo;identification<\/strong><\/li>\n<li><strong>Informations commerciales<\/strong><\/li>\n<li><strong>Economique et Financier<\/strong><\/li>\n<\/ul>\n<p><strong>QUEL EST L&rsquo;OBJECTIF DU TRAITEMENT DE VOS DONN\u00c9ES PERSONNELLES ET QUELS SONT LES CAS SP\u00c9CIFIQUES\u00a0?<\/strong><\/p>\n<p>Chez <strong>www.royogroup.com<\/strong>, nous traitons vos donn\u00e9es personnelles aux fins suivantes\u00a0:<\/p>\n<ul>\n<li><strong>Clients\u00a0:<\/strong> assurer la gestion de la vente des biens et services, la facturation, la comptabilit\u00e9, les encaissements, les impay\u00e9s, les offres, les budgets et contrats, le service client, le contact et les relations commerciales.<\/li>\n<li><strong>Contact, distributeurs\u00a0:<\/strong> pour r\u00e9pondre aux demandes d&rsquo;informations re\u00e7ues sur les produits et les services que nous proposons, mais aussi pour r\u00e9pondre \u00e0 tout autre type de demande que nous envoient les utilisateurs<\/li>\n<\/ul>\n<p>Avec les donn\u00e9es personnelles recueillies, nous n&rsquo;\u00e9tablissons pas de profil, nous ne prenons pas de d\u00e9cisions automatiques.<\/p>\n<p><strong>EN QUOI LE TRAITEMENT DES DONN\u00c9ES EST-IL L\u00c9GITIME\u00a0?<\/strong><\/p>\n<p>Au sein de l&rsquo;organisation, nous pouvons traiter les donn\u00e9es \u00e0 caract\u00e8re personnel pour\u00a0:<\/p>\n<ul>\n<li><strong>Respect des obligations l\u00e9gales et r\u00e9glementaires\u00a0: <\/strong>A titre d&rsquo;exemple et non limitatif. Loi G\u00e9n\u00e9rale pour la D\u00e9fense des Consommateurs et Usagers, Loi Fiscale G\u00e9n\u00e9rale, Loi Fiscalit\u00e9 des Entreprises, Loi Audit des Comptes, Loi Taxe sur la Valeur Ajout\u00e9e, Code Civil, Code de Commerce.<\/li>\n<li><strong>Ex\u00e9cution d&rsquo;un contrat\u00a0: <\/strong>informations sur les produits et\/ou services contract\u00e9s, gestion des demandes.<\/li>\n<li><strong>Consentement\u00a0: <\/strong>En acc\u00e9dant \u00e0 notre site internet et en compl\u00e9tant les formulaires ou en nous transmettant vos donn\u00e9es personnelles par le biais des adresses \u00e9lectroniques indiqu\u00e9es, vous acceptez la pr\u00e9sente Politique de Confidentialit\u00e9. C&rsquo;est la raison pour laquelle nous nous basons sur le consentement de l&rsquo;utilisateur pour le traitement de ses donn\u00e9es. De plus, nous vous informons que nous n&rsquo;utiliserons que les donn\u00e9es \u00e0 caract\u00e8re personnel vous concernant en vertu de la pr\u00e9sente Politique de Confidentialit\u00e9 et, s&rsquo;agissant de donn\u00e9es \u00e0 caract\u00e8re g\u00e9n\u00e9ral, nous vous demanderons pr\u00e9alablement votre accord pour les utiliser \u00e0 d&rsquo;autres fins que celles pour lesquelles vous avez donn\u00e9 votre consentement. Enfin, nous vous informons que vous pouvez revenir sur cet accord \u00e0 tout moment. Pour ce faire, il vous suffira de nous contacter par le biais des adresses \u00e9lectroniques indiqu\u00e9es dans la pr\u00e9sente Politique de Confidentialit\u00e9.<\/li>\n<\/ul>\n<p>Pour recevoir des r\u00e9ponses \u00e0 ses demandes, l&rsquo;int\u00e9ress\u00e9 devra fournir les informations obligatoires demand\u00e9es. Dans le cas contraire, sa demande ne pourrait aboutir.<\/p>\n<p>&nbsp;<\/p>\n<p><strong>QUELLE EST LA DUR\u00c9E DE TRAITEMENT DE VOS DONN\u00c9ES PERSONNELLES ?<\/strong><\/p>\n<p>Chez <strong>www.royogroup.com<\/strong>, nous traitons les donn\u00e9es personnelles pendant les dur\u00e9es suivantes\u00a0:<\/p>\n<ul>\n<li>Pendant la p\u00e9riode \u00e9tablie par la loi<\/li>\n<li>Pendant la p\u00e9riode n\u00e9cessaire pour se conformer aux obligations op\u00e9rationnelles<\/li>\n<\/ul>\n<p>Toutes les donn\u00e9es seront conserv\u00e9es pendant toute la dur\u00e9e n\u00e9cessaire aux fins pour lesquelles elles ont \u00e9t\u00e9 recueillies et pour d\u00e9terminer les responsabilit\u00e9s \u00e9ventuelles qui pourraient d\u00e9couler de cette finalit\u00e9 et du traitement des donn\u00e9es, conform\u00e9ment aux r\u00e9glementations expos\u00e9es pr\u00e9c\u00e9demment, ainsi que pendant les p\u00e9riodes indiqu\u00e9es dans la r\u00e9glementation applicable en mati\u00e8re d&rsquo;archivage et de gestion documentaire.<\/p>\n<p><strong>\u00a0<\/strong><\/p>\n<p><strong>AVEC QUI PARTAGEONS-NOUS VOS DONN\u00c9ES PERSONNELLES ?<\/strong><\/p>\n<p>Pour se conformer aux fins d\u00e9crites pr\u00e9c\u00e9demment, nous pouvons partager vos donn\u00e9es personnelles avec les personnes suivantes\u00a0:<\/p>\n<ul>\n<li>Les fournisseurs de services travaillant pour notre compte<\/li>\n<\/ul>\n<p>D&rsquo;une fa\u00e7on g\u00e9n\u00e9rale, nous ne transmettons pas vos donn\u00e9es en dehors de l&rsquo;Espace \u00c9conomique Europ\u00e9en (EEE). Si nous \u00e9tions amen\u00e9s \u00e0 communiquer vos donn\u00e9es en dehors de l&rsquo;Espace \u00c9conomique Europ\u00e9en, L&rsquo;ORGANISATION aura les garanties ad\u00e9quates pour proc\u00e9der \u00e0 ce partage, conform\u00e9ment aux dispositions du RGPD<\/p>\n<p><strong>QUELS DROITS POUVEZ-VOUS EXERCER ?<\/strong><\/p>\n<p>Selon la norme europ\u00e9enne en vigueur, les droits que vous pouvez exercer sont les suivants\u00a0:<\/p>\n<ul>\n<li><strong>Acc\u00e8s<\/strong> Vous avez le droit de demander des informations au responsable d&rsquo;un fichier pour savoir si vos donn\u00e9es personnelles ont \u00e9t\u00e9 trait\u00e9es.<\/li>\n<li><strong>Rectification<\/strong> Ce droit qui permet \u00e0 la personne concern\u00e9e de demander la modification de donn\u00e9es le concernant qui seraient erron\u00e9es ou incompl\u00e8tes.<\/li>\n<li><strong>Opposition<\/strong> Il s&rsquo;agit du droit d&rsquo;une personne de s&rsquo;opposer au traitement de ses donn\u00e9es personnelles ou \u00e0 leur cession.<\/li>\n<li><strong>D\u00e9cisions individuelles automatis\u00e9es<\/strong> Ce droit permet de ne pas faire l&rsquo;objet d&rsquo;une d\u00e9cision bas\u00e9e uniquement sur le traitement automatis\u00e9, y compris le traitement de profils, qui produit des effets juridiques ou qui l&rsquo;affectent significativement de fa\u00e7on comparable<\/li>\n<li><strong>Limitation<\/strong> C&rsquo;est le droit de suspendre le traitement des donn\u00e9es personnelles de l&rsquo;utilisateur dans certains cas<\/li>\n<li><strong>Suppression ou oubli <\/strong>Ce droit permet de supprimer les donn\u00e9es personnelles de l&rsquo;int\u00e9ress\u00e9<\/li>\n<li><strong>Portabilit\u00e9<\/strong> Il s&rsquo;agit du droit de demander au responsable du traitement de transmettre les donn\u00e9es personnelles dans un format structur\u00e9 et clair \u00e0 un autre responsable.<\/li>\n<\/ul>\n<p>&nbsp;<\/p>\n<p>Le d\u00e9lai maximum pour le traitement de la demande est de 30 jours \u00e0 compter se sa r\u00e9ception ; il pourra \u00eatre prolong\u00e9 au maximum de 2 mois si cela s&rsquo;av\u00e9rait n\u00e9cessaire.<\/p>\n<p>Le demandeur peut exercer ses droits par\u00a0:<\/p>\n<ul>\n<li>Courriel adress\u00e9 \u00e0 rgpd@royogroup.com, en fournissant un justificatif d&rsquo;identit\u00e9 (copie recto-verso de sa carte nationale d&rsquo;identit\u00e9 ou \u00e9quivalent)<\/li>\n<li>Courrier postal \u00e0 C\/Rio Vinalopo, 69 \u2013 46930 Quart de Poblet (Valence) en fournissant un justificatif d&rsquo;identit\u00e9 (copie recto-verso de sa carte nationale d&rsquo;identit\u00e9 ou \u00e9quivalent)<\/li>\n<li>Dans tous les cas, il pourra demander la protection de l&rsquo;agence espagnole de protection des donn\u00e9es par le biais de sa <a href=\"http:\/\/www.aepd.es\">page internet<\/a><\/li>\n<\/ul>\n<p>&nbsp;<\/p>\n<p><strong>MODIFICATIONS DE CETTE POLITIQUE DE CONFIDENTIALITE<\/strong><\/p>\n<p>Cette Politique de Confidentialit\u00e9 peut \u00e9ventuellement \u00eatre r\u00e9vis\u00e9e afin de s&rsquo;aligner aux modifications de la l\u00e9gislation en vigueur, de mettre \u00e0 jour les dispositifs de collecte des informations \u00e0 caract\u00e8re personnel et leur utilisation, d&rsquo;\u00eatre applicable \u00e0 de nouveaux services ou \u00e0 la suppression de certains services. Ces modifications entreront en vigueur apr\u00e8s leur publication sur le site internet, il est donc important de prendre r\u00e9guli\u00e8rement connaissance de la pr\u00e9sente Politique de Confidentialit\u00e9 afin de rester inform\u00e9s des changements potentiels.[\/vc_column_text][\/vc_column_inner][\/vc_row_inner][\/vc_column][\/vc_row]<\/p>\n<\/div>","protected":false},"excerpt":{"rendered":"<p>[vc_row][vc_column][vc_row_inner][vc_column_inner][vc_column_text] Politique de Confidentialit\u00e9 [\/vc_column_text][vc_column_text]Date de derni\u00e8re mise \u00e0 jour: 11\/02\/2022 QUI EST RESPONSABLE DU TRAITEMENT ? Identit\u00e9 du responsable. Royo Spain SL (CIF: B98777246) Adresse physique. C\/Rio Vinalopo, 69&#8230;<\/p>\n","protected":false},"author":6,"featured_media":0,"parent":0,"menu_order":0,"comment_status":"closed","ping_status":"closed","template":"","meta":{"inline_featured_image":false,"_exactmetrics_skip_tracking":false,"_exactmetrics_sitenote_active":false,"_exactmetrics_sitenote_note":"","_exactmetrics_sitenote_category":0,"footnotes":""},"yoast_head":"<!-- This site is optimized with the Yoast SEO plugin v22.8 - https:\/\/yoast.com\/wordpress\/plugins\/seo\/ -->\n<title>Politique de Confidentialit\u00e9 &#8902; Royo<\/title>\n<meta name=\"robots\" content=\"index, follow, max-snippet:-1, max-image-preview:large, max-video-preview:-1\" \/>\n<link rel=\"canonical\" href=\"https:\/\/www.royogroup.com\/fr\/politique-de-confidentialite\/\" \/>\n<meta property=\"og:locale\" content=\"fr_FR\" \/>\n<meta property=\"og:type\" content=\"article\" \/>\n<meta property=\"og:title\" content=\"Politique de Confidentialit\u00e9 &#8902; Royo\" \/>\n<meta property=\"og:description\" content=\"[vc_row][vc_column][vc_row_inner][vc_column_inner][vc_column_text] Politique de Confidentialit\u00e9 [\/vc_column_text][vc_column_text]Date de derni\u00e8re mise \u00e0 jour: 11\/02\/2022 QUI EST RESPONSABLE DU TRAITEMENT ? Identit\u00e9 du responsable. Royo Spain SL (CIF: B98777246) Adresse physique. C\/Rio Vinalopo, 69...\" \/>\n<meta property=\"og:url\" content=\"https:\/\/www.royogroup.com\/fr\/politique-de-confidentialite\/\" \/>\n<meta property=\"og:site_name\" content=\"Royo\" \/>\n<meta property=\"article:publisher\" content=\"https:\/\/www.facebook.com\/royogroup\/\" \/>\n<meta property=\"article:modified_time\" content=\"2022-02-21T09:17:32+00:00\" \/>\n<meta name=\"twitter:card\" content=\"summary_large_image\" \/>\n<meta name=\"twitter:label1\" content=\"Dur\u00e9e de lecture estim\u00e9e\" \/>\n\t<meta name=\"twitter:data1\" content=\"6 minutes\" \/>\n<script type=\"application\/ld+json\" class=\"yoast-schema-graph\">{\"@context\":\"https:\/\/schema.org\",\"@graph\":[{\"@type\":\"WebPage\",\"@id\":\"https:\/\/www.royogroup.com\/fr\/politique-de-confidentialite\/\",\"url\":\"https:\/\/www.royogroup.com\/fr\/politique-de-confidentialite\/\",\"name\":\"Politique de Confidentialit\u00e9 &#8902; Royo\",\"isPartOf\":{\"@id\":\"https:\/\/www.royogroup.com\/#website\"},\"datePublished\":\"2021-03-23T06:16:17+00:00\",\"dateModified\":\"2022-02-21T09:17:32+00:00\",\"breadcrumb\":{\"@id\":\"https:\/\/www.royogroup.com\/fr\/politique-de-confidentialite\/#breadcrumb\"},\"inLanguage\":\"fr-FR\",\"potentialAction\":[{\"@type\":\"ReadAction\",\"target\":[\"https:\/\/www.royogroup.com\/fr\/politique-de-confidentialite\/\"]}]},{\"@type\":\"BreadcrumbList\",\"@id\":\"https:\/\/www.royogroup.com\/fr\/politique-de-confidentialite\/#breadcrumb\",\"itemListElement\":[{\"@type\":\"ListItem\",\"position\":1,\"name\":\"ROYO\",\"item\":\"https:\/\/www.royogroup.com\/fr\/\"},{\"@type\":\"ListItem\",\"position\":2,\"name\":\"Politique de Confidentialit\u00e9\"}]},{\"@type\":\"WebSite\",\"@id\":\"https:\/\/www.royogroup.com\/#website\",\"url\":\"https:\/\/www.royogroup.com\/\",\"name\":\"Royo\",\"description\":\"Muebles de Ba\u00f1o\",\"publisher\":{\"@id\":\"https:\/\/www.royogroup.com\/#organization\"},\"potentialAction\":[{\"@type\":\"SearchAction\",\"target\":{\"@type\":\"EntryPoint\",\"urlTemplate\":\"https:\/\/www.royogroup.com\/?s={search_term_string}\"},\"query-input\":\"required name=search_term_string\"}],\"inLanguage\":\"fr-FR\"},{\"@type\":\"Organization\",\"@id\":\"https:\/\/www.royogroup.com\/#organization\",\"name\":\"Royo\",\"url\":\"https:\/\/www.royogroup.com\/\",\"logo\":{\"@type\":\"ImageObject\",\"inLanguage\":\"fr-FR\",\"@id\":\"https:\/\/www.royogroup.com\/#\/schema\/logo\/image\/\",\"url\":\"https:\/\/www.royogroup.com\/wp-content\/uploads\/2018\/02\/Logo-Royo.png\",\"contentUrl\":\"https:\/\/www.royogroup.com\/wp-content\/uploads\/2018\/02\/Logo-Royo.png\",\"width\":264,\"height\":128,\"caption\":\"Royo\"},\"image\":{\"@id\":\"https:\/\/www.royogroup.com\/#\/schema\/logo\/image\/\"},\"sameAs\":[\"https:\/\/www.facebook.com\/royogroup\/\",\"https:\/\/www.instagram.com\/royogroup\/\",\"https:\/\/www.linkedin.com\/company\/980832\/\",\"https:\/\/www.pinterest.es\/royogroup\/\",\"https:\/\/www.youtube.com\/user\/RoyoGroup\"]}]}<\/script>\n<!-- \/ Yoast SEO plugin. -->","yoast_head_json":{"title":"Politique de Confidentialit\u00e9 &#8902; Royo","robots":{"index":"index","follow":"follow","max-snippet":"max-snippet:-1","max-image-preview":"max-image-preview:large","max-video-preview":"max-video-preview:-1"},"canonical":"https:\/\/www.royogroup.com\/fr\/politique-de-confidentialite\/","og_locale":"fr_FR","og_type":"article","og_title":"Politique de Confidentialit\u00e9 &#8902; Royo","og_description":"[vc_row][vc_column][vc_row_inner][vc_column_inner][vc_column_text] Politique de Confidentialit\u00e9 [\/vc_column_text][vc_column_text]Date de derni\u00e8re mise \u00e0 jour: 11\/02\/2022 QUI EST RESPONSABLE DU TRAITEMENT ? Identit\u00e9 du responsable. Royo Spain SL (CIF: B98777246) Adresse physique. C\/Rio Vinalopo, 69...","og_url":"https:\/\/www.royogroup.com\/fr\/politique-de-confidentialite\/","og_site_name":"Royo","article_publisher":"https:\/\/www.facebook.com\/royogroup\/","article_modified_time":"2022-02-21T09:17:32+00:00","twitter_card":"summary_large_image","twitter_misc":{"Dur\u00e9e de lecture estim\u00e9e":"6 minutes"},"schema":{"@context":"https:\/\/schema.org","@graph":[{"@type":"WebPage","@id":"https:\/\/www.royogroup.com\/fr\/politique-de-confidentialite\/","url":"https:\/\/www.royogroup.com\/fr\/politique-de-confidentialite\/","name":"Politique de Confidentialit\u00e9 &#8902; Royo","isPartOf":{"@id":"https:\/\/www.royogroup.com\/#website"},"datePublished":"2021-03-23T06:16:17+00:00","dateModified":"2022-02-21T09:17:32+00:00","breadcrumb":{"@id":"https:\/\/www.royogroup.com\/fr\/politique-de-confidentialite\/#breadcrumb"},"inLanguage":"fr-FR","potentialAction":[{"@type":"ReadAction","target":["https:\/\/www.royogroup.com\/fr\/politique-de-confidentialite\/"]}]},{"@type":"BreadcrumbList","@id":"https:\/\/www.royogroup.com\/fr\/politique-de-confidentialite\/#breadcrumb","itemListElement":[{"@type":"ListItem","position":1,"name":"ROYO","item":"https:\/\/www.royogroup.com\/fr\/"},{"@type":"ListItem","position":2,"name":"Politique de Confidentialit\u00e9"}]},{"@type":"WebSite","@id":"https:\/\/www.royogroup.com\/#website","url":"https:\/\/www.royogroup.com\/","name":"Royo","description":"Muebles de Ba\u00f1o","publisher":{"@id":"https:\/\/www.royogroup.com\/#organization"},"potentialAction":[{"@type":"SearchAction","target":{"@type":"EntryPoint","urlTemplate":"https:\/\/www.royogroup.com\/?s={search_term_string}"},"query-input":"required name=search_term_string"}],"inLanguage":"fr-FR"},{"@type":"Organization","@id":"https:\/\/www.royogroup.com\/#organization","name":"Royo","url":"https:\/\/www.royogroup.com\/","logo":{"@type":"ImageObject","inLanguage":"fr-FR","@id":"https:\/\/www.royogroup.com\/#\/schema\/logo\/image\/","url":"https:\/\/www.royogroup.com\/wp-content\/uploads\/2018\/02\/Logo-Royo.png","contentUrl":"https:\/\/www.royogroup.com\/wp-content\/uploads\/2018\/02\/Logo-Royo.png","width":264,"height":128,"caption":"Royo"},"image":{"@id":"https:\/\/www.royogroup.com\/#\/schema\/logo\/image\/"},"sameAs":["https:\/\/www.facebook.com\/royogroup\/","https:\/\/www.instagram.com\/royogroup\/","https:\/\/www.linkedin.com\/company\/980832\/","https:\/\/www.pinterest.es\/royogroup\/","https:\/\/www.youtube.com\/user\/RoyoGroup"]}]}},"_links":{"self":[{"href":"https:\/\/www.royogroup.com\/fr\/wp-json\/wp\/v2\/pages\/24476"}],"collection":[{"href":"https:\/\/www.royogroup.com\/fr\/wp-json\/wp\/v2\/pages"}],"about":[{"href":"https:\/\/www.royogroup.com\/fr\/wp-json\/wp\/v2\/types\/page"}],"author":[{"embeddable":true,"href":"https:\/\/www.royogroup.com\/fr\/wp-json\/wp\/v2\/users\/6"}],"replies":[{"embeddable":true,"href":"https:\/\/www.royogroup.com\/fr\/wp-json\/wp\/v2\/comments?post=24476"}],"version-history":[{"count":4,"href":"https:\/\/www.royogroup.com\/fr\/wp-json\/wp\/v2\/pages\/24476\/revisions"}],"predecessor-version":[{"id":28671,"href":"https:\/\/www.royogroup.com\/fr\/wp-json\/wp\/v2\/pages\/24476\/revisions\/28671"}],"wp:attachment":[{"href":"https:\/\/www.royogroup.com\/fr\/wp-json\/wp\/v2\/media?parent=24476"}],"curies":[{"name":"wp","href":"https:\/\/api.w.org\/{rel}","templated":true}]}}