{"id":28688,"date":"2018-01-27T15:45:51","date_gmt":"2018-01-27T14:45:51","guid":{"rendered":"https:\/\/royogroup.xrunit.com\/nosotros\/"},"modified":"2022-02-21T14:02:52","modified_gmt":"2022-02-21T13:02:52","slug":"a-propos-de-nous","status":"publish","type":"page","link":"https:\/\/www.royogroup.com\/fr\/a-propos-de-nous\/","title":{"rendered":"\u00c0 propos de nous"},"content":{"rendered":"<div class=\"wpb-content-wrapper\"><p>[vc_section full_width=\u00a0\u00bbstretch_row\u00a0\u00bb css=\u00a0\u00bb.vc_custom_1644248896089{margin-top: 60px !important;background-image: url(https:\/\/www.royogroup.com\/wp-content\/uploads\/2022\/02\/IMAGEN_Nosotros.jpg?id=27987) !important;background-position: center !important;background-repeat: no-repeat !important;background-size: cover !important;}\u00a0\u00bb][vc_row][vc_column][vc_empty_space height=\u00a0\u00bb60px\u00a0\u00bb][vc_column_text]<\/p>\n<h3><span style=\"color: #003057;\">Nous c\u00e9l\u00e9brons 50 ans<\/span><\/h3>\n<p>[\/vc_column_text][vc_empty_space height=\u00a0\u00bb20px\u00a0\u00bb][vc_column_text el_class=\u00a0\u00bbtext-quienes-somos\u00a0\u00bb]<span style=\"color: #003057;\">50 ans sentant le bois. 50 ans que nous sommes une \u00e9quipe. 50 ans de fabrication de meubles. 50 ans \u00e0 imaginer des tendances. 50 ans d\u2019innovation. 50 ans \u00e0 \u00e9voluer de mani\u00e8re durable. 50 ans de croissance \u00e0 vos c\u00f4t\u00e9s. 50 ans de partage d\u2019histoires. 50 ans que nous sommes une source d\u2019inspiration pour les foyers. 50 ans que nous sommes Royo.<\/span><\/p>\n<p><span style=\"color: #003057;\">Cela fait 50 ans que nous avons commenc\u00e9 \u00e0 partager nos r\u00eaves et nos projets avec vous, et nous voulons continuer \u00e0 c\u00e9l\u00e9brer de nombreux autres moments ensemble. Nous ne perdrons jamais notre enthousiasme et notre d\u00e9sir de vous surprendre et de vous s\u00e9duire avec nos collections. Nous sommes heureux de pouvoir trinquer \u00e0 la consolidation d\u2019un r\u00eave devenu r\u00e9alit\u00e9 apr\u00e8s tant d\u2019ann\u00e9es. Merci de faire partie des 50 ans d\u2019histoire de Royo.<\/span>[\/vc_column_text][\/vc_column][\/vc_row][vc_row css=\u00a0\u00bb.vc_custom_1593592839763{padding-top: 60px !important;padding-bottom: 60px !important;}\u00a0\u00bb][vc_column width=\u00a0\u00bb1\/4&Prime;][vc_column_text el_class=\u00a0\u00bbinfo-quienes-somos\u00a0\u00bb]<span style=\"color: #003057;\">+ 50<\/span>[\/vc_column_text][vc_column_text el_class=\u00a0\u00bbinfo-text-quienes-somos\u00a0\u00bb]<span style=\"color: #003057;\">ans d&rsquo;histoire<\/span>[\/vc_column_text][\/vc_column][vc_column width=\u00a0\u00bb1\/4&Prime;][vc_column_text el_class=\u00a0\u00bbinfo-quienes-somos\u00a0\u00bb]<span style=\"color: #003057;\">+ 980<\/span>[\/vc_column_text][vc_column_text el_class=\u00a0\u00bbinfo-text-quienes-somos\u00a0\u00bb]<span style=\"color: #003057;\">employ\u00e9s<\/span>[\/vc_column_text][\/vc_column][vc_column width=\u00a0\u00bb1\/4&Prime;][vc_column_text el_class=\u00a0\u00bbinfo-quienes-somos\u00a0\u00bb]<span style=\"color: #003057;\">+ 100<\/span>[\/vc_column_text][vc_column_text el_class=\u00a0\u00bbinfo-text-quienes-somos\u00a0\u00bb]<span style=\"color: #003057;\">pays<\/span>[\/vc_column_text][\/vc_column][vc_column width=\u00a0\u00bb1\/4&Prime;][vc_column_text el_class=\u00a0\u00bbinfo-quienes-somos\u00a0\u00bb]<span style=\"color: #003057;\">+ 15.000<\/span>[\/vc_column_text][vc_column_text el_class=\u00a0\u00bbinfo-text-quienes-somos\u00a0\u00bb]<span style=\"color: #003057;\">points de vente<\/span>[\/vc_column_text][\/vc_column][\/vc_row][\/vc_section][vc_section full_width=\u00a0\u00bbstretch_row\u00a0\u00bb content_placement=\u00a0\u00bbmiddle\u00a0\u00bb css=\u00a0\u00bb.vc_custom_1644227065626{padding-top: 60px !important;padding-bottom: 60px !important;background-color: #d6d1ca !important;}\u00a0\u00bb][vc_row content_width=\u00a0\u00bbgrid\u00a0\u00bb][vc_column][vc_column_text css=\u00a0\u00bb.vc_custom_1644853744870{margin-bottom: 20px !important;}\u00a0\u00bb el_class=\u00a0\u00bbtitle-quienes-somos\u00a0\u00bb]<\/p>\n<h3><span style=\"color: #003057;\">Notre histoire<\/span><\/h3>\n<p>[\/vc_column_text][\/vc_column][\/vc_row][vc_row content_aligment=\u00a0\u00bbcenter\u00a0\u00bb][vc_column css=\u00a0\u00bb.vc_custom_1644388214032{padding-right: 0px !important;padding-left: 0px !important;}\u00a0\u00bb][vc_single_image image=\u00a0\u00bb29198&Prime; img_size=\u00a0\u00bbfull\u00a0\u00bb alignment=\u00a0\u00bbcenter\u00a0\u00bb][\/vc_column][\/vc_row][\/vc_section][vc_section css=\u00a0\u00bb.vc_custom_1593594692643{padding-top: 60px !important;padding-bottom: 60px !important;}\u00a0\u00bb][vc_row][vc_column][vc_column_text css=\u00a0\u00bb.vc_custom_1645098895799{margin-bottom: 20px !important;}\u00a0\u00bb el_class=\u00a0\u00bbtitle-quienes-somos\u00a0\u00bb]<\/p>\n<h3><span style=\"color: #003057;\">L&rsquo;essence de la marque Royo<\/span><\/h3>\n<p>[\/vc_column_text][vc_empty_space height=\u00a0\u00bb40px\u00a0\u00bb][\/vc_column][\/vc_row][vc_row][vc_column width=\u00a0\u00bb1\/2&Prime;][vc_column_text]<\/p>\n<h4><span style=\"color: #003057;\">L&rsquo;innovation, un chemin<\/span><\/h4>\n<h4><span style=\"color: #003057;\">entre inspiration et cr\u00e9ativit\u00e9<\/span><\/h4>\n<p>[\/vc_column_text][vc_empty_space height=\u00a0\u00bb20px\u00a0\u00bb][vc_column_text]<span style=\"color: #003057;\">Nous ne savons pas comment, et nous ne voulons pas rester immobiles. Nous sommes passionn\u00e9s par ce que nous faisons, et c\u2019est pourquoi nous nous effor\u00e7ons chaque ann\u00e9e de nous surpasser en concevant de nouveaux produits innovants, avant-gardistes et inspirants.<\/span><\/p>\n<p><span style=\"color: #003057;\">Les nombreux brevets industriels dont nous disposons chez Royo et les \u00ab\u00a0best sellers\u00a0\u00bb dans diff\u00e9rents segments du march\u00e9 peuvent en t\u00e9moigner.<\/span><\/p>\n<p><span style=\"color: #003057;\">Nous voulons \u00eatre votre source d\u2019inspiration et vous aider \u00e0 cr\u00e9er des refuges personnels gr\u00e2ce \u00e0 nos meubles de salle de bains d\u00e9velopp\u00e9s avec les derni\u00e8res technologies et les derniers designs.<\/span>[\/vc_column_text][\/vc_column][vc_column width=\u00a0\u00bb1\/2&Prime;][vc_single_image image=\u00a0\u00bb27098&Prime; img_size=\u00a0\u00bbfull\u00a0\u00bb][\/vc_column][\/vc_row][vc_row][vc_column width=\u00a0\u00bb1\/2&Prime;][vc_empty_space height=\u00a0\u00bb100px\u00a0\u00bb][vc_single_image image=\u00a0\u00bb27103&Prime; img_size=\u00a0\u00bbfull\u00a0\u00bb][\/vc_column][vc_column width=\u00a0\u00bb1\/2&Prime;][vc_empty_space height=\u00a0\u00bb100px\u00a0\u00bb][vc_column_text]<\/p>\n<h4><span style=\"color: #003057;\">L&rsquo;am\u00e9lioration continue,<\/span><\/h4>\n<h4><span style=\"color: #003057;\">une question d&rsquo;adaptation<\/span><\/h4>\n<p>[\/vc_column_text][vc_empty_space height=\u00a0\u00bb20px\u00a0\u00bb][vc_column_text]<span style=\"color: #003057;\">Nous nous sommes adapt\u00e9s \u00e0 tous les changements qui se sont pr\u00e9sent\u00e9s \u00e0 nous afin de relever le d\u00e9fi d\u2019\u00eatre meilleurs, plus efficaces, plus rentables et plus innovants, sans perdre de vue nos valeurs.<\/span><\/p>\n<p><span style=\"color: #003057;\">Nous sommes pionniers dans notre secteur dans la mise en \u0153uvre du \u00ab\u00a0Lean Manufacturing\u00a0\u00bb et nous continuons \u00e0 travailler sur l\u2019am\u00e9lioration continue, contribuant ainsi \u00e0 l\u2019efficacit\u00e9 et \u00e0 la qualit\u00e9 de nos produits Royo.<\/span>[\/vc_column_text][\/vc_column][\/vc_row][vc_row][vc_column width=\u00a0\u00bb1\/2&Prime;][vc_empty_space height=\u00a0\u00bb100px\u00a0\u00bb][vc_column_text]<\/p>\n<h4><span style=\"color: #003057;\">Le d\u00e9veloppement durable, notre h\u00e9ritage<\/span><\/h4>\n<h4><span style=\"color: #003057;\">pour les g\u00e9n\u00e9rations futures<\/span><\/h4>\n<p>[\/vc_column_text][vc_empty_space height=\u00a0\u00bb20px\u00a0\u00bb][vc_column_text]<span style=\"color: #003057;\">La marque Royo s\u2019engage \u00e0 respecter et \u00e0 prot\u00e9ger les droits de l\u2019homme et l\u2019environnement tout au long de la cha\u00eene de valeurs.\u00a0<\/span><\/p>\n<p><span style=\"color: #003057;\">Gr\u00e2ce \u00e0 cette philosophie, Royo s\u2019aligne sur les objectifs de d\u00e9veloppement durable des Nations unies en suivant son plan de d\u00e9veloppement durable.<\/span>[\/vc_column_text][\/vc_column][vc_column width=\u00a0\u00bb1\/2&Prime;][vc_empty_space height=\u00a0\u00bb100px\u00a0\u00bb][vc_single_image image=\u00a0\u00bb27108&Prime; img_size=\u00a0\u00bbfull\u00a0\u00bb][\/vc_column][\/vc_row][vc_row][vc_column width=\u00a0\u00bb1\/2&Prime;][vc_empty_space height=\u00a0\u00bb100px\u00a0\u00bb][vc_single_image image=\u00a0\u00bb27113&Prime; img_size=\u00a0\u00bbfull\u00a0\u00bb][\/vc_column][vc_column width=\u00a0\u00bb1\/2&Prime;][vc_empty_space height=\u00a0\u00bb100px\u00a0\u00bb][vc_column_text]<\/p>\n<h4><span style=\"color: #003057;\">Les personnes, le talent <\/span><span style=\"color: #003057;\">de Royo<\/span><\/h4>\n<p>[\/vc_column_text][vc_empty_space height=\u00a0\u00bb20px\u00a0\u00bb][vc_column_text]<span style=\"color: #003057;\">Dans un environnement en constante \u00e9volution, le talent est l\u2019un de nos principaux atouts, et nous en prenons soin afin d\u2019\u00e9tablir avec notre \u00e9quipe une relation qui g\u00e9n\u00e8re un climat de bien-\u00eatre et d\u2019engagement.<\/span><\/p>\n<p><span style=\"color: #003057;\">Chez Royo, l\u2019esprit d\u2019\u00e9quipe est profond\u00e9ment ancr\u00e9 dans notre philosophie. Toute l\u2019organisation est orient\u00e9e vers la promotion de la coordination de nos employ\u00e9s, le partage des connaissances, des exp\u00e9riences et des efforts, gr\u00e2ce au soutien et \u00e0 la collaboration qui existent entre coll\u00e8gues.<\/span><\/p>\n<p><span style=\"color: #003057;\">Un lien qui va au-del\u00e0 du travail. C\u2019est un voyage que nous entreprenons ensemble, en alignant nos attentes, afin d\u2019\u00e9voluer ensemble.<\/span>[\/vc_column_text][\/vc_column][\/vc_row][\/vc_section]<\/p>\n<\/div>","protected":false},"excerpt":{"rendered":"<p>[vc_section full_width=\u00a0\u00bbstretch_row\u00a0\u00bb css=\u00a0\u00bb.vc_custom_1644248896089{margin-top: 60px !important;background-image: url(https:\/\/www.royogroup.com\/wp-content\/uploads\/2022\/02\/IMAGEN_Nosotros.jpg?id=27987) !important;background-position: center !important;background-repeat: no-repeat !important;background-size: cover !important;}\u00a0\u00bb][vc_row][vc_column][vc_empty_space height=\u00a0\u00bb60px\u00a0\u00bb][vc_column_text] Nous c\u00e9l\u00e9brons 50 ans [\/vc_column_text][vc_empty_space height=\u00a0\u00bb20px\u00a0\u00bb][vc_column_text el_class=\u00a0\u00bbtext-quienes-somos\u00a0\u00bb]50 ans sentant le bois. 50 ans que nous sommes&#8230;<\/p>\n","protected":false},"author":2,"featured_media":0,"parent":0,"menu_order":0,"comment_status":"closed","ping_status":"closed","template":"","meta":{"inline_featured_image":false,"_exactmetrics_skip_tracking":false,"_exactmetrics_sitenote_active":false,"_exactmetrics_sitenote_note":"","_exactmetrics_sitenote_category":0,"footnotes":""},"yoast_head":"<!-- This site is optimized with the Yoast SEO plugin v22.8 - https:\/\/yoast.com\/wordpress\/plugins\/seo\/ -->\n<title>\u00c0 propos de nous &#8902; Royo<\/title>\n<meta name=\"description\" content=\"50 ans sentant le bois. 50 ans que nous sommes une \u00e9quipe. 50 ans de fabrication de meubles. 50 ans \u00e0 imaginer des tendances. 50 ans d\u2019innovation. 50 ans \u00e0 \u00e9voluer de mani\u00e8re durable. 50 ans de croissance \u00e0 vos c\u00f4t\u00e9s. 50 ans de partage d\u2019histoires. 50 ans que nous sommes une source d\u2019inspiration pour les foyers. 50 ans que nous sommes Royo.\" \/>\n<meta name=\"robots\" content=\"index, follow, max-snippet:-1, max-image-preview:large, max-video-preview:-1\" \/>\n<link rel=\"canonical\" href=\"https:\/\/www.royogroup.com\/fr\/a-propos-de-nous\/\" \/>\n<meta property=\"og:locale\" content=\"fr_FR\" \/>\n<meta property=\"og:type\" content=\"article\" \/>\n<meta property=\"og:title\" content=\"\u00c0 propos de nous &#8902; Royo\" \/>\n<meta property=\"og:description\" content=\"50 ans sentant le bois. 50 ans que nous sommes une \u00e9quipe. 50 ans de fabrication de meubles. 50 ans \u00e0 imaginer des tendances. 50 ans d\u2019innovation. 50 ans \u00e0 \u00e9voluer de mani\u00e8re durable. 50 ans de croissance \u00e0 vos c\u00f4t\u00e9s. 50 ans de partage d\u2019histoires. 50 ans que nous sommes une source d\u2019inspiration pour les foyers. 50 ans que nous sommes Royo.\" \/>\n<meta property=\"og:url\" content=\"https:\/\/www.royogroup.com\/fr\/a-propos-de-nous\/\" \/>\n<meta property=\"og:site_name\" content=\"Royo\" \/>\n<meta property=\"article:publisher\" content=\"https:\/\/www.facebook.com\/royogroup\/\" \/>\n<meta property=\"article:modified_time\" content=\"2022-02-21T13:02:52+00:00\" \/>\n<meta name=\"twitter:card\" content=\"summary_large_image\" \/>\n<meta name=\"twitter:label1\" content=\"Dur\u00e9e de lecture estim\u00e9e\" \/>\n\t<meta name=\"twitter:data1\" content=\"5 minutes\" \/>\n<script type=\"application\/ld+json\" class=\"yoast-schema-graph\">{\"@context\":\"https:\/\/schema.org\",\"@graph\":[{\"@type\":\"WebPage\",\"@id\":\"https:\/\/www.royogroup.com\/fr\/a-propos-de-nous\/\",\"url\":\"https:\/\/www.royogroup.com\/fr\/a-propos-de-nous\/\",\"name\":\"\u00c0 propos de nous &#8902; Royo\",\"isPartOf\":{\"@id\":\"https:\/\/www.royogroup.com\/#website\"},\"datePublished\":\"2018-01-27T14:45:51+00:00\",\"dateModified\":\"2022-02-21T13:02:52+00:00\",\"description\":\"50 ans sentant le bois. 50 ans que nous sommes une \u00e9quipe. 50 ans de fabrication de meubles. 50 ans \u00e0 imaginer des tendances. 50 ans d\u2019innovation. 50 ans \u00e0 \u00e9voluer de mani\u00e8re durable. 50 ans de croissance \u00e0 vos c\u00f4t\u00e9s. 50 ans de partage d\u2019histoires. 50 ans que nous sommes une source d\u2019inspiration pour les foyers. 50 ans que nous sommes Royo.\",\"breadcrumb\":{\"@id\":\"https:\/\/www.royogroup.com\/fr\/a-propos-de-nous\/#breadcrumb\"},\"inLanguage\":\"fr-FR\",\"potentialAction\":[{\"@type\":\"ReadAction\",\"target\":[\"https:\/\/www.royogroup.com\/fr\/a-propos-de-nous\/\"]}]},{\"@type\":\"BreadcrumbList\",\"@id\":\"https:\/\/www.royogroup.com\/fr\/a-propos-de-nous\/#breadcrumb\",\"itemListElement\":[{\"@type\":\"ListItem\",\"position\":1,\"name\":\"ROYO\",\"item\":\"https:\/\/www.royogroup.com\/fr\/\"},{\"@type\":\"ListItem\",\"position\":2,\"name\":\"\u00c0 propos de nous\"}]},{\"@type\":\"WebSite\",\"@id\":\"https:\/\/www.royogroup.com\/#website\",\"url\":\"https:\/\/www.royogroup.com\/\",\"name\":\"Royo\",\"description\":\"Muebles de Ba\u00f1o\",\"publisher\":{\"@id\":\"https:\/\/www.royogroup.com\/#organization\"},\"potentialAction\":[{\"@type\":\"SearchAction\",\"target\":{\"@type\":\"EntryPoint\",\"urlTemplate\":\"https:\/\/www.royogroup.com\/?s={search_term_string}\"},\"query-input\":\"required name=search_term_string\"}],\"inLanguage\":\"fr-FR\"},{\"@type\":\"Organization\",\"@id\":\"https:\/\/www.royogroup.com\/#organization\",\"name\":\"Royo\",\"url\":\"https:\/\/www.royogroup.com\/\",\"logo\":{\"@type\":\"ImageObject\",\"inLanguage\":\"fr-FR\",\"@id\":\"https:\/\/www.royogroup.com\/#\/schema\/logo\/image\/\",\"url\":\"https:\/\/www.royogroup.com\/wp-content\/uploads\/2018\/02\/Logo-Royo.png\",\"contentUrl\":\"https:\/\/www.royogroup.com\/wp-content\/uploads\/2018\/02\/Logo-Royo.png\",\"width\":264,\"height\":128,\"caption\":\"Royo\"},\"image\":{\"@id\":\"https:\/\/www.royogroup.com\/#\/schema\/logo\/image\/\"},\"sameAs\":[\"https:\/\/www.facebook.com\/royogroup\/\",\"https:\/\/www.instagram.com\/royogroup\/\",\"https:\/\/www.linkedin.com\/company\/980832\/\",\"https:\/\/www.pinterest.es\/royogroup\/\",\"https:\/\/www.youtube.com\/user\/RoyoGroup\"]}]}<\/script>\n<!-- \/ Yoast SEO plugin. -->","yoast_head_json":{"title":"\u00c0 propos de nous &#8902; Royo","description":"50 ans sentant le bois. 50 ans que nous sommes une \u00e9quipe. 50 ans de fabrication de meubles. 50 ans \u00e0 imaginer des tendances. 50 ans d\u2019innovation. 50 ans \u00e0 \u00e9voluer de mani\u00e8re durable. 50 ans de croissance \u00e0 vos c\u00f4t\u00e9s. 50 ans de partage d\u2019histoires. 50 ans que nous sommes une source d\u2019inspiration pour les foyers. 50 ans que nous sommes Royo.","robots":{"index":"index","follow":"follow","max-snippet":"max-snippet:-1","max-image-preview":"max-image-preview:large","max-video-preview":"max-video-preview:-1"},"canonical":"https:\/\/www.royogroup.com\/fr\/a-propos-de-nous\/","og_locale":"fr_FR","og_type":"article","og_title":"\u00c0 propos de nous &#8902; Royo","og_description":"50 ans sentant le bois. 50 ans que nous sommes une \u00e9quipe. 50 ans de fabrication de meubles. 50 ans \u00e0 imaginer des tendances. 50 ans d\u2019innovation. 50 ans \u00e0 \u00e9voluer de mani\u00e8re durable. 50 ans de croissance \u00e0 vos c\u00f4t\u00e9s. 50 ans de partage d\u2019histoires. 50 ans que nous sommes une source d\u2019inspiration pour les foyers. 50 ans que nous sommes Royo.","og_url":"https:\/\/www.royogroup.com\/fr\/a-propos-de-nous\/","og_site_name":"Royo","article_publisher":"https:\/\/www.facebook.com\/royogroup\/","article_modified_time":"2022-02-21T13:02:52+00:00","twitter_card":"summary_large_image","twitter_misc":{"Dur\u00e9e de lecture estim\u00e9e":"5 minutes"},"schema":{"@context":"https:\/\/schema.org","@graph":[{"@type":"WebPage","@id":"https:\/\/www.royogroup.com\/fr\/a-propos-de-nous\/","url":"https:\/\/www.royogroup.com\/fr\/a-propos-de-nous\/","name":"\u00c0 propos de nous &#8902; Royo","isPartOf":{"@id":"https:\/\/www.royogroup.com\/#website"},"datePublished":"2018-01-27T14:45:51+00:00","dateModified":"2022-02-21T13:02:52+00:00","description":"50 ans sentant le bois. 50 ans que nous sommes une \u00e9quipe. 50 ans de fabrication de meubles. 50 ans \u00e0 imaginer des tendances. 50 ans d\u2019innovation. 50 ans \u00e0 \u00e9voluer de mani\u00e8re durable. 50 ans de croissance \u00e0 vos c\u00f4t\u00e9s. 50 ans de partage d\u2019histoires. 50 ans que nous sommes une source d\u2019inspiration pour les foyers. 50 ans que nous sommes Royo.","breadcrumb":{"@id":"https:\/\/www.royogroup.com\/fr\/a-propos-de-nous\/#breadcrumb"},"inLanguage":"fr-FR","potentialAction":[{"@type":"ReadAction","target":["https:\/\/www.royogroup.com\/fr\/a-propos-de-nous\/"]}]},{"@type":"BreadcrumbList","@id":"https:\/\/www.royogroup.com\/fr\/a-propos-de-nous\/#breadcrumb","itemListElement":[{"@type":"ListItem","position":1,"name":"ROYO","item":"https:\/\/www.royogroup.com\/fr\/"},{"@type":"ListItem","position":2,"name":"\u00c0 propos de nous"}]},{"@type":"WebSite","@id":"https:\/\/www.royogroup.com\/#website","url":"https:\/\/www.royogroup.com\/","name":"Royo","description":"Muebles de Ba\u00f1o","publisher":{"@id":"https:\/\/www.royogroup.com\/#organization"},"potentialAction":[{"@type":"SearchAction","target":{"@type":"EntryPoint","urlTemplate":"https:\/\/www.royogroup.com\/?s={search_term_string}"},"query-input":"required name=search_term_string"}],"inLanguage":"fr-FR"},{"@type":"Organization","@id":"https:\/\/www.royogroup.com\/#organization","name":"Royo","url":"https:\/\/www.royogroup.com\/","logo":{"@type":"ImageObject","inLanguage":"fr-FR","@id":"https:\/\/www.royogroup.com\/#\/schema\/logo\/image\/","url":"https:\/\/www.royogroup.com\/wp-content\/uploads\/2018\/02\/Logo-Royo.png","contentUrl":"https:\/\/www.royogroup.com\/wp-content\/uploads\/2018\/02\/Logo-Royo.png","width":264,"height":128,"caption":"Royo"},"image":{"@id":"https:\/\/www.royogroup.com\/#\/schema\/logo\/image\/"},"sameAs":["https:\/\/www.facebook.com\/royogroup\/","https:\/\/www.instagram.com\/royogroup\/","https:\/\/www.linkedin.com\/company\/980832\/","https:\/\/www.pinterest.es\/royogroup\/","https:\/\/www.youtube.com\/user\/RoyoGroup"]}]}},"_links":{"self":[{"href":"https:\/\/www.royogroup.com\/fr\/wp-json\/wp\/v2\/pages\/28688"}],"collection":[{"href":"https:\/\/www.royogroup.com\/fr\/wp-json\/wp\/v2\/pages"}],"about":[{"href":"https:\/\/www.royogroup.com\/fr\/wp-json\/wp\/v2\/types\/page"}],"author":[{"embeddable":true,"href":"https:\/\/www.royogroup.com\/fr\/wp-json\/wp\/v2\/users\/2"}],"replies":[{"embeddable":true,"href":"https:\/\/www.royogroup.com\/fr\/wp-json\/wp\/v2\/comments?post=28688"}],"version-history":[{"count":7,"href":"https:\/\/www.royogroup.com\/fr\/wp-json\/wp\/v2\/pages\/28688\/revisions"}],"predecessor-version":[{"id":29480,"href":"https:\/\/www.royogroup.com\/fr\/wp-json\/wp\/v2\/pages\/28688\/revisions\/29480"}],"wp:attachment":[{"href":"https:\/\/www.royogroup.com\/fr\/wp-json\/wp\/v2\/media?parent=28688"}],"curies":[{"name":"wp","href":"https:\/\/api.w.org\/{rel}","templated":true}]}}