{"id":28702,"date":"2022-01-25T10:52:55","date_gmt":"2022-01-25T09:52:55","guid":{"rendered":"https:\/\/royogroup.xrunit.com\/sostenibilidad\/"},"modified":"2023-05-04T12:47:11","modified_gmt":"2023-05-04T10:47:11","slug":"durabilite-2","status":"publish","type":"page","link":"https:\/\/www.royogroup.com\/fr\/durabilite-2\/","title":{"rendered":"Durabilit\u00e9"},"content":{"rendered":"<div class=\"wpb-content-wrapper\"><p>[vc_section full_width=\u00a0\u00bbstretch_row\u00a0\u00bb css=\u00a0\u00bb.vc_custom_1644326173795{background-image: url(https:\/\/www.royogroup.com\/wp-content\/uploads\/2022\/02\/Sostenibilidad.jpg?id=28387) !important;background-position: center !important;background-repeat: no-repeat !important;background-size: cover !important;}\u00a0\u00bb][vc_row css=\u00a0\u00bb.vc_custom_1644326183643{padding-top: 100px !important;padding-bottom: 135px !important;}\u00a0\u00bb][vc_column][vc_column_text]<\/p>\n<h3><span style=\"color: #003057;\">Notre engagement<\/span><\/h3>\n<p>[\/vc_column_text][vc_empty_space height=\u00a0\u00bb20px\u00a0\u00bb][vc_column_text]<span style=\"color: #003057;\">Nous travaillons dans un environnement commercial en constante transformation. C\u2019est pourquoi, chez Royo, nous sommes convaincus que le fait d\u2019opter pour un mod\u00e8le commercial durable nous permettra de mieux nous positionner par rapport \u00e0 la concurrence et d\u2019identifier et g\u00e9rer les nouveaux risques et opportunit\u00e9s dans une perspective plus large.<\/span><\/p>\n<p><span style=\"color: #003057;\">Pour la marque Royo, le mot \u00ab durabilit\u00e9 \u00bb prend de plus en plus d\u2019importance. La preuve en est le plan directeur qui a \u00e9t\u00e9 mis en \u0153uvre pour atteindre les objectifs d\u2019am\u00e9lioration. Nous sommes une marque engag\u00e9e sur trois piliers fondamentaux : l\u2019environnement, le social et la gouvernance. Notre vision est de laisser un monde meilleur aux g\u00e9n\u00e9rations futures.<\/span>[\/vc_column_text][\/vc_column][\/vc_row][\/vc_section][vc_section full_width=\u00a0\u00bbstretch_row\u00a0\u00bb css=\u00a0\u00bb.vc_custom_1644392902360{padding-top: 60px !important;padding-bottom: 60px !important;background-color: #ffffff !important;}\u00a0\u00bb][vc_row content_aligment=\u00a0\u00bbcenter\u00a0\u00bb][vc_column][vc_single_image image=\u00a0\u00bb29182&Prime; img_size=\u00a0\u00bb470&#215;242&Prime; alignment=\u00a0\u00bbcenter\u00a0\u00bb][\/vc_column][\/vc_row][\/vc_section][vc_section][vc_row][vc_column width=\u00a0\u00bb1\/2&Prime;][vc_empty_space height=\u00a0\u00bb40px\u00a0\u00bb][vc_column_text]<\/p>\n<h4><span style=\"color: #003057;\">L&rsquo;environnement, notre h\u00e9ritage<\/span><br \/>\n<span style=\"color: #003057;\">pour les g\u00e9n\u00e9rations futures<\/span><\/h4>\n<p>[\/vc_column_text][vc_empty_space height=\u00a0\u00bb20px\u00a0\u00bb][vc_single_image image=\u00a0\u00bb27053&Prime; img_size=\u00a0\u00bbfull\u00a0\u00bb][\/vc_column][vc_column width=\u00a0\u00bb1\/2&Prime;][vc_empty_space height=\u00a0\u00bb120px\u00a0\u00bb][vc_column_text]<span style=\"color: #003057;\">Le pilier environnemental comprend la gestion efficace des ressources naturelles dans l\u2019activit\u00e9 productive, permettant leur pr\u00e9servation pour les besoins futurs.<\/span><\/p>\n<p><span style=\"color: #003057;\">Dans ce domaine, nous soulignons nos efforts de num\u00e9risation des processus de production, qui ont permis d\u2019augmenter \u00e0 la fois l\u2019efficacit\u00e9 de la consommation de mati\u00e8res premi\u00e8res et l\u2019optimisation des temps de travail et de la productivit\u00e9, contribuant ainsi \u00e0 la r\u00e9duction des d\u00e9chets g\u00e9n\u00e9r\u00e9s.<\/span><\/p>\n<p><span style=\"color: #003057;\">Conscients de notre impact sur l\u2019environnement, nous nous engageons \u00e0 une am\u00e9lioration continue et syst\u00e9matique dans ce domaine. D\u2019ici 2025, nous visons non seulement \u00e0 r\u00e9duire notre impact n\u00e9gatif, mais aussi, dans la mesure du possible, \u00e0 avoir un effet positif sur l\u2019environnement, notamment en termes d\u2019\u00e9missions de GES.<\/span>[\/vc_column_text][vc_empty_space height=\u00a0\u00bb30px\u00a0\u00bb][vc_gallery type=\u00a0\u00bbimage_grid\u00a0\u00bb images=\u00a0\u00bb29155,29139,29143,29159&Prime; img_size=\u00a0\u00bb120&#215;120&Prime; el_class=\u00a0\u00bbgaleria_ods\u00a0\u00bb][\/vc_column][\/vc_row][vc_row][vc_column width=\u00a0\u00bb1\/2&Prime;][vc_empty_space height=\u00a0\u00bb80px\u00a0\u00bb][vc_column_text]<\/p>\n<h4><span style=\"color: #003057;\">Les personnes, <\/span><span style=\"color: #003057;\">le talent de Royo<\/span><\/h4>\n<p>[\/vc_column_text][vc_empty_space height=\u00a0\u00bb20px\u00a0\u00bb][vc_column_text]<span style=\"color: #003057;\">Le personnel est l\u2019une de nos plus grandes forces. En tant qu\u2019employeur, nous nous distinguons par le haut niveau de satisfaction de notre personnel, que nous nous effor\u00e7ons d\u2019atteindre par des enqu\u00eates annuelles sur l\u2019environnement de travail, ainsi que par l\u2019importance que nous accordons \u00e0 la pr\u00e9vention des accidents et des risques professionnels.<\/span><\/p>\n<p><span style=\"color: #003057;\">Dans ce domaine, chez Royo, nous travaillons sur les axes suivants\u00a0:<\/span><\/p>\n<ul>\n<li><span style=\"color: #003057;\">Attirer et retenir les talents<\/span><\/li>\n<li><span style=\"color: #003057;\">Sant\u00e9 et s\u00e9curit\u00e9<\/span><\/li>\n<li><span style=\"color: #003057;\">\u00c9galit\u00e9 et diversit\u00e9<\/span><\/li>\n<li><span style=\"color: #003057;\">Communaut\u00e9s voisines<\/span><\/li>\n<li><span style=\"color: #003057;\">Innovation<\/span><\/li>\n<\/ul>\n<p><span style=\"color: #003057;\">Notre approche pour 2025 est bas\u00e9e sur la poursuite de la r\u00e9duction des risques professionnels et la cr\u00e9ation d\u2019un environnement de bien-\u00eatre au travail pour les personnes qui font partie de Royo. En outre, nous voulons renforcer le bien-\u00eatre des employ\u00e9s gr\u00e2ce \u00e0 la num\u00e9risation et aux plans de d\u00e9veloppement personnel et professionnel.<\/span>[\/vc_column_text][vc_empty_space height=\u00a0\u00bb30px\u00a0\u00bb][vc_gallery type=\u00a0\u00bbimage_grid\u00a0\u00bb images=\u00a0\u00bb29135,29147,29151&Prime; img_size=\u00a0\u00bb120&#215;120&Prime; el_class=\u00a0\u00bbgaleria_ods\u00a0\u00bb][\/vc_column][vc_column width=\u00a0\u00bb1\/2&Prime;][vc_empty_space height=\u00a0\u00bb130px\u00a0\u00bb][vc_single_image image=\u00a0\u00bb27058&Prime; img_size=\u00a0\u00bbfull\u00a0\u00bb alignment=\u00a0\u00bbright\u00a0\u00bb][\/vc_column][\/vc_row][vc_row][vc_column width=\u00a0\u00bb1\/2&Prime;][vc_empty_space height=\u00a0\u00bb80px\u00a0\u00bb][vc_column_text]<\/p>\n<h4><span style=\"color: #003057;\">La gouvernance, une question<\/span><br \/>\n<span style=\"color: #003057;\">d&rsquo;am\u00e9lioration continue<\/span><\/h4>\n<p>[\/vc_column_text][vc_empty_space height=\u00a0\u00bb20px\u00a0\u00bb][vc_single_image image=\u00a0\u00bb27063&Prime; img_size=\u00a0\u00bbfull\u00a0\u00bb][\/vc_column][vc_column width=\u00a0\u00bb1\/2&Prime;][vc_empty_space height=\u00a0\u00bb160px\u00a0\u00bb][vc_column_text]<span style=\"color: #003057;\">Chez Royo, nous pensons qu\u2019un mod\u00e8le de gouvernance transparent et efficace est essentiel. Nos organes directeurs s\u2019engagent \u00e0 contr\u00f4ler le respect de la l\u00e9gislation, ainsi qu\u2019\u00e0 donner suite aux plaintes et all\u00e9gations que nous recevons. Nous nous engageons \u00e0 atteindre nos objectifs de performance et de croissance durables et \u00e0 \u0153uvrer pour que nos employ\u00e9s et nos parties prenantes aient pleinement confiance en nous en tant qu\u2019entreprise.<\/span><\/p>\n<p><span style=\"color: #003057;\">Dans le domaine de la gouvernance, nous entendons poursuivre nos efforts pour r\u00e9glementer notre activit\u00e9 par l\u2019obtention de certifications et pour formaliser nos valeurs d\u2019entreprise et les comportements que nous jugeons appropri\u00e9s par le d\u00e9veloppement de codes et de politiques sp\u00e9cifiques.<\/span>[\/vc_column_text][vc_empty_space height=\u00a0\u00bb30px\u00a0\u00bb][vc_gallery type=\u00a0\u00bbimage_grid\u00a0\u00bb images=\u00a0\u00bb29167,29163&Prime; img_size=\u00a0\u00bb120&#215;120&Prime; el_class=\u00a0\u00bbgaleria_ods\u00a0\u00bb][\/vc_column][\/vc_row][vc_row][vc_column][vc_empty_space height=\u00a0\u00bb80px\u00a0\u00bb][vc_column_text]<\/p>\n<h4 style=\"text-align: center;\"><span style=\"color: #003057;\">Plan d&rsquo;action<\/span><\/h4>\n<p>[\/vc_column_text][vc_column_text]<\/p>\n<ol>\n<li><span style=\"color: #003a5d;\"><strong>Dans le domaine social, chez Royo, nous travaillons \u00e0 l&rsquo;am\u00e9lioration continue pour maintenir un bon environnement de travail<\/strong>, atteignant un taux de satisfaction g\u00e9n\u00e9rale de 87,7% \u00e0 faire partie de Royo.<\/span><\/li>\n<li><strong><span style=\"color: #003a5d;\">Toute notre \u00e9lectricit\u00e9 provient de sources renouvelables.<\/span><\/strong><\/li>\n<li><span style=\"color: #003a5d;\"><strong>Nous concevons nos produits selon des crit\u00e8res d&rsquo;\u00e9coconception stricts<\/strong>. Nous aidons ainsi \u00e0 minimiser leurs impacts, pendant les processus de fabrication et de transport, ainsi que pendant leur dur\u00e9e de vie et leur recyclage ult\u00e9rieur.<\/span><\/li>\n<li><strong><span style=\"color: #003a5d;\">Nous avons am\u00e9lior\u00e9 notre efficacit\u00e9 \u00e9nerg\u00e9tique de 10 %.<\/span><\/strong><\/li>\n<li><strong><span style=\"color: #003a5d;\">Plus de 50% de nos panneaux sont issus de la gestion circulaire des d\u00e9chets et des r\u00e9sidus.<\/span><\/strong><\/li>\n<li><span style=\"color: #003a5d;\"><strong>Nous avons int\u00e9gr\u00e9 la gestion de la durabilit\u00e9 selon la m\u00e9thodologie Kaizen (am\u00e9lioration continue)<\/strong>. Chez Royo, la durabilit\u00e9 a une approche organisationnelle transversale, qui n\u00e9cessite l&rsquo;implication de tous les d\u00e9partements.<\/span><\/li>\n<\/ol>\n<p>[\/vc_column_text][vc_empty_space height=\u00a0\u00bb80px\u00a0\u00bb][\/vc_column][\/vc_row][vc_row content_aligment=\u00a0\u00bbcenter\u00a0\u00bb][vc_column]<a itemprop=\"url\" href=\"\/wp-content\/uploads\/2022\/10\/Pol\u00edtica-de-Cadena-de-Custodia_v2_FR.pdf\" target=\"_blank\" style=\"color: #003057;border-color: #003057\" class=\"edgtf-btn edgtf-btn-small edgtf-btn-outline edgtf-btn-custom-hover-bg edgtf-btn-custom-border-hover\" data-hover-bg-color=\"#003057\" data-hover-border-color=\"rgba(255,255,255,0)\" >\r\n\t<span class=\"edgtf-btn-text\">Politique de la cha\u00eene de contr\u00f4le<\/span>\r\n    <\/a>[vc_empty_space height=\u00a0\u00bb10px\u00a0\u00bb][\/vc_column][\/vc_row][\/vc_section]<\/p>\n<\/div>","protected":false},"excerpt":{"rendered":"<p>[vc_section full_width=\u00a0\u00bbstretch_row\u00a0\u00bb css=\u00a0\u00bb.vc_custom_1644326173795{background-image: url(https:\/\/www.royogroup.com\/wp-content\/uploads\/2022\/02\/Sostenibilidad.jpg?id=28387) !important;background-position: center !important;background-repeat: no-repeat !important;background-size: cover !important;}\u00a0\u00bb][vc_row css=\u00a0\u00bb.vc_custom_1644326183643{padding-top: 100px !important;padding-bottom: 135px !important;}\u00a0\u00bb][vc_column][vc_column_text] Notre engagement [\/vc_column_text][vc_empty_space height=\u00a0\u00bb20px\u00a0\u00bb][vc_column_text]Nous travaillons dans un environnement commercial en constante transformation. C\u2019est pourquoi,&#8230;<\/p>\n","protected":false},"author":6,"featured_media":0,"parent":0,"menu_order":0,"comment_status":"closed","ping_status":"closed","template":"","meta":{"inline_featured_image":false,"_exactmetrics_skip_tracking":false,"_exactmetrics_sitenote_active":false,"_exactmetrics_sitenote_note":"","_exactmetrics_sitenote_category":0,"footnotes":""},"yoast_head":"<!-- This site is optimized with the Yoast SEO plugin v22.8 - https:\/\/yoast.com\/wordpress\/plugins\/seo\/ -->\n<title>Durabilit\u00e9 &#8902; Royo<\/title>\n<meta name=\"description\" content=\"Para la marca Royo, la palabra sostenibilidad adquiere cada vez m\u00e1s peso. Muestra de ello es el Plan Directorio que se ha implementado para conseguir los objetivos de mejora. Somos una marca comprometida en base a tres pilares fundamentales: Medioambiente, Social y Gobernanza. Nuestra visi\u00f3n es dejar un mundo mejor para las pr\u00f3ximas generaciones.\" \/>\n<meta name=\"robots\" content=\"index, follow, max-snippet:-1, max-image-preview:large, max-video-preview:-1\" \/>\n<link rel=\"canonical\" href=\"https:\/\/www.royogroup.com\/fr\/durabilite-2\/\" \/>\n<meta property=\"og:locale\" content=\"fr_FR\" \/>\n<meta property=\"og:type\" content=\"article\" \/>\n<meta property=\"og:title\" content=\"Durabilit\u00e9 &#8902; Royo\" \/>\n<meta property=\"og:description\" content=\"Para la marca Royo, la palabra sostenibilidad adquiere cada vez m\u00e1s peso. Muestra de ello es el Plan Directorio que se ha implementado para conseguir los objetivos de mejora. Somos una marca comprometida en base a tres pilares fundamentales: Medioambiente, Social y Gobernanza. Nuestra visi\u00f3n es dejar un mundo mejor para las pr\u00f3ximas generaciones.\" \/>\n<meta property=\"og:url\" content=\"https:\/\/www.royogroup.com\/fr\/durabilite-2\/\" \/>\n<meta property=\"og:site_name\" content=\"Royo\" \/>\n<meta property=\"article:publisher\" content=\"https:\/\/www.facebook.com\/royogroup\/\" \/>\n<meta property=\"article:modified_time\" content=\"2023-05-04T10:47:11+00:00\" \/>\n<meta name=\"twitter:card\" content=\"summary_large_image\" \/>\n<meta name=\"twitter:label1\" content=\"Dur\u00e9e de lecture estim\u00e9e\" \/>\n\t<meta name=\"twitter:data1\" content=\"5 minutes\" \/>\n<script type=\"application\/ld+json\" class=\"yoast-schema-graph\">{\"@context\":\"https:\/\/schema.org\",\"@graph\":[{\"@type\":\"WebPage\",\"@id\":\"https:\/\/www.royogroup.com\/fr\/durabilite-2\/\",\"url\":\"https:\/\/www.royogroup.com\/fr\/durabilite-2\/\",\"name\":\"Durabilit\u00e9 &#8902; Royo\",\"isPartOf\":{\"@id\":\"https:\/\/www.royogroup.com\/#website\"},\"datePublished\":\"2022-01-25T09:52:55+00:00\",\"dateModified\":\"2023-05-04T10:47:11+00:00\",\"description\":\"Para la marca Royo, la palabra sostenibilidad adquiere cada vez m\u00e1s peso. Muestra de ello es el Plan Directorio que se ha implementado para conseguir los objetivos de mejora. Somos una marca comprometida en base a tres pilares fundamentales: Medioambiente, Social y Gobernanza. Nuestra visi\u00f3n es dejar un mundo mejor para las pr\u00f3ximas generaciones.\",\"breadcrumb\":{\"@id\":\"https:\/\/www.royogroup.com\/fr\/durabilite-2\/#breadcrumb\"},\"inLanguage\":\"fr-FR\",\"potentialAction\":[{\"@type\":\"ReadAction\",\"target\":[\"https:\/\/www.royogroup.com\/fr\/durabilite-2\/\"]}]},{\"@type\":\"BreadcrumbList\",\"@id\":\"https:\/\/www.royogroup.com\/fr\/durabilite-2\/#breadcrumb\",\"itemListElement\":[{\"@type\":\"ListItem\",\"position\":1,\"name\":\"ROYO\",\"item\":\"https:\/\/www.royogroup.com\/fr\/\"},{\"@type\":\"ListItem\",\"position\":2,\"name\":\"Durabilit\u00e9\"}]},{\"@type\":\"WebSite\",\"@id\":\"https:\/\/www.royogroup.com\/#website\",\"url\":\"https:\/\/www.royogroup.com\/\",\"name\":\"Royo\",\"description\":\"Muebles de Ba\u00f1o\",\"publisher\":{\"@id\":\"https:\/\/www.royogroup.com\/#organization\"},\"potentialAction\":[{\"@type\":\"SearchAction\",\"target\":{\"@type\":\"EntryPoint\",\"urlTemplate\":\"https:\/\/www.royogroup.com\/?s={search_term_string}\"},\"query-input\":\"required name=search_term_string\"}],\"inLanguage\":\"fr-FR\"},{\"@type\":\"Organization\",\"@id\":\"https:\/\/www.royogroup.com\/#organization\",\"name\":\"Royo\",\"url\":\"https:\/\/www.royogroup.com\/\",\"logo\":{\"@type\":\"ImageObject\",\"inLanguage\":\"fr-FR\",\"@id\":\"https:\/\/www.royogroup.com\/#\/schema\/logo\/image\/\",\"url\":\"https:\/\/www.royogroup.com\/wp-content\/uploads\/2018\/02\/Logo-Royo.png\",\"contentUrl\":\"https:\/\/www.royogroup.com\/wp-content\/uploads\/2018\/02\/Logo-Royo.png\",\"width\":264,\"height\":128,\"caption\":\"Royo\"},\"image\":{\"@id\":\"https:\/\/www.royogroup.com\/#\/schema\/logo\/image\/\"},\"sameAs\":[\"https:\/\/www.facebook.com\/royogroup\/\",\"https:\/\/www.instagram.com\/royogroup\/\",\"https:\/\/www.linkedin.com\/company\/980832\/\",\"https:\/\/www.pinterest.es\/royogroup\/\",\"https:\/\/www.youtube.com\/user\/RoyoGroup\"]}]}<\/script>\n<!-- \/ Yoast SEO plugin. -->","yoast_head_json":{"title":"Durabilit\u00e9 &#8902; Royo","description":"Para la marca Royo, la palabra sostenibilidad adquiere cada vez m\u00e1s peso. Muestra de ello es el Plan Directorio que se ha implementado para conseguir los objetivos de mejora. Somos una marca comprometida en base a tres pilares fundamentales: Medioambiente, Social y Gobernanza. Nuestra visi\u00f3n es dejar un mundo mejor para las pr\u00f3ximas generaciones.","robots":{"index":"index","follow":"follow","max-snippet":"max-snippet:-1","max-image-preview":"max-image-preview:large","max-video-preview":"max-video-preview:-1"},"canonical":"https:\/\/www.royogroup.com\/fr\/durabilite-2\/","og_locale":"fr_FR","og_type":"article","og_title":"Durabilit\u00e9 &#8902; Royo","og_description":"Para la marca Royo, la palabra sostenibilidad adquiere cada vez m\u00e1s peso. Muestra de ello es el Plan Directorio que se ha implementado para conseguir los objetivos de mejora. Somos una marca comprometida en base a tres pilares fundamentales: Medioambiente, Social y Gobernanza. Nuestra visi\u00f3n es dejar un mundo mejor para las pr\u00f3ximas generaciones.","og_url":"https:\/\/www.royogroup.com\/fr\/durabilite-2\/","og_site_name":"Royo","article_publisher":"https:\/\/www.facebook.com\/royogroup\/","article_modified_time":"2023-05-04T10:47:11+00:00","twitter_card":"summary_large_image","twitter_misc":{"Dur\u00e9e de lecture estim\u00e9e":"5 minutes"},"schema":{"@context":"https:\/\/schema.org","@graph":[{"@type":"WebPage","@id":"https:\/\/www.royogroup.com\/fr\/durabilite-2\/","url":"https:\/\/www.royogroup.com\/fr\/durabilite-2\/","name":"Durabilit\u00e9 &#8902; Royo","isPartOf":{"@id":"https:\/\/www.royogroup.com\/#website"},"datePublished":"2022-01-25T09:52:55+00:00","dateModified":"2023-05-04T10:47:11+00:00","description":"Para la marca Royo, la palabra sostenibilidad adquiere cada vez m\u00e1s peso. Muestra de ello es el Plan Directorio que se ha implementado para conseguir los objetivos de mejora. Somos una marca comprometida en base a tres pilares fundamentales: Medioambiente, Social y Gobernanza. Nuestra visi\u00f3n es dejar un mundo mejor para las pr\u00f3ximas generaciones.","breadcrumb":{"@id":"https:\/\/www.royogroup.com\/fr\/durabilite-2\/#breadcrumb"},"inLanguage":"fr-FR","potentialAction":[{"@type":"ReadAction","target":["https:\/\/www.royogroup.com\/fr\/durabilite-2\/"]}]},{"@type":"BreadcrumbList","@id":"https:\/\/www.royogroup.com\/fr\/durabilite-2\/#breadcrumb","itemListElement":[{"@type":"ListItem","position":1,"name":"ROYO","item":"https:\/\/www.royogroup.com\/fr\/"},{"@type":"ListItem","position":2,"name":"Durabilit\u00e9"}]},{"@type":"WebSite","@id":"https:\/\/www.royogroup.com\/#website","url":"https:\/\/www.royogroup.com\/","name":"Royo","description":"Muebles de Ba\u00f1o","publisher":{"@id":"https:\/\/www.royogroup.com\/#organization"},"potentialAction":[{"@type":"SearchAction","target":{"@type":"EntryPoint","urlTemplate":"https:\/\/www.royogroup.com\/?s={search_term_string}"},"query-input":"required name=search_term_string"}],"inLanguage":"fr-FR"},{"@type":"Organization","@id":"https:\/\/www.royogroup.com\/#organization","name":"Royo","url":"https:\/\/www.royogroup.com\/","logo":{"@type":"ImageObject","inLanguage":"fr-FR","@id":"https:\/\/www.royogroup.com\/#\/schema\/logo\/image\/","url":"https:\/\/www.royogroup.com\/wp-content\/uploads\/2018\/02\/Logo-Royo.png","contentUrl":"https:\/\/www.royogroup.com\/wp-content\/uploads\/2018\/02\/Logo-Royo.png","width":264,"height":128,"caption":"Royo"},"image":{"@id":"https:\/\/www.royogroup.com\/#\/schema\/logo\/image\/"},"sameAs":["https:\/\/www.facebook.com\/royogroup\/","https:\/\/www.instagram.com\/royogroup\/","https:\/\/www.linkedin.com\/company\/980832\/","https:\/\/www.pinterest.es\/royogroup\/","https:\/\/www.youtube.com\/user\/RoyoGroup"]}]}},"_links":{"self":[{"href":"https:\/\/www.royogroup.com\/fr\/wp-json\/wp\/v2\/pages\/28702"}],"collection":[{"href":"https:\/\/www.royogroup.com\/fr\/wp-json\/wp\/v2\/pages"}],"about":[{"href":"https:\/\/www.royogroup.com\/fr\/wp-json\/wp\/v2\/types\/page"}],"author":[{"embeddable":true,"href":"https:\/\/www.royogroup.com\/fr\/wp-json\/wp\/v2\/users\/6"}],"replies":[{"embeddable":true,"href":"https:\/\/www.royogroup.com\/fr\/wp-json\/wp\/v2\/comments?post=28702"}],"version-history":[{"count":13,"href":"https:\/\/www.royogroup.com\/fr\/wp-json\/wp\/v2\/pages\/28702\/revisions"}],"predecessor-version":[{"id":34432,"href":"https:\/\/www.royogroup.com\/fr\/wp-json\/wp\/v2\/pages\/28702\/revisions\/34432"}],"wp:attachment":[{"href":"https:\/\/www.royogroup.com\/fr\/wp-json\/wp\/v2\/media?parent=28702"}],"curies":[{"name":"wp","href":"https:\/\/api.w.org\/{rel}","templated":true}]}}