{"id":28709,"date":"2022-01-25T16:35:57","date_gmt":"2022-01-25T15:35:57","guid":{"rendered":"https:\/\/royogroup.xrunit.com\/contract\/"},"modified":"2022-02-21T09:38:33","modified_gmt":"2022-02-21T08:38:33","slug":"contract","status":"publish","type":"page","link":"https:\/\/www.royogroup.com\/fr\/contract\/","title":{"rendered":"Contract"},"content":{"rendered":"<div class=\"wpb-content-wrapper\"><p>[vc_section full_width=\u00a0\u00bbstretch_row\u00a0\u00bb css=\u00a0\u00bb.vc_custom_1644326128643{background-image: url(https:\/\/www.royogroup.com\/wp-content\/uploads\/2022\/02\/Contract.jpg?id=28397) !important;background-position: center !important;background-repeat: no-repeat !important;background-size: cover !important;}\u00a0\u00bb][vc_row css=\u00a0\u00bb.vc_custom_1644301907095{padding-top: 100px !important;padding-bottom: 135px !important;}\u00a0\u00bb][vc_column][vc_column_text]<\/p>\n<h3><span style=\"color: #003057;\">Professionnalisez vos projets<\/span><\/h3>\n<p>[\/vc_column_text][vc_empty_space height=\u00a0\u00bb20px\u00a0\u00bb][vc_column_text]<span style=\"color: #003057;\">Nous vous aidons \u00e0 concr\u00e9tiser vos projets de contrat, en vous proposant une large gamme de produits de mobilier de salle de bains, \u00e0 la fois compacts et modulaires, que vous pouvez combiner avec diff\u00e9rents accessoires, pour relever tous les d\u00e9fis.<\/span><\/p>\n<p><span style=\"color: #003057;\">Contactez-nous: <a style=\"color: #003057;\" href=\"mailto:marketing@royogroup.com\">marketing@royogroup.com<\/a><\/span>[\/vc_column_text][\/vc_column][\/vc_row][\/vc_section][vc_section][vc_row][vc_column width=\u00a0\u00bb1\/2&Prime;][vc_empty_space height=\u00a0\u00bb60px\u00a0\u00bb][vc_column_text]<\/p>\n<h3><span style=\"color: #003057;\"><strong>Une large gamme de produits<\/strong><\/span><\/h3>\n<p>[\/vc_column_text][vc_empty_space height=\u00a0\u00bb20px\u00a0\u00bb][vc_column_text el_class=\u00a0\u00bbtext-quienes-somos\u00a0\u00bb]<span style=\"color: #003057;\">Chez Royo, nous concevons tous nos produits et accessoires avec des mat\u00e9riaux soigneusement choisis. Choisissez ceux qui conviennent le mieux \u00e0 votre projet.<\/span><\/p>\n<ul>\n<li><a href=\"https:\/\/www.royogroup.com\/colecciones\/compacto\/\"><span style=\"color: #003057;\">Compact<\/span><\/a><\/li>\n<li><a href=\"https:\/\/www.royogroup.com\/colecciones\/royo-modular\/\"><span style=\"color: #003057;\">Modulaire<\/span><\/a><\/li>\n<li><a href=\"https:\/\/www.royogroup.com\/colecciones\/accesorios\/\"><span style=\"color: #003057;\">Accessoires<\/span><\/a><\/li>\n<\/ul>\n<p>[\/vc_column_text][\/vc_column][vc_column width=\u00a0\u00bb1\/2&Prime;][vc_empty_space height=\u00a0\u00bb60px\u00a0\u00bb][vc_single_image image=\u00a0\u00bb27038&Prime; img_size=\u00a0\u00bbfull\u00a0\u00bb el_class=\u00a0\u00bbimg-quienes-somos\u00a0\u00bb][\/vc_column][\/vc_row][vc_row][vc_column width=\u00a0\u00bb1\/2&Prime;][vc_empty_space height=\u00a0\u00bb100px\u00a0\u00bb][vc_single_image image=\u00a0\u00bb27043&Prime; img_size=\u00a0\u00bbfull\u00a0\u00bb el_class=\u00a0\u00bbimg-quienes-somos\u00a0\u00bb][\/vc_column][vc_column width=\u00a0\u00bb1\/2&Prime;][vc_empty_space height=\u00a0\u00bb100px\u00a0\u00bb][vc_column_text]<\/p>\n<h3><span style=\"color: #003057;\"><strong>Combinez les finitions<\/strong><\/span><\/h3>\n<p>[\/vc_column_text][vc_empty_space height=\u00a0\u00bb20px\u00a0\u00bb][vc_column_text el_class=\u00a0\u00bbtext-quienes-somos\u00a0\u00bb]<span style=\"color: #003057;\">Voir toutes nos finitions en textures brillantes ou mates. Des finitions dans des teintes qui simulent le bois jusqu\u2019\u00e0 des tons vibrants et \u00e9l\u00e9gants comme le ton Azul Navy. Diff\u00e9rentes options adaptables \u00e0 diff\u00e9rents styles de vie.<\/span>[\/vc_column_text][\/vc_column][\/vc_row][vc_row][vc_column width=\u00a0\u00bb1\/2&Prime;][vc_empty_space height=\u00a0\u00bb100px\u00a0\u00bb][vc_column_text]<\/p>\n<h3><span style=\"color: #003057;\"><strong>Conseils sur les projets ad hoc<\/strong><\/span><\/h3>\n<p>[\/vc_column_text][vc_empty_space height=\u00a0\u00bb20px\u00a0\u00bb][vc_column_text el_class=\u00a0\u00bbtext-quienes-somos\u00a0\u00bb]<span style=\"color: #003057;\">Chez Royo, nous disposons d\u2019une \u00e9quipe de professionnels qui vous aideront et vous conseilleront sur ce dont vous avez besoin pour votre projet de r\u00e9novation ou de nouvelle construction.<\/span>[\/vc_column_text][\/vc_column][vc_column width=\u00a0\u00bb1\/2&Prime;][vc_empty_space height=\u00a0\u00bb100px\u00a0\u00bb][vc_single_image image=\u00a0\u00bb27048&Prime; img_size=\u00a0\u00bbfull\u00a0\u00bb el_class=\u00a0\u00bbimg-quienes-somos\u00a0\u00bb][\/vc_column][\/vc_row][vc_row][vc_column][vc_empty_space height=\u00a0\u00bb120px\u00a0\u00bb][\/vc_column][\/vc_row][\/vc_section]<\/p>\n<\/div>","protected":false},"excerpt":{"rendered":"<p>[vc_section full_width=\u00a0\u00bbstretch_row\u00a0\u00bb css=\u00a0\u00bb.vc_custom_1644326128643{background-image: url(https:\/\/www.royogroup.com\/wp-content\/uploads\/2022\/02\/Contract.jpg?id=28397) !important;background-position: center !important;background-repeat: no-repeat !important;background-size: cover !important;}\u00a0\u00bb][vc_row css=\u00a0\u00bb.vc_custom_1644301907095{padding-top: 100px !important;padding-bottom: 135px !important;}\u00a0\u00bb][vc_column][vc_column_text] Professionnalisez vos projets [\/vc_column_text][vc_empty_space height=\u00a0\u00bb20px\u00a0\u00bb][vc_column_text]Nous vous aidons \u00e0 concr\u00e9tiser vos projets de contrat, en&#8230;<\/p>\n","protected":false},"author":6,"featured_media":0,"parent":0,"menu_order":0,"comment_status":"closed","ping_status":"closed","template":"","meta":{"inline_featured_image":false,"_exactmetrics_skip_tracking":false,"_exactmetrics_sitenote_active":false,"_exactmetrics_sitenote_note":"","_exactmetrics_sitenote_category":0,"footnotes":""},"yoast_head":"<!-- This site is optimized with the Yoast SEO plugin v22.8 - https:\/\/yoast.com\/wordpress\/plugins\/seo\/ -->\n<title>Contract &#8902; Royo<\/title>\n<meta name=\"robots\" content=\"index, follow, max-snippet:-1, max-image-preview:large, max-video-preview:-1\" \/>\n<link rel=\"canonical\" href=\"https:\/\/www.royogroup.com\/fr\/contract\/\" \/>\n<meta property=\"og:locale\" content=\"fr_FR\" \/>\n<meta property=\"og:type\" content=\"article\" \/>\n<meta property=\"og:title\" content=\"Contract &#8902; Royo\" \/>\n<meta property=\"og:description\" content=\"[vc_section full_width=\u00a0\u00bbstretch_row\u00a0\u00bb css=\u00a0\u00bb.vc_custom_1644326128643{background-image: url(https:\/\/www.royogroup.com\/wp-content\/uploads\/2022\/02\/Contract.jpg?id=28397) !important;background-position: center !important;background-repeat: no-repeat !important;background-size: cover !important;}\u00a0\u00bb][vc_row css=\u00a0\u00bb.vc_custom_1644301907095{padding-top: 100px !important;padding-bottom: 135px !important;}\u00a0\u00bb][vc_column][vc_column_text] Professionnalisez vos projets [\/vc_column_text][vc_empty_space height=\u00a0\u00bb20px\u00a0\u00bb][vc_column_text]Nous vous aidons \u00e0 concr\u00e9tiser vos projets de contrat, en...\" \/>\n<meta property=\"og:url\" content=\"https:\/\/www.royogroup.com\/fr\/contract\/\" \/>\n<meta property=\"og:site_name\" content=\"Royo\" \/>\n<meta property=\"article:publisher\" content=\"https:\/\/www.facebook.com\/royogroup\/\" \/>\n<meta property=\"article:modified_time\" content=\"2022-02-21T08:38:33+00:00\" \/>\n<meta name=\"twitter:card\" content=\"summary_large_image\" \/>\n<meta name=\"twitter:label1\" content=\"Dur\u00e9e de lecture estim\u00e9e\" \/>\n\t<meta name=\"twitter:data1\" content=\"2 minutes\" \/>\n<script type=\"application\/ld+json\" class=\"yoast-schema-graph\">{\"@context\":\"https:\/\/schema.org\",\"@graph\":[{\"@type\":\"WebPage\",\"@id\":\"https:\/\/www.royogroup.com\/fr\/contract\/\",\"url\":\"https:\/\/www.royogroup.com\/fr\/contract\/\",\"name\":\"Contract &#8902; Royo\",\"isPartOf\":{\"@id\":\"https:\/\/www.royogroup.com\/#website\"},\"datePublished\":\"2022-01-25T15:35:57+00:00\",\"dateModified\":\"2022-02-21T08:38:33+00:00\",\"breadcrumb\":{\"@id\":\"https:\/\/www.royogroup.com\/fr\/contract\/#breadcrumb\"},\"inLanguage\":\"fr-FR\",\"potentialAction\":[{\"@type\":\"ReadAction\",\"target\":[\"https:\/\/www.royogroup.com\/fr\/contract\/\"]}]},{\"@type\":\"BreadcrumbList\",\"@id\":\"https:\/\/www.royogroup.com\/fr\/contract\/#breadcrumb\",\"itemListElement\":[{\"@type\":\"ListItem\",\"position\":1,\"name\":\"ROYO\",\"item\":\"https:\/\/www.royogroup.com\/fr\/\"},{\"@type\":\"ListItem\",\"position\":2,\"name\":\"Contract\"}]},{\"@type\":\"WebSite\",\"@id\":\"https:\/\/www.royogroup.com\/#website\",\"url\":\"https:\/\/www.royogroup.com\/\",\"name\":\"Royo\",\"description\":\"Muebles de Ba\u00f1o\",\"publisher\":{\"@id\":\"https:\/\/www.royogroup.com\/#organization\"},\"potentialAction\":[{\"@type\":\"SearchAction\",\"target\":{\"@type\":\"EntryPoint\",\"urlTemplate\":\"https:\/\/www.royogroup.com\/?s={search_term_string}\"},\"query-input\":\"required name=search_term_string\"}],\"inLanguage\":\"fr-FR\"},{\"@type\":\"Organization\",\"@id\":\"https:\/\/www.royogroup.com\/#organization\",\"name\":\"Royo\",\"url\":\"https:\/\/www.royogroup.com\/\",\"logo\":{\"@type\":\"ImageObject\",\"inLanguage\":\"fr-FR\",\"@id\":\"https:\/\/www.royogroup.com\/#\/schema\/logo\/image\/\",\"url\":\"https:\/\/www.royogroup.com\/wp-content\/uploads\/2018\/02\/Logo-Royo.png\",\"contentUrl\":\"https:\/\/www.royogroup.com\/wp-content\/uploads\/2018\/02\/Logo-Royo.png\",\"width\":264,\"height\":128,\"caption\":\"Royo\"},\"image\":{\"@id\":\"https:\/\/www.royogroup.com\/#\/schema\/logo\/image\/\"},\"sameAs\":[\"https:\/\/www.facebook.com\/royogroup\/\",\"https:\/\/www.instagram.com\/royogroup\/\",\"https:\/\/www.linkedin.com\/company\/980832\/\",\"https:\/\/www.pinterest.es\/royogroup\/\",\"https:\/\/www.youtube.com\/user\/RoyoGroup\"]}]}<\/script>\n<!-- \/ Yoast SEO plugin. -->","yoast_head_json":{"title":"Contract &#8902; Royo","robots":{"index":"index","follow":"follow","max-snippet":"max-snippet:-1","max-image-preview":"max-image-preview:large","max-video-preview":"max-video-preview:-1"},"canonical":"https:\/\/www.royogroup.com\/fr\/contract\/","og_locale":"fr_FR","og_type":"article","og_title":"Contract &#8902; Royo","og_description":"[vc_section full_width=\u00a0\u00bbstretch_row\u00a0\u00bb css=\u00a0\u00bb.vc_custom_1644326128643{background-image: url(https:\/\/www.royogroup.com\/wp-content\/uploads\/2022\/02\/Contract.jpg?id=28397) !important;background-position: center !important;background-repeat: no-repeat !important;background-size: cover !important;}\u00a0\u00bb][vc_row css=\u00a0\u00bb.vc_custom_1644301907095{padding-top: 100px !important;padding-bottom: 135px !important;}\u00a0\u00bb][vc_column][vc_column_text] Professionnalisez vos projets [\/vc_column_text][vc_empty_space height=\u00a0\u00bb20px\u00a0\u00bb][vc_column_text]Nous vous aidons \u00e0 concr\u00e9tiser vos projets de contrat, en...","og_url":"https:\/\/www.royogroup.com\/fr\/contract\/","og_site_name":"Royo","article_publisher":"https:\/\/www.facebook.com\/royogroup\/","article_modified_time":"2022-02-21T08:38:33+00:00","twitter_card":"summary_large_image","twitter_misc":{"Dur\u00e9e de lecture estim\u00e9e":"2 minutes"},"schema":{"@context":"https:\/\/schema.org","@graph":[{"@type":"WebPage","@id":"https:\/\/www.royogroup.com\/fr\/contract\/","url":"https:\/\/www.royogroup.com\/fr\/contract\/","name":"Contract &#8902; Royo","isPartOf":{"@id":"https:\/\/www.royogroup.com\/#website"},"datePublished":"2022-01-25T15:35:57+00:00","dateModified":"2022-02-21T08:38:33+00:00","breadcrumb":{"@id":"https:\/\/www.royogroup.com\/fr\/contract\/#breadcrumb"},"inLanguage":"fr-FR","potentialAction":[{"@type":"ReadAction","target":["https:\/\/www.royogroup.com\/fr\/contract\/"]}]},{"@type":"BreadcrumbList","@id":"https:\/\/www.royogroup.com\/fr\/contract\/#breadcrumb","itemListElement":[{"@type":"ListItem","position":1,"name":"ROYO","item":"https:\/\/www.royogroup.com\/fr\/"},{"@type":"ListItem","position":2,"name":"Contract"}]},{"@type":"WebSite","@id":"https:\/\/www.royogroup.com\/#website","url":"https:\/\/www.royogroup.com\/","name":"Royo","description":"Muebles de Ba\u00f1o","publisher":{"@id":"https:\/\/www.royogroup.com\/#organization"},"potentialAction":[{"@type":"SearchAction","target":{"@type":"EntryPoint","urlTemplate":"https:\/\/www.royogroup.com\/?s={search_term_string}"},"query-input":"required name=search_term_string"}],"inLanguage":"fr-FR"},{"@type":"Organization","@id":"https:\/\/www.royogroup.com\/#organization","name":"Royo","url":"https:\/\/www.royogroup.com\/","logo":{"@type":"ImageObject","inLanguage":"fr-FR","@id":"https:\/\/www.royogroup.com\/#\/schema\/logo\/image\/","url":"https:\/\/www.royogroup.com\/wp-content\/uploads\/2018\/02\/Logo-Royo.png","contentUrl":"https:\/\/www.royogroup.com\/wp-content\/uploads\/2018\/02\/Logo-Royo.png","width":264,"height":128,"caption":"Royo"},"image":{"@id":"https:\/\/www.royogroup.com\/#\/schema\/logo\/image\/"},"sameAs":["https:\/\/www.facebook.com\/royogroup\/","https:\/\/www.instagram.com\/royogroup\/","https:\/\/www.linkedin.com\/company\/980832\/","https:\/\/www.pinterest.es\/royogroup\/","https:\/\/www.youtube.com\/user\/RoyoGroup"]}]}},"_links":{"self":[{"href":"https:\/\/www.royogroup.com\/fr\/wp-json\/wp\/v2\/pages\/28709"}],"collection":[{"href":"https:\/\/www.royogroup.com\/fr\/wp-json\/wp\/v2\/pages"}],"about":[{"href":"https:\/\/www.royogroup.com\/fr\/wp-json\/wp\/v2\/types\/page"}],"author":[{"embeddable":true,"href":"https:\/\/www.royogroup.com\/fr\/wp-json\/wp\/v2\/users\/6"}],"replies":[{"embeddable":true,"href":"https:\/\/www.royogroup.com\/fr\/wp-json\/wp\/v2\/comments?post=28709"}],"version-history":[{"count":4,"href":"https:\/\/www.royogroup.com\/fr\/wp-json\/wp\/v2\/pages\/28709\/revisions"}],"predecessor-version":[{"id":29174,"href":"https:\/\/www.royogroup.com\/fr\/wp-json\/wp\/v2\/pages\/28709\/revisions\/29174"}],"wp:attachment":[{"href":"https:\/\/www.royogroup.com\/fr\/wp-json\/wp\/v2\/media?parent=28709"}],"curies":[{"name":"wp","href":"https:\/\/api.w.org\/{rel}","templated":true}]}}