{"id":28727,"date":"2018-01-22T19:23:49","date_gmt":"2018-01-22T18:23:49","guid":{"rendered":"https:\/\/royogroup.xrunit.com\/contacto\/"},"modified":"2022-03-23T14:46:11","modified_gmt":"2022-03-23T13:46:11","slug":"contact","status":"publish","type":"page","link":"https:\/\/www.royogroup.com\/fr\/contact\/","title":{"rendered":"Contact"},"content":{"rendered":"<div class=\"wpb-content-wrapper\"><p>[vc_section full_width=\u00a0\u00bbstretch_row\u00a0\u00bb css=\u00a0\u00bb.vc_custom_1644398575484{background-image: url(https:\/\/www.royogroup.com\/wp-content\/uploads\/2022\/02\/Contacto.jpg?id=28469) !important;background-position: center !important;background-repeat: no-repeat !important;background-size: cover !important;}\u00a0\u00bb][vc_row content_width=\u00a0\u00bbgrid\u00a0\u00bb css=\u00a0\u00bb.vc_custom_1644398752904{padding-top: 100px !important;padding-bottom: 135px !important;}\u00a0\u00bb][vc_column][vc_column_text]<\/p>\n<h3><span style=\"color: #003057;\">Contactez avec nous<\/span><\/h3>\n<p>[\/vc_column_text][vc_empty_space height=\u00a0\u00bb20px\u00a0\u00bb][vc_column_text]<span style=\"color: #003057;\">L\u2019un de nos principaux objectifs est d\u2019\u00eatre toujours proche du client, afin de pouvoir lui offrir le meilleur service possible, \u00e0 travers nos diff\u00e9rentes \u00e9quipes et depuis le si\u00e8ge social, o\u00f9 vous pouvez nous contacter directement.<\/span>[\/vc_column_text][\/vc_column][\/vc_row][\/vc_section][vc_section][vc_row content_width=\u00a0\u00bbgrid\u00a0\u00bb css=\u00a0\u00bb.vc_custom_1644251357121{padding-bottom: 42px !important;background-color: #ffffff !important;}\u00a0\u00bb][vc_column css=\u00a0\u00bb.vc_custom_1480321110202{margin-top: 2px !important;border-right-width: 2px !important;border-right-color: #e6e6e6 !important;border-right-style: solid !important;}\u00a0\u00bb offset=\u00a0\u00bbvc_col-lg-3 vc_col-md-12&Prime;]<div class=\"edgtf-elements-holder edgtf-responsive-mode-768\" ><div class=\"edgtf-elements-holder-item \" data-item-class=\"edgtf-elements-holder-custom-519906\" data-768-1024=\"0 0 0 0%\" data-600-768=\"0 0 0 1%\" data-480=\"0 0 0 1%\" >\r\n\t\t<div class=\"edgtf-elements-holder-item-inner\">\r\n\t\t<div class=\"edgtf-elements-holder-item-content edgtf-elements-holder-custom-519906\" style=\"padding: 0 0 0 0\">\r\n\t\t\t<div class=\"edgtf-iwt clearfix edgtf-iwt-icon-left edgtf-iwt-icon-tiny\">\r\n    <div class=\"edgtf-iwt-icon-holder\">\r\n                    \r\n    <span class=\"edgtf-icon-shortcode normal\"  data-color=\"#466192\">\r\n        \r\n        <span aria-hidden=\"true\" class=\"edgtf-icon-font-elegant icon_pin edgtf-icon-element\" style=\"color: #466192;font-size:25px\" ><\/span>\r\n            <\/span>\r\n\r\n            <\/div>\r\n    <div class=\"edgtf-iwt-content-holder\" >\r\n        <div class=\"edgtf-iwt-title-holder\">\r\n            <h4 >Adresse<\/h4>\r\n        <\/div>\r\n        <div class=\"edgtf-iwt-text-holder\">\r\n            <p >Rue Rio Vinalop\u00f3, 69<br \/>\n46930 Quart de Poblet (Valencia)<br \/>\nEspa\u00f1a<\/p>\r\n\r\n                    <\/div>\r\n    <\/div>\r\n<\/div>[vc_empty_space]<a itemprop=\"url\" href=\"https:\/\/www.royogroup.com\/wp-content\/uploads\/2019\/07\/PLANO-LLEGADA-ROYO.pdf\" target=\"_blank\" style=\"color: #003057;border-color: #003057\" class=\"edgtf-btn edgtf-btn-small edgtf-btn-outline edgtf-btn-custom-hover-bg edgtf-btn-custom-border-hover edgtf-btn-custom-hover-color edgtf-btn-icon\" data-hover-bg-color=\"#003057\" data-hover-color=\"#ffffff\" data-hover-border-color=\"#003057\" >\r\n\t<span class=\"edgtf-btn-text\">Le plan d&#039;arriv\u00e9e \u00e0 Royo<\/span>\r\n    <i class=\"edgtf-icon-font-awesome fa fa-download \" ><\/i><\/a>\t\t<\/div>\r\n\t<\/div>\r\n\t<\/div><\/div>[vc_empty_space height=\u00a0\u00bb40px\u00a0\u00bb][\/vc_column][vc_column css=\u00a0\u00bb.vc_custom_1480321119562{margin-top: 2px !important;border-right-width: 2px !important;border-right-color: #e6e6e6 !important;border-right-style: solid !important;}\u00a0\u00bb offset=\u00a0\u00bbvc_col-lg-3 vc_col-md-12&Prime;]<div class=\"edgtf-elements-holder edgtf-responsive-mode-768\" ><div class=\"edgtf-elements-holder-item \" data-item-class=\"edgtf-elements-holder-custom-491834\" data-1280-1600=\"0 0 0 8%\" data-1024-1280=\"0 0 0 5% \" data-768-1024=\"0 0 0 0%\" data-600-768=\"0 0 0 0%\" data-480=\"0 0 0 0% \" >\r\n\t\t<div class=\"edgtf-elements-holder-item-inner\">\r\n\t\t<div class=\"edgtf-elements-holder-item-content edgtf-elements-holder-custom-491834\" style=\"padding: 0 0 0 4%\">\r\n\t\t\t<div class=\"edgtf-iwt clearfix edgtf-iwt-icon-left edgtf-iwt-icon-tiny\">\r\n    <div class=\"edgtf-iwt-icon-holder\">\r\n                    \r\n    <span class=\"edgtf-icon-shortcode normal\"  data-color=\"#466192\">\r\n        \r\n        <i class=\"edgtf-icon-linear-icon lnr lnr-phone-handset edgtf-icon-element\" style=\"color: #466192;font-size:25px\" ><\/i>\r\n            <\/span>\r\n\r\n            <\/div>\r\n    <div class=\"edgtf-iwt-content-holder\" >\r\n        <div class=\"edgtf-iwt-title-holder\">\r\n            <h4 >T\u00e9l\u00e9phone<\/h4>\r\n        <\/div>\r\n        <div class=\"edgtf-iwt-text-holder\">\r\n            <p >Tel: +34 961 597 079<br \/>\nFax: +34 961 920 112<\/p>\n<p>Horaire:<br \/>\nL - J: 08.00 a 14.00 et 15.00 a 17.00<br \/>\nV: 08.00 a 14.30<\/p>\r\n\r\n                    <\/div>\r\n    <\/div>\r\n<\/div>\t\t<\/div>\r\n\t<\/div>\r\n\t<\/div><\/div>[vc_empty_space height=\u00a0\u00bb40px\u00a0\u00bb][\/vc_column][vc_column css=\u00a0\u00bb.vc_custom_1480321127249{margin-top: 2px !important;border-right-width: 2px !important;border-right-color: #e6e6e6 !important;border-right-style: solid !important;}\u00a0\u00bb offset=\u00a0\u00bbvc_col-lg-3 vc_col-md-12&Prime;]<div class=\"edgtf-elements-holder edgtf-responsive-mode-768\" ><div class=\"edgtf-elements-holder-item \" data-item-class=\"edgtf-elements-holder-custom-346213\" data-1280-1600=\"0 0 0 8%\" data-1024-1280=\"0 0 0 4%\" data-768-1024=\"0 55% 0 0\" data-600-768=\"0 50% 0 0 \" data-480=\"0 0 0 0\" >\r\n\t\t<div class=\"edgtf-elements-holder-item-inner\">\r\n\t\t<div class=\"edgtf-elements-holder-item-content edgtf-elements-holder-custom-346213\" style=\"padding: 0 0 0 12%\">\r\n\t\t\t<div class=\"edgtf-iwt clearfix edgtf-iwt-icon-left edgtf-iwt-icon-tiny\">\r\n    <div class=\"edgtf-iwt-icon-holder\">\r\n                    \r\n    <span class=\"edgtf-icon-shortcode normal\"  data-color=\"#466192\">\r\n        \r\n        <i class=\"edgtf-icon-linear-icon lnr lnr-envelope edgtf-icon-element\" style=\"color: #466192;font-size:25px\" ><\/i>\r\n            <\/span>\r\n\r\n            <\/div>\r\n    <div class=\"edgtf-iwt-content-holder\" >\r\n        <div class=\"edgtf-iwt-title-holder\">\r\n            <h4 >Emails<\/h4>\r\n        <\/div>\r\n        <div class=\"edgtf-iwt-text-holder\">\r\n            <p >info@royogroup.com<\/p>\n<p>Travaillez avec nous<br \/>\nseleccion@royogroup.com<\/p>\r\n\r\n                    <\/div>\r\n    <\/div>\r\n<\/div>\t\t<\/div>\r\n\t<\/div>\r\n\t<\/div><\/div>[vc_empty_space height=\u00a0\u00bb40px\u00a0\u00bb][\/vc_column][vc_column css=\u00a0\u00bb.vc_custom_1480321135257{margin-top: 2px !important;border-right-width: 2px !important;border-right-color: #e6e6e6 !important;}\u00a0\u00bb offset=\u00a0\u00bbvc_col-lg-3 vc_col-md-12&Prime;]<div class=\"edgtf-elements-holder edgtf-responsive-mode-768\" ><div class=\"edgtf-elements-holder-item \" data-item-class=\"edgtf-elements-holder-custom-738162\" data-1280-1600=\"0 12% 0 5%\" data-1024-1280=\"0 13% 0 5%\" data-768-1024=\"0 0 0 0% \" data-600-768=\"0 0 0 0%\" data-480=\"0 0 0 0%\" >\r\n\t\t<div class=\"edgtf-elements-holder-item-inner\">\r\n\t\t<div class=\"edgtf-elements-holder-item-content edgtf-elements-holder-custom-738162\" style=\"padding: 0 0 0 5%\">\r\n\t\t\t<div class=\"edgtf-iwt clearfix edgtf-iwt-icon-left edgtf-iwt-icon-tiny\">\r\n    <div class=\"edgtf-iwt-icon-holder\">\r\n                    \r\n    <span class=\"edgtf-icon-shortcode normal\"  data-color=\"#466192\">\r\n        \r\n        <i class=\"edgtf-icon-linear-icon lnr lnr-pointer-down edgtf-icon-element\" style=\"color: #466192;font-size:25px\" ><\/i>\r\n            <\/span>\r\n\r\n            <\/div>\r\n    <div class=\"edgtf-iwt-content-holder\" >\r\n        <div class=\"edgtf-iwt-title-holder\">\r\n            <h4 >Outlet<\/h4>\r\n        <\/div>\r\n        <div class=\"edgtf-iwt-text-holder\">\r\n            <p >Rue Rio Vinalop\u00f3, 69<br \/>\n46930 Quart de Poblet (Valencia)<br \/>\nEspa\u00f1a<br \/>\nTel: +34 607 644 926<br \/>\nHoraire:<br \/>\nL - V: 10.00 - 14.00h et 15.00 - 19.00h<\/p>\r\n\r\n                    <\/div>\r\n    <\/div>\r\n<\/div>[vc_empty_space]<a itemprop=\"url\" href=\"https:\/\/www.royogroup.com\/wp-content\/uploads\/2019\/05\/PLANO-LLEGADA-OUTLET.pdf\" target=\"_blank\" style=\"color: #003057;background-color: #ffffff;border-color: #003057\" class=\"edgtf-btn edgtf-btn-small edgtf-btn-outline edgtf-btn-custom-hover-bg edgtf-btn-custom-border-hover edgtf-btn-custom-hover-color edgtf-btn-icon\" data-hover-bg-color=\"#003057\" data-hover-color=\"#ffffff\" data-hover-border-color=\"#003057\" >\r\n\t<span class=\"edgtf-btn-text\">Le plan d&#039;arriv\u00e9e au Outlet<\/span>\r\n    <i class=\"edgtf-icon-font-awesome fa fa-download \" ><\/i><\/a>\t\t<\/div>\r\n\t<\/div>\r\n\t<\/div><\/div>[vc_empty_space height=\u00a0\u00bb40px\u00a0\u00bb][\/vc_column][\/vc_row][vc_row content_width=\u00a0\u00bbgrid\u00a0\u00bb][vc_column][vc_empty_space height=\u00a0\u00bb10px\u00a0\u00bb][vc_column_text]<iframe loading=\"lazy\" style=\"border: 0;\" src=\"https:\/\/www.google.com\/maps\/embed?pb=!1m14!1m8!1m3!1d12320.244641099707!2d-0.502104!3d39.467947!3m2!1i1024!2i768!4f13.1!3m3!1m2!1s0x0%3A0x7c7df8e60126cadd!2sRoyo+Group!5e0!3m2!1ses!2ses!4v1517157649267\" width=\"1920\" height=\"450\" frameborder=\"0\" allowfullscreen=\"allowfullscreen\"><\/iframe>[\/vc_column_text][vc_empty_space height=\u00a0\u00bb20px\u00a0\u00bb][\/vc_column][\/vc_row][vc_row content_width=\u00a0\u00bbgrid\u00a0\u00bb content_aligment=\u00a0\u00bbcenter\u00a0\u00bb css=\u00a0\u00bb.vc_custom_1645095135983{padding-top: 32px !important;padding-bottom: 32px !important;background-color: #003057 !important;}\u00a0\u00bb][vc_column]\t<div class=\"edgtf-call-to-action normal\" style=\"background-color: #003057;\">\r\n\r\n\t\t\t\t<div class=\"edgtf-container-inner\">\r\n\t\t\t\t\t<div class=\"edgtf-call-to-action-row-75-25 clearfix\" style=\"padding: 20px;\">\r\n\t\t\t\t\t\t<div class=\"edgtf-text-wrapper edgtf-call-to-action-column1 edgtf-call-to-action-cell left\">\r\n\t\t\t\t\t<div class=\"edgtf-call-to-action-text\" style=\"text-align: left\">Vous souhaitez commercialiser nos produits? Laissez-nous vos donn\u00e9es.\t\t\t\t\t\t\t\t\t\t\t<\/div>\r\n\t\t\t\t<\/div>\r\n\r\n\t\t\t\t\t\t\t\t\t<div class=\"edgtf-button-wrapper edgtf-call-to-action-column2 edgtf-call-to-action-cell\" style =\"text-align: right ;\">\r\n\t\t\t\t\t\t<a itemprop=\"url\" href=\"https:\/\/www.royogroup.com\/distribuidores\" target=\"_self\" style=\"color: #ffffff;background-color: #000000;border-color: #003057\" class=\"edgtf-btn edgtf-btn-medium edgtf-btn-solid-dark edgtf-btn-custom-hover-bg edgtf-btn-custom-hover-color\" data-hover-bg-color=\"#ffffff\" data-hover-color=\"#003057\" >\r\t<span class=\"edgtf-btn-text\">Formulario<\/span>\r    <\/a>\t\t\t\t\t<\/div>\r\n\t\t\t\t\t\t\t<\/div>\r\n\t\t\t\t<\/div>\r\n\t\t\t<\/div>\r\n[\/vc_column][\/vc_row][\/vc_section]<\/p>\n<\/div>","protected":false},"excerpt":{"rendered":"<p>[vc_section full_width=\u00a0\u00bbstretch_row\u00a0\u00bb css=\u00a0\u00bb.vc_custom_1644398575484{background-image: url(https:\/\/www.royogroup.com\/wp-content\/uploads\/2022\/02\/Contacto.jpg?id=28469) !important;background-position: center !important;background-repeat: no-repeat !important;background-size: cover !important;}\u00a0\u00bb][vc_row content_width=\u00a0\u00bbgrid\u00a0\u00bb css=\u00a0\u00bb.vc_custom_1644398752904{padding-top: 100px !important;padding-bottom: 135px !important;}\u00a0\u00bb][vc_column][vc_column_text] Contactez avec nous [\/vc_column_text][vc_empty_space height=\u00a0\u00bb20px\u00a0\u00bb][vc_column_text]L\u2019un de nos principaux objectifs est d\u2019\u00eatre toujours proche&#8230;<\/p>\n","protected":false},"author":2,"featured_media":0,"parent":0,"menu_order":0,"comment_status":"closed","ping_status":"closed","template":"","meta":{"inline_featured_image":false,"_exactmetrics_skip_tracking":false,"_exactmetrics_sitenote_active":false,"_exactmetrics_sitenote_note":"","_exactmetrics_sitenote_category":0,"footnotes":""},"yoast_head":"<!-- This site is optimized with the Yoast SEO plugin v22.8 - https:\/\/yoast.com\/wordpress\/plugins\/seo\/ -->\n<title>Contact &#8902; Royo<\/title>\n<meta name=\"robots\" content=\"index, follow, max-snippet:-1, max-image-preview:large, max-video-preview:-1\" \/>\n<link rel=\"canonical\" href=\"https:\/\/www.royogroup.com\/fr\/contact\/\" \/>\n<meta property=\"og:locale\" content=\"fr_FR\" \/>\n<meta property=\"og:type\" content=\"article\" \/>\n<meta property=\"og:title\" content=\"Contact &#8902; Royo\" \/>\n<meta property=\"og:description\" content=\"[vc_section full_width=\u00a0\u00bbstretch_row\u00a0\u00bb css=\u00a0\u00bb.vc_custom_1644398575484{background-image: url(https:\/\/www.royogroup.com\/wp-content\/uploads\/2022\/02\/Contacto.jpg?id=28469) !important;background-position: center !important;background-repeat: no-repeat !important;background-size: cover !important;}\u00a0\u00bb][vc_row content_width=\u00a0\u00bbgrid\u00a0\u00bb css=\u00a0\u00bb.vc_custom_1644398752904{padding-top: 100px !important;padding-bottom: 135px !important;}\u00a0\u00bb][vc_column][vc_column_text] Contactez avec nous [\/vc_column_text][vc_empty_space height=\u00a0\u00bb20px\u00a0\u00bb][vc_column_text]L\u2019un de nos principaux objectifs est d\u2019\u00eatre toujours proche...\" \/>\n<meta property=\"og:url\" content=\"https:\/\/www.royogroup.com\/fr\/contact\/\" \/>\n<meta property=\"og:site_name\" content=\"Royo\" \/>\n<meta property=\"article:publisher\" content=\"https:\/\/www.facebook.com\/royogroup\/\" \/>\n<meta property=\"article:modified_time\" content=\"2022-03-23T13:46:11+00:00\" \/>\n<meta name=\"twitter:card\" content=\"summary_large_image\" \/>\n<meta name=\"twitter:label1\" content=\"Dur\u00e9e de lecture estim\u00e9e\" \/>\n\t<meta name=\"twitter:data1\" content=\"4 minutes\" \/>\n<script type=\"application\/ld+json\" class=\"yoast-schema-graph\">{\"@context\":\"https:\/\/schema.org\",\"@graph\":[{\"@type\":\"WebPage\",\"@id\":\"https:\/\/www.royogroup.com\/fr\/contact\/\",\"url\":\"https:\/\/www.royogroup.com\/fr\/contact\/\",\"name\":\"Contact &#8902; Royo\",\"isPartOf\":{\"@id\":\"https:\/\/www.royogroup.com\/#website\"},\"datePublished\":\"2018-01-22T18:23:49+00:00\",\"dateModified\":\"2022-03-23T13:46:11+00:00\",\"breadcrumb\":{\"@id\":\"https:\/\/www.royogroup.com\/fr\/contact\/#breadcrumb\"},\"inLanguage\":\"fr-FR\",\"potentialAction\":[{\"@type\":\"ReadAction\",\"target\":[\"https:\/\/www.royogroup.com\/fr\/contact\/\"]}]},{\"@type\":\"BreadcrumbList\",\"@id\":\"https:\/\/www.royogroup.com\/fr\/contact\/#breadcrumb\",\"itemListElement\":[{\"@type\":\"ListItem\",\"position\":1,\"name\":\"ROYO\",\"item\":\"https:\/\/www.royogroup.com\/fr\/\"},{\"@type\":\"ListItem\",\"position\":2,\"name\":\"Contact\"}]},{\"@type\":\"WebSite\",\"@id\":\"https:\/\/www.royogroup.com\/#website\",\"url\":\"https:\/\/www.royogroup.com\/\",\"name\":\"Royo\",\"description\":\"Muebles de Ba\u00f1o\",\"publisher\":{\"@id\":\"https:\/\/www.royogroup.com\/#organization\"},\"potentialAction\":[{\"@type\":\"SearchAction\",\"target\":{\"@type\":\"EntryPoint\",\"urlTemplate\":\"https:\/\/www.royogroup.com\/?s={search_term_string}\"},\"query-input\":\"required name=search_term_string\"}],\"inLanguage\":\"fr-FR\"},{\"@type\":\"Organization\",\"@id\":\"https:\/\/www.royogroup.com\/#organization\",\"name\":\"Royo\",\"url\":\"https:\/\/www.royogroup.com\/\",\"logo\":{\"@type\":\"ImageObject\",\"inLanguage\":\"fr-FR\",\"@id\":\"https:\/\/www.royogroup.com\/#\/schema\/logo\/image\/\",\"url\":\"https:\/\/www.royogroup.com\/wp-content\/uploads\/2018\/02\/Logo-Royo.png\",\"contentUrl\":\"https:\/\/www.royogroup.com\/wp-content\/uploads\/2018\/02\/Logo-Royo.png\",\"width\":264,\"height\":128,\"caption\":\"Royo\"},\"image\":{\"@id\":\"https:\/\/www.royogroup.com\/#\/schema\/logo\/image\/\"},\"sameAs\":[\"https:\/\/www.facebook.com\/royogroup\/\",\"https:\/\/www.instagram.com\/royogroup\/\",\"https:\/\/www.linkedin.com\/company\/980832\/\",\"https:\/\/www.pinterest.es\/royogroup\/\",\"https:\/\/www.youtube.com\/user\/RoyoGroup\"]}]}<\/script>\n<!-- \/ Yoast SEO plugin. -->","yoast_head_json":{"title":"Contact &#8902; Royo","robots":{"index":"index","follow":"follow","max-snippet":"max-snippet:-1","max-image-preview":"max-image-preview:large","max-video-preview":"max-video-preview:-1"},"canonical":"https:\/\/www.royogroup.com\/fr\/contact\/","og_locale":"fr_FR","og_type":"article","og_title":"Contact &#8902; Royo","og_description":"[vc_section full_width=\u00a0\u00bbstretch_row\u00a0\u00bb css=\u00a0\u00bb.vc_custom_1644398575484{background-image: url(https:\/\/www.royogroup.com\/wp-content\/uploads\/2022\/02\/Contacto.jpg?id=28469) !important;background-position: center !important;background-repeat: no-repeat !important;background-size: cover !important;}\u00a0\u00bb][vc_row content_width=\u00a0\u00bbgrid\u00a0\u00bb css=\u00a0\u00bb.vc_custom_1644398752904{padding-top: 100px !important;padding-bottom: 135px !important;}\u00a0\u00bb][vc_column][vc_column_text] Contactez avec nous [\/vc_column_text][vc_empty_space height=\u00a0\u00bb20px\u00a0\u00bb][vc_column_text]L\u2019un de nos principaux objectifs est d\u2019\u00eatre toujours proche...","og_url":"https:\/\/www.royogroup.com\/fr\/contact\/","og_site_name":"Royo","article_publisher":"https:\/\/www.facebook.com\/royogroup\/","article_modified_time":"2022-03-23T13:46:11+00:00","twitter_card":"summary_large_image","twitter_misc":{"Dur\u00e9e de lecture estim\u00e9e":"4 minutes"},"schema":{"@context":"https:\/\/schema.org","@graph":[{"@type":"WebPage","@id":"https:\/\/www.royogroup.com\/fr\/contact\/","url":"https:\/\/www.royogroup.com\/fr\/contact\/","name":"Contact &#8902; Royo","isPartOf":{"@id":"https:\/\/www.royogroup.com\/#website"},"datePublished":"2018-01-22T18:23:49+00:00","dateModified":"2022-03-23T13:46:11+00:00","breadcrumb":{"@id":"https:\/\/www.royogroup.com\/fr\/contact\/#breadcrumb"},"inLanguage":"fr-FR","potentialAction":[{"@type":"ReadAction","target":["https:\/\/www.royogroup.com\/fr\/contact\/"]}]},{"@type":"BreadcrumbList","@id":"https:\/\/www.royogroup.com\/fr\/contact\/#breadcrumb","itemListElement":[{"@type":"ListItem","position":1,"name":"ROYO","item":"https:\/\/www.royogroup.com\/fr\/"},{"@type":"ListItem","position":2,"name":"Contact"}]},{"@type":"WebSite","@id":"https:\/\/www.royogroup.com\/#website","url":"https:\/\/www.royogroup.com\/","name":"Royo","description":"Muebles de Ba\u00f1o","publisher":{"@id":"https:\/\/www.royogroup.com\/#organization"},"potentialAction":[{"@type":"SearchAction","target":{"@type":"EntryPoint","urlTemplate":"https:\/\/www.royogroup.com\/?s={search_term_string}"},"query-input":"required name=search_term_string"}],"inLanguage":"fr-FR"},{"@type":"Organization","@id":"https:\/\/www.royogroup.com\/#organization","name":"Royo","url":"https:\/\/www.royogroup.com\/","logo":{"@type":"ImageObject","inLanguage":"fr-FR","@id":"https:\/\/www.royogroup.com\/#\/schema\/logo\/image\/","url":"https:\/\/www.royogroup.com\/wp-content\/uploads\/2018\/02\/Logo-Royo.png","contentUrl":"https:\/\/www.royogroup.com\/wp-content\/uploads\/2018\/02\/Logo-Royo.png","width":264,"height":128,"caption":"Royo"},"image":{"@id":"https:\/\/www.royogroup.com\/#\/schema\/logo\/image\/"},"sameAs":["https:\/\/www.facebook.com\/royogroup\/","https:\/\/www.instagram.com\/royogroup\/","https:\/\/www.linkedin.com\/company\/980832\/","https:\/\/www.pinterest.es\/royogroup\/","https:\/\/www.youtube.com\/user\/RoyoGroup"]}]}},"_links":{"self":[{"href":"https:\/\/www.royogroup.com\/fr\/wp-json\/wp\/v2\/pages\/28727"}],"collection":[{"href":"https:\/\/www.royogroup.com\/fr\/wp-json\/wp\/v2\/pages"}],"about":[{"href":"https:\/\/www.royogroup.com\/fr\/wp-json\/wp\/v2\/types\/page"}],"author":[{"embeddable":true,"href":"https:\/\/www.royogroup.com\/fr\/wp-json\/wp\/v2\/users\/2"}],"replies":[{"embeddable":true,"href":"https:\/\/www.royogroup.com\/fr\/wp-json\/wp\/v2\/comments?post=28727"}],"version-history":[{"count":10,"href":"https:\/\/www.royogroup.com\/fr\/wp-json\/wp\/v2\/pages\/28727\/revisions"}],"predecessor-version":[{"id":30442,"href":"https:\/\/www.royogroup.com\/fr\/wp-json\/wp\/v2\/pages\/28727\/revisions\/30442"}],"wp:attachment":[{"href":"https:\/\/www.royogroup.com\/fr\/wp-json\/wp\/v2\/media?parent=28727"}],"curies":[{"name":"wp","href":"https:\/\/api.w.org\/{rel}","templated":true}]}}