{"id":34665,"date":"2023-05-15T13:16:58","date_gmt":"2023-05-15T11:16:58","guid":{"rendered":"https:\/\/royogroup.xrunit.com\/?page_id=34665"},"modified":"2023-10-03T09:00:29","modified_gmt":"2023-10-03T07:00:29","slug":"marque","status":"publish","type":"page","link":"https:\/\/www.royogroup.com\/fr\/marque\/","title":{"rendered":"Marque"},"content":{"rendered":"<div class=\"wpb-content-wrapper\"><p>[vc_section full_width=\u00a0\u00bbstretch_row\u00a0\u00bb css=\u00a0\u00bb.vc_custom_1696316221655{margin-top: -70px !important;background-image: url(https:\/\/www.royogroup.com\/wp-content\/uploads\/2023\/10\/Banner-Logika-6040_FR.jpg?id=35481) !important;background-position: center !important;background-repeat: no-repeat !important;background-size: cover !important;}\u00a0\u00bb][vc_row css=\u00a0\u00bb.vc_custom_1684148848634{padding-top: 180px !important;padding-bottom: 165px !important;}\u00a0\u00bb][vc_column][vc_column_text]<\/p>\n<p>&nbsp;<\/p>\n<p>&nbsp;<\/p>\n<p>[\/vc_column_text][vc_empty_space height=\u00a0\u00bb20px\u00a0\u00bb][\/vc_column][\/vc_row][vc_row][vc_column][vc_empty_space height=\u00a0\u00bb50px\u00a0\u00bb][\/vc_column][\/vc_row][\/vc_section][vc_row][vc_column][vc_empty_space height=\u00a0\u00bb30px\u00a0\u00bb][vc_single_image image=\u00a0\u00bb34702&Prime; img_size=\u00a0\u00bbmedium\u00a0\u00bb alignment=\u00a0\u00bbcenter\u00a0\u00bb][vc_empty_space height=\u00a0\u00bb30px\u00a0\u00bb][vc_column_text]<\/p>\n<p style=\"text-align: center;\"><span style=\"color: #003a5d;\">Chez Royo, nous mettons tout en place pour que nos clients se sentent satisfaits de savoir qu&rsquo;ils ont fait le bon choix. C&rsquo;est notre valeur et nous y parvenons gr\u00e2ce \u00e0 notre \u00e9quipe qui permet que tout s&rsquo;\u00e9coule. Nous concevons des produits en fonction des tendances, avec des solutions cr\u00e9atives, nous s\u00e9lectionnons des mat\u00e9riaux r\u00e9pondant \u00e0 des normes de qualit\u00e9 \u00e9lev\u00e9es, nous fabriquons avec les derniers processus technologiques et, tout cela, avec des d\u00e9lais de livraison rapides et flexibles. #RoyoQuandToutVaBienVousAvezRaison<\/span><\/p>\n<p>[\/vc_column_text][vc_empty_space height=\u00a0\u00bb50px\u00a0\u00bb][vc_raw_html]JTNDdmlkZW8lMjBwb3N0ZXIlM0QlMjIlMkZ3cC1jb250ZW50JTJGdXBsb2FkcyUyRjIwMjMlMkYwNSUyRnBsYXlfd2ViLTIuanBnJTIyJTIwY29udHJvbHMlM0QlMjIlMjIlMjBwbGF5c2lubGluZSUzRCUyMiUyMiUyMG9uY2xpY2slM0QlMjJ0aGlzLnBsYXklMjglMjklMjIlMjBzdHlsZSUzRCUyMm9iamVjdC1maXQlM0ElMjBjb3ZlciUzQiUyMGJhY2tncm91bmQtc2l6ZSUzQSUyMDEwMCUyNSUyMDEwMCUyNSUzQiUyMHdpZHRoJTNBJTIwMTAwJTI1JTNCJTIwaGVpZ2h0JTNBJTIwMTAwJTI1JTNCJTIwdHJhbnNpdGlvbiUzQSUyMG5vbmUlMjAwcyUyMGVhc2UlMjAwcyUzQiUyMHRleHQtYWxpZ24lM0ElMjBpbmhlcml0JTNCJTIwbGluZS1oZWlnaHQlM0ElMjAwcHglM0IlMjBib3JkZXItd2lkdGglM0ElMjAwcHglM0IlMjBtYXJnaW4lM0ElMjAwcHglM0IlMjBwYWRkaW5nJTNBJTIwMHB4JTNCJTIwbGV0dGVyLXNwYWNpbmclM0ElMjAwcHglM0IlMjBmb250LXdlaWdodCUzQSUyMDQwMCUzQiUyMGZvbnQtc2l6ZSUzQSUyMDFweCUzQiUyMGRpc3BsYXklM0ElMjBibG9jayUzQiUyMHZpc2liaWxpdHklM0ElMjBpbmhlcml0JTNCJTIwb3BhY2l0eSUzQSUyMDElM0IlMjIlMjBjbGFzcyUzRCUyMiUyMiUyMHByZWxvYWQlM0QlMjJub25lJTIyJTNFJTBBJTNDc291cmNlJTIwc3JjJTNEJTIyJTJGd3AtY29udGVudCUyRnVwbG9hZHMlMkYyMDIzJTJGMDUlMkZCcmFuZGluZ19GUl9XZWItQ29tcHJlc3NlZC5tcDQlMjIlMjBzdHlsZSUzRCUyMnRyYW5zaXRpb24lM0ElMjBub25lJTIwMHMlMjBlYXNlJTIwMHMlM0IlMjB0ZXh0LWFsaWduJTNBJTIwaW5oZXJpdCUzQiUyMGxpbmUtaGVpZ2h0JTNBJTIwMHB4JTNCJTIwYm9yZGVyLXdpZHRoJTNBJTIwMHB4JTNCJTIwbWFyZ2luJTNBJTIwMHB4JTNCJTIwcGFkZGluZyUzQSUyMDBweCUzQiUyMGxldHRlci1zcGFjaW5nJTNBJTIwMHB4JTNCJTIwZm9udC13ZWlnaHQlM0ElMjA0MDAlM0IlMjBmb250LXNpemUlM0ElMjAxcHglM0IlMjIlM0UlMEElM0Nzb3VyY2UlMjBzcmMlM0QlMjIlMkZ3cC1jb250ZW50JTJGdXBsb2FkcyUyRjIwMjIlMkYwNyUyRkJyYW5kaW5nX0VTLXN1YnRpdHVsb3NXRUJfYmFqYS5tcDQlMjIlMjB0eXBlJTNEJTIydmlkZW8lMkZvZ2clMjIlMjBzdHlsZSUzRCUyMnRyYW5zaXRpb24lM0ElMjBub25lJTIwMHMlMjBlYXNlJTIwMHMlM0IlMjB0ZXh0LWFsaWduJTNBJTIwaW5oZXJpdCUzQiUyMGxpbmUtaGVpZ2h0JTNBJTIwMHB4JTNCJTIwYm9yZGVyLXdpZHRoJTNBJTIwMHB4JTNCJTIwbWFyZ2luJTNBJTIwMHB4JTNCJTIwcGFkZGluZyUzQSUyMDBweCUzQiUyMGxldHRlci1zcGFjaW5nJTNBJTIwMHB4JTNCJTIwZm9udC13ZWlnaHQlM0ElMjA0MDAlM0IlMjBmb250LXNpemUlM0ElMjAxcHglM0IlMjIlM0UlMEElM0MlMkZ2aWRlbyUzRQ==[\/vc_raw_html][vc_empty_space height=\u00a0\u00bb40px\u00a0\u00bb][vc_column_text]<\/p>\n<h6 style=\"text-align: center;\"><span style=\"color: #003a5d;\">Qualit\u00e9, design, innovation, durabilit\u00e9 et service favorisent l&rsquo;\u00e9quilibre de toutes les collections Royo.\u00a0<\/span><\/h6>\n<p>[\/vc_column_text][\/vc_column][\/vc_row][vc_row][vc_column width=\u00a0\u00bb1\/2&Prime;][vc_single_image image=\u00a0\u00bb34615&Prime; img_size=\u00a0\u00bbmedium\u00a0\u00bb][vc_empty_space height=\u00a0\u00bb20px\u00a0\u00bb][vc_column_text]<span style=\"color: #003a5d;\">Une des valeurs de notre marque est les standards \u00e9lev\u00e9s de qualit\u00e9 que nous avons chez Royo durant tout le long du parcours du produit. Depuis 2010, l&rsquo;entreprise a mis en oeuvre le syst\u00e8me Lean Manufacturing dans tous les processus int\u00e9gr\u00e9s et les certificats de qualit\u00e9. Apr\u00e8s 50 ans d&rsquo;existence, nous avons r\u00e9ussi \u00e0 \u00eatre le fabricant n\u00ba1 en Europe.\u00a0<\/span>[\/vc_column_text][vc_empty_space height=\u00a0\u00bb20px\u00a0\u00bb][\/vc_column][vc_column width=\u00a0\u00bb1\/2&Prime;][vc_empty_space height=\u00a0\u00bb90px\u00a0\u00bb][vc_single_image image=\u00a0\u00bb34447&Prime; img_size=\u00a0\u00bblarge\u00a0\u00bb alignment=\u00a0\u00bbcenter\u00a0\u00bb][vc_empty_space height=\u00a0\u00bb30px\u00a0\u00bb][\/vc_column][\/vc_row][vc_row][vc_column width=\u00a0\u00bb1\/2&Prime;][vc_empty_space height=\u00a0\u00bb70px\u00a0\u00bb][vc_single_image image=\u00a0\u00bb34455&Prime; img_size=\u00a0\u00bblarge\u00a0\u00bb alignment=\u00a0\u00bbcenter\u00a0\u00bb][vc_empty_space height=\u00a0\u00bb10px\u00a0\u00bb][\/vc_column][vc_column width=\u00a0\u00bb1\/2&Prime;][vc_single_image image=\u00a0\u00bb34619&Prime; img_size=\u00a0\u00bbmedium\u00a0\u00bb][vc_empty_space height=\u00a0\u00bb20px\u00a0\u00bb][vc_column_text]<span style=\"color: #003a5d;\">Nous avons une \u00e9quipe interne de design, dont la passion pour leur travail les pousse constamment \u00e0 rechercher de nouveaux mat\u00e9riaux et finitions. Son objectif ultime est de cr\u00e8er de nouvelles propositions de mobilier qui respirent les derni\u00e8res tendances sous les param\u00e8tres de durabilit\u00e9 et de fonctionnalit\u00e9 pour cr\u00e9er des espaces uniques.\u00a0<\/span>[\/vc_column_text][vc_empty_space height=\u00a0\u00bb20px\u00a0\u00bb][\/vc_column][\/vc_row][vc_row][vc_column width=\u00a0\u00bb1\/2&Prime;][vc_single_image image=\u00a0\u00bb34623&Prime; img_size=\u00a0\u00bbmedium\u00a0\u00bb][vc_empty_space height=\u00a0\u00bb20px\u00a0\u00bb][vc_column_text]<span style=\"color: #003a5d;\">L&rsquo;innovation, un chemin entre inspiration et creativit\u00e9. Preuve en sont les nombreux brevets industriels que nous avons chez Royoet les \u00ab\u00a0best-sellers\u00a0\u00bb dans diff\u00e9rents segments de march\u00e9. Notre esprit et notre orientation client nous pousse travailler sur l&rsquo;am\u00e9lioration continue, pour continuer \u00e0 nous adapter \u00e0 tous les changements que le march\u00e9 nous propose et \u00e0 \u00eatre plus efficaces et innovants.\u00a0<\/span>[\/vc_column_text][vc_empty_space height=\u00a0\u00bb20px\u00a0\u00bb][\/vc_column][vc_column width=\u00a0\u00bb1\/2&Prime;][vc_empty_space height=\u00a0\u00bb90px\u00a0\u00bb][vc_single_image image=\u00a0\u00bb34463&Prime; img_size=\u00a0\u00bblarge\u00a0\u00bb alignment=\u00a0\u00bbcenter\u00a0\u00bb][vc_empty_space height=\u00a0\u00bb30px\u00a0\u00bb][\/vc_column][\/vc_row][vc_row][vc_column width=\u00a0\u00bb1\/2&Prime;][vc_empty_space height=\u00a0\u00bb80px\u00a0\u00bb][vc_single_image image=\u00a0\u00bb34471&Prime; img_size=\u00a0\u00bblarge\u00a0\u00bb alignment=\u00a0\u00bbcenter\u00a0\u00bb][vc_empty_space height=\u00a0\u00bb20px\u00a0\u00bb][\/vc_column][vc_column width=\u00a0\u00bb1\/2&Prime;][vc_single_image image=\u00a0\u00bb34611&Prime; img_size=\u00a0\u00bbmedium\u00a0\u00bb][vc_empty_space height=\u00a0\u00bb20px\u00a0\u00bb][vc_column_text]<span style=\"color: #003a5d;\">Pour la marque Royo, le mot durabilit\u00e9 fait d\u00e9j\u00e0 partie de notre ADN. La preuve en est, de par le plan du conseil d&rsquo;administration qui a \u00e9t\u00e9 mis en oeuvre pour atteindre les objectifs d&rsquo;am\u00e9lioration. Nous sommes une marque engag\u00e9e sur la base de trois piliers fondamentaux: Environnement, Social et Gouvernance. Notre vision est de laisser un monde meilleur aux g\u00e9n\u00e9rations \u00e0 venir.\u00a0<\/span>[\/vc_column_text][vc_empty_space height=\u00a0\u00bb20px\u00a0\u00bb][\/vc_column][\/vc_row][vc_row][vc_column width=\u00a0\u00bb1\/2&Prime;][vc_single_image image=\u00a0\u00bb34627&Prime; img_size=\u00a0\u00bbmedium\u00a0\u00bb][vc_empty_space height=\u00a0\u00bb20px\u00a0\u00bb][vc_column_text]<span style=\"color: #003a5d;\">Nous avons un service client sp\u00e9cialis\u00e9 sur chaque march\u00e9, pour apporter des solutions rapides et efficaces. Notre proposition de valeur est de donner des d\u00e9lais di livraison tr\u00e8s court dans nos collections compactes, gr\u00e2ce \u00e0 un stock important et \u00e0 une gestion continue de ceux-ci.<\/span>[\/vc_column_text][vc_empty_space height=\u00a0\u00bb20px\u00a0\u00bb][\/vc_column][vc_column width=\u00a0\u00bb1\/2&Prime;][vc_empty_space height=\u00a0\u00bb70px\u00a0\u00bb][vc_single_image image=\u00a0\u00bb34479&Prime; img_size=\u00a0\u00bblarge\u00a0\u00bb alignment=\u00a0\u00bbcenter\u00a0\u00bb][vc_empty_space height=\u00a0\u00bb20px\u00a0\u00bb][\/vc_column][\/vc_row][vc_row][vc_column][vc_empty_space height=\u00a0\u00bb60px\u00a0\u00bb][vc_single_image image=\u00a0\u00bb34639&Prime; img_size=\u00a0\u00bbfull\u00a0\u00bb][vc_empty_space height=\u00a0\u00bb30px\u00a0\u00bb][vc_single_image image=\u00a0\u00bb35486&Prime; img_size=\u00a0\u00bb485&#215;96&Prime; alignment=\u00a0\u00bbcenter\u00a0\u00bb][vc_empty_space height=\u00a0\u00bb60px\u00a0\u00bb][\/vc_column][\/vc_row]<\/p>\n<\/div>","protected":false},"excerpt":{"rendered":"<p>[vc_section full_width=\u00a0\u00bbstretch_row\u00a0\u00bb css=\u00a0\u00bb.vc_custom_1696316221655{margin-top: -70px !important;background-image: url(https:\/\/www.royogroup.com\/wp-content\/uploads\/2023\/10\/Banner-Logika-6040_FR.jpg?id=35481) !important;background-position: center !important;background-repeat: no-repeat !important;background-size: cover !important;}\u00a0\u00bb][vc_row css=\u00a0\u00bb.vc_custom_1684148848634{padding-top: 180px !important;padding-bottom: 165px !important;}\u00a0\u00bb][vc_column][vc_column_text] &nbsp; &nbsp; [\/vc_column_text][vc_empty_space height=\u00a0\u00bb20px\u00a0\u00bb][\/vc_column][\/vc_row][vc_row][vc_column][vc_empty_space height=\u00a0\u00bb50px\u00a0\u00bb][\/vc_column][\/vc_row][\/vc_section][vc_row][vc_column][vc_empty_space height=\u00a0\u00bb30px\u00a0\u00bb][vc_single_image image=\u00a0\u00bb34702&Prime; img_size=\u00a0\u00bbmedium\u00a0\u00bb alignment=\u00a0\u00bbcenter\u00a0\u00bb][vc_empty_space height=\u00a0\u00bb30px\u00a0\u00bb][vc_column_text] Chez Royo,&#8230;<\/p>\n","protected":false},"author":4,"featured_media":0,"parent":0,"menu_order":0,"comment_status":"closed","ping_status":"closed","template":"","meta":{"inline_featured_image":false,"_exactmetrics_skip_tracking":false,"_exactmetrics_sitenote_active":false,"_exactmetrics_sitenote_note":"","_exactmetrics_sitenote_category":0,"footnotes":""},"yoast_head":"<!-- This site is optimized with the Yoast SEO plugin v22.8 - https:\/\/yoast.com\/wordpress\/plugins\/seo\/ -->\n<title>Marque &#8902; Royo<\/title>\n<meta name=\"description\" content=\"Para la marca Royo, la palabra sostenibilidad adquiere cada vez m\u00e1s peso. Muestra de ello es el Plan Directorio que se ha implementado para conseguir los objetivos de mejora. Somos una marca comprometida en base a tres pilares fundamentales: Medioambiente, Social y Gobernanza. Nuestra visi\u00f3n es dejar un mundo mejor para las pr\u00f3ximas generaciones.\" \/>\n<meta name=\"robots\" content=\"index, follow, max-snippet:-1, max-image-preview:large, max-video-preview:-1\" \/>\n<link rel=\"canonical\" href=\"https:\/\/www.royogroup.com\/fr\/marque\/\" \/>\n<meta property=\"og:locale\" content=\"fr_FR\" \/>\n<meta property=\"og:type\" content=\"article\" \/>\n<meta property=\"og:title\" content=\"Marque &#8902; Royo\" \/>\n<meta property=\"og:description\" content=\"Para la marca Royo, la palabra sostenibilidad adquiere cada vez m\u00e1s peso. Muestra de ello es el Plan Directorio que se ha implementado para conseguir los objetivos de mejora. Somos una marca comprometida en base a tres pilares fundamentales: Medioambiente, Social y Gobernanza. Nuestra visi\u00f3n es dejar un mundo mejor para las pr\u00f3ximas generaciones.\" \/>\n<meta property=\"og:url\" content=\"https:\/\/www.royogroup.com\/fr\/marque\/\" \/>\n<meta property=\"og:site_name\" content=\"Royo\" \/>\n<meta property=\"article:publisher\" content=\"https:\/\/www.facebook.com\/royogroup\/\" \/>\n<meta property=\"article:modified_time\" content=\"2023-10-03T07:00:29+00:00\" \/>\n<meta name=\"twitter:card\" content=\"summary_large_image\" \/>\n<meta name=\"twitter:label1\" content=\"Dur\u00e9e de lecture estim\u00e9e\" \/>\n\t<meta name=\"twitter:data1\" content=\"5 minutes\" \/>\n<script type=\"application\/ld+json\" class=\"yoast-schema-graph\">{\"@context\":\"https:\/\/schema.org\",\"@graph\":[{\"@type\":\"WebPage\",\"@id\":\"https:\/\/www.royogroup.com\/fr\/marque\/\",\"url\":\"https:\/\/www.royogroup.com\/fr\/marque\/\",\"name\":\"Marque &#8902; Royo\",\"isPartOf\":{\"@id\":\"https:\/\/www.royogroup.com\/#website\"},\"datePublished\":\"2023-05-15T11:16:58+00:00\",\"dateModified\":\"2023-10-03T07:00:29+00:00\",\"description\":\"Para la marca Royo, la palabra sostenibilidad adquiere cada vez m\u00e1s peso. Muestra de ello es el Plan Directorio que se ha implementado para conseguir los objetivos de mejora. Somos una marca comprometida en base a tres pilares fundamentales: Medioambiente, Social y Gobernanza. Nuestra visi\u00f3n es dejar un mundo mejor para las pr\u00f3ximas generaciones.\",\"breadcrumb\":{\"@id\":\"https:\/\/www.royogroup.com\/fr\/marque\/#breadcrumb\"},\"inLanguage\":\"fr-FR\",\"potentialAction\":[{\"@type\":\"ReadAction\",\"target\":[\"https:\/\/www.royogroup.com\/fr\/marque\/\"]}]},{\"@type\":\"BreadcrumbList\",\"@id\":\"https:\/\/www.royogroup.com\/fr\/marque\/#breadcrumb\",\"itemListElement\":[{\"@type\":\"ListItem\",\"position\":1,\"name\":\"ROYO\",\"item\":\"https:\/\/www.royogroup.com\/fr\/\"},{\"@type\":\"ListItem\",\"position\":2,\"name\":\"Marque\"}]},{\"@type\":\"WebSite\",\"@id\":\"https:\/\/www.royogroup.com\/#website\",\"url\":\"https:\/\/www.royogroup.com\/\",\"name\":\"Royo\",\"description\":\"Muebles de Ba\u00f1o\",\"publisher\":{\"@id\":\"https:\/\/www.royogroup.com\/#organization\"},\"potentialAction\":[{\"@type\":\"SearchAction\",\"target\":{\"@type\":\"EntryPoint\",\"urlTemplate\":\"https:\/\/www.royogroup.com\/?s={search_term_string}\"},\"query-input\":\"required name=search_term_string\"}],\"inLanguage\":\"fr-FR\"},{\"@type\":\"Organization\",\"@id\":\"https:\/\/www.royogroup.com\/#organization\",\"name\":\"Royo\",\"url\":\"https:\/\/www.royogroup.com\/\",\"logo\":{\"@type\":\"ImageObject\",\"inLanguage\":\"fr-FR\",\"@id\":\"https:\/\/www.royogroup.com\/#\/schema\/logo\/image\/\",\"url\":\"https:\/\/www.royogroup.com\/wp-content\/uploads\/2018\/02\/Logo-Royo.png\",\"contentUrl\":\"https:\/\/www.royogroup.com\/wp-content\/uploads\/2018\/02\/Logo-Royo.png\",\"width\":264,\"height\":128,\"caption\":\"Royo\"},\"image\":{\"@id\":\"https:\/\/www.royogroup.com\/#\/schema\/logo\/image\/\"},\"sameAs\":[\"https:\/\/www.facebook.com\/royogroup\/\",\"https:\/\/www.instagram.com\/royogroup\/\",\"https:\/\/www.linkedin.com\/company\/980832\/\",\"https:\/\/www.pinterest.es\/royogroup\/\",\"https:\/\/www.youtube.com\/user\/RoyoGroup\"]}]}<\/script>\n<!-- \/ Yoast SEO plugin. -->","yoast_head_json":{"title":"Marque &#8902; Royo","description":"Para la marca Royo, la palabra sostenibilidad adquiere cada vez m\u00e1s peso. Muestra de ello es el Plan Directorio que se ha implementado para conseguir los objetivos de mejora. Somos una marca comprometida en base a tres pilares fundamentales: Medioambiente, Social y Gobernanza. Nuestra visi\u00f3n es dejar un mundo mejor para las pr\u00f3ximas generaciones.","robots":{"index":"index","follow":"follow","max-snippet":"max-snippet:-1","max-image-preview":"max-image-preview:large","max-video-preview":"max-video-preview:-1"},"canonical":"https:\/\/www.royogroup.com\/fr\/marque\/","og_locale":"fr_FR","og_type":"article","og_title":"Marque &#8902; Royo","og_description":"Para la marca Royo, la palabra sostenibilidad adquiere cada vez m\u00e1s peso. Muestra de ello es el Plan Directorio que se ha implementado para conseguir los objetivos de mejora. Somos una marca comprometida en base a tres pilares fundamentales: Medioambiente, Social y Gobernanza. Nuestra visi\u00f3n es dejar un mundo mejor para las pr\u00f3ximas generaciones.","og_url":"https:\/\/www.royogroup.com\/fr\/marque\/","og_site_name":"Royo","article_publisher":"https:\/\/www.facebook.com\/royogroup\/","article_modified_time":"2023-10-03T07:00:29+00:00","twitter_card":"summary_large_image","twitter_misc":{"Dur\u00e9e de lecture estim\u00e9e":"5 minutes"},"schema":{"@context":"https:\/\/schema.org","@graph":[{"@type":"WebPage","@id":"https:\/\/www.royogroup.com\/fr\/marque\/","url":"https:\/\/www.royogroup.com\/fr\/marque\/","name":"Marque &#8902; Royo","isPartOf":{"@id":"https:\/\/www.royogroup.com\/#website"},"datePublished":"2023-05-15T11:16:58+00:00","dateModified":"2023-10-03T07:00:29+00:00","description":"Para la marca Royo, la palabra sostenibilidad adquiere cada vez m\u00e1s peso. Muestra de ello es el Plan Directorio que se ha implementado para conseguir los objetivos de mejora. Somos una marca comprometida en base a tres pilares fundamentales: Medioambiente, Social y Gobernanza. Nuestra visi\u00f3n es dejar un mundo mejor para las pr\u00f3ximas generaciones.","breadcrumb":{"@id":"https:\/\/www.royogroup.com\/fr\/marque\/#breadcrumb"},"inLanguage":"fr-FR","potentialAction":[{"@type":"ReadAction","target":["https:\/\/www.royogroup.com\/fr\/marque\/"]}]},{"@type":"BreadcrumbList","@id":"https:\/\/www.royogroup.com\/fr\/marque\/#breadcrumb","itemListElement":[{"@type":"ListItem","position":1,"name":"ROYO","item":"https:\/\/www.royogroup.com\/fr\/"},{"@type":"ListItem","position":2,"name":"Marque"}]},{"@type":"WebSite","@id":"https:\/\/www.royogroup.com\/#website","url":"https:\/\/www.royogroup.com\/","name":"Royo","description":"Muebles de Ba\u00f1o","publisher":{"@id":"https:\/\/www.royogroup.com\/#organization"},"potentialAction":[{"@type":"SearchAction","target":{"@type":"EntryPoint","urlTemplate":"https:\/\/www.royogroup.com\/?s={search_term_string}"},"query-input":"required name=search_term_string"}],"inLanguage":"fr-FR"},{"@type":"Organization","@id":"https:\/\/www.royogroup.com\/#organization","name":"Royo","url":"https:\/\/www.royogroup.com\/","logo":{"@type":"ImageObject","inLanguage":"fr-FR","@id":"https:\/\/www.royogroup.com\/#\/schema\/logo\/image\/","url":"https:\/\/www.royogroup.com\/wp-content\/uploads\/2018\/02\/Logo-Royo.png","contentUrl":"https:\/\/www.royogroup.com\/wp-content\/uploads\/2018\/02\/Logo-Royo.png","width":264,"height":128,"caption":"Royo"},"image":{"@id":"https:\/\/www.royogroup.com\/#\/schema\/logo\/image\/"},"sameAs":["https:\/\/www.facebook.com\/royogroup\/","https:\/\/www.instagram.com\/royogroup\/","https:\/\/www.linkedin.com\/company\/980832\/","https:\/\/www.pinterest.es\/royogroup\/","https:\/\/www.youtube.com\/user\/RoyoGroup"]}]}},"_links":{"self":[{"href":"https:\/\/www.royogroup.com\/fr\/wp-json\/wp\/v2\/pages\/34665"}],"collection":[{"href":"https:\/\/www.royogroup.com\/fr\/wp-json\/wp\/v2\/pages"}],"about":[{"href":"https:\/\/www.royogroup.com\/fr\/wp-json\/wp\/v2\/types\/page"}],"author":[{"embeddable":true,"href":"https:\/\/www.royogroup.com\/fr\/wp-json\/wp\/v2\/users\/4"}],"replies":[{"embeddable":true,"href":"https:\/\/www.royogroup.com\/fr\/wp-json\/wp\/v2\/comments?post=34665"}],"version-history":[{"count":31,"href":"https:\/\/www.royogroup.com\/fr\/wp-json\/wp\/v2\/pages\/34665\/revisions"}],"predecessor-version":[{"id":35490,"href":"https:\/\/www.royogroup.com\/fr\/wp-json\/wp\/v2\/pages\/34665\/revisions\/35490"}],"wp:attachment":[{"href":"https:\/\/www.royogroup.com\/fr\/wp-json\/wp\/v2\/media?parent=34665"}],"curies":[{"name":"wp","href":"https:\/\/api.w.org\/{rel}","templated":true}]}}