{"id":24484,"date":"2021-03-23T07:30:51","date_gmt":"2021-03-23T06:30:51","guid":{"rendered":"https:\/\/royogroup.xrunit.com\/?page_id=24484"},"modified":"2022-02-11T09:25:05","modified_gmt":"2022-02-11T08:25:05","slug":"politica-sulla-privacy","status":"publish","type":"page","link":"https:\/\/www.royogroup.com\/it\/politica-sulla-privacy\/","title":{"rendered":"Politica sulla Privacy"},"content":{"rendered":"<div class=\"wpb-content-wrapper\"><p>[vc_row][vc_column][vc_row_inner][vc_column_inner][vc_column_text]<\/p>\n<h2>Politica sulla Privacy<\/h2>\n<p>[\/vc_column_text][vc_column_text]Data dell\u2019ultimo aggiornamento: 11\/03\/2021<\/p>\n<p><strong>CHI \u00c8 IL RESPONSABILE DEL TRATTAMENTO DEI DATI?<\/strong><\/p>\n<ul>\n<li>Identit\u00e0 del responsabile Royo Spain SL (CF: B98777246)<\/li>\n<li>Indirizzo C\/Rio Vinalopo, 69 \u2013 46930 Quart de Poblet (Valencia)<\/li>\n<li>E-mail: info@royogroup.com<\/li>\n<li>\n<ul>\n<li>Informazioni generali: +34 961597660<\/li>\n<li>Informazioni al punto vendita: +34 963897373<\/li>\n<li>Informazioni all\u2019utente: +34 961597410<\/li>\n<\/ul>\n<\/li>\n<\/ul>\n<p><strong>QUALI DATI PERSONALI TRATTIAMO?<\/strong><\/p>\n<p>Nell\u2019ambito dei diversi trattamenti di attivit\u00e0 svolte all\u2019interno dell\u2019azienda, vengono raccolti i seguenti tipi di dati:<\/p>\n<ul>\n<li><strong>Dati di carattere identificativo<\/strong><\/li>\n<li><strong>Informazioni commerciali<\/strong><\/li>\n<li><strong>Economico e Finanziario<\/strong><\/li>\n<\/ul>\n<p><strong>PER QUALI SCOPI SPECIFICI E IN QUALI CASI SPECIFICI TRATTIAMO I DATI PERSONALI?<\/strong><\/p>\n<p>In <strong>www.royogroup.com<\/strong> i dati personali vengono trattati per le seguenti finalit\u00e0:<\/p>\n<ul>\n<li><strong>Clienti:<\/strong> svolgono la gestione della vendita di beni e servizi, fatturazione, contabilit\u00e0, incassi, morosit\u00e0, offerte, budget e contratti, servizio clienti, contatti e relazioni commerciali.<\/li>\n<li><strong>Contatto, distributori:<\/strong> rispondere alle richieste di informazioni ricevute sui prodotti e servizi offerti, o per rispondere a qualsiasi altro tipo di domanda inviata dagli utenti.<\/li>\n<\/ul>\n<p>I dati personali raccolti non saranno utilizzati per la profilazione o decisioni automatizzate.<\/p>\n<p><strong>QUAL \u00c8 LA LEGITTIMIT\u00c0 DEL TRATTAMENTO DEI DATI?<\/strong><\/p>\n<p>All\u2019interno dell\u2019azienda, i dati personali possono essere trattati per:<\/p>\n<ul>\n<li><strong>Adempimento di obblighi legali e regolamentari: <\/strong>A titolo esemplificativo e non esaustivo. Diritto generale per la difesa dei consumatori e degli utenti, diritto tributario generale, diritto tributario societario, diritto della revisione contabile, diritto dell&#8217;imposta sul valore aggiunto, codice civile, codice commerciale.<\/li>\n<li><strong>Esecuzione di un contratto: <\/strong>informazioni sui prodotti e\/o servizi appaltati, gestione delle richieste.<\/li>\n<li><strong>Consenso: <\/strong>Accedendo al nostro sito web e compilando i moduli o inviandoci dati attraverso i mezzi elettronici di contatto indicati, si accetta la presente Informativa sulla Privacy. Ecco perch\u00e9 ci basiamo sul consenso dell&#8217;utente per il trattamento dei suoi dati. Inoltre, ti informiamo che useremo le informazioni personali solo in conformit\u00e0 con questa Politica sulla Privacy e, in generale, richiederemo il tuo consenso per usi diversi da quelli per i quali lo hai inizialmente concesso. Infine, ti informiamo che pu\u00f2 revocare il suo consenso in qualsiasi momento, dovr\u00e0 solamente contattarci attraverso i mezzi indicati in questa politica sulla privacy.<\/li>\n<\/ul>\n<p>Per la risposta alle richieste, la parte interessata dovr\u00e0 fornire le informazioni minime richieste. In caso contrario, non potranno essere evase.<\/p>\n<p>&nbsp;<\/p>\n<p><strong>PER QUANTO TEMPO TRATTIAMO I DATI PERSONALI?<\/strong><\/p>\n<p>In <strong>www.royogroup.com<\/strong> i dati personali vengono trattati per i seguenti periodi:<\/p>\n<ul>\n<li>Il periodo stabilito per legge<\/li>\n<li>Il periodo necessario per adempiere agli obblighi operativi<\/li>\n<\/ul>\n<p>I dati saranno conservati per il tempo necessario per adempiere alla finalit\u00e0 per cui sono stati raccolti e per determinare eventuali responsabilit\u00e0 che possono derivare da questa finalit\u00e0 e dal trattamento dei dati, in conformit\u00e0 con la normativa di cui sopra, oltre ai periodi stabiliti dalla normativa in materia di conservazione e documentazione applicabile.<\/p>\n<p><strong>\u00a0<\/strong><\/p>\n<p><strong>CON CHI CONDIVIDIAMO LE INFORMAZIONI PERSONALI?<\/strong><\/p>\n<p>Per adempiere alle finalit\u00e0 sopra descritte, i dati personali possono essere condivisi con:<\/p>\n<ul>\n<li>Fornitori di servizi che prestano servizi per nostro conto<\/li>\n<\/ul>\n<p>In generale, non vengono effettuati trasferimenti internazionali al di fuori dello Spazio Economico Europeo (SEE). Nel caso in cui si verificasse un trasferimento di dati al di fuori del SEE, L\u2019AZIENDA disporr\u00e0 delle adeguate garanzie per realizzare il suddetto trasferimento, in conformit\u00e0 con i requisiti stabiliti dal Regolamento Generale sulla Protezione dei Dati.<\/p>\n<p><strong>QUALI DIRITTI PUOI ESERCITARE?<\/strong><\/p>\n<p>In base alla normativa europea, i diritti che puoi esercitare sono i seguenti:<\/p>\n<ul>\n<li><strong>Accesso,<\/strong> il diritto di chiedere informazioni al responsabile di un file circa il trattamento dei propri dati personali.<\/li>\n<li><strong>Rettifica,<\/strong> il diritto che consente all&#8217;interessato di chiedere la modifica dei dati inesatti o incompleti.<\/li>\n<li><strong>Opposizione<\/strong>, il diritto di una persona di opporsi al trattamento dei propri dati personali o alla cessazione di tale trattamento.<\/li>\n<li><strong>Decisioni individuali automatizzate<\/strong>, il diritto a non essere sottoposto a una decisione basata unicamente su un trattamento automatizzato, compresa la profilazione, che produca effetti giuridici su di lui o che analogamente lo riguardi in modo significativo<\/li>\n<li><strong>Limitazione<\/strong>, il diritto di sospendere il trattamento dei dati personali dell&#8217;utente in determinati casi.<\/li>\n<li><strong>Cancellazione<\/strong>, il diritto alla cancellazione dei dati personali dell&#8217;interessato.<\/li>\n<li><strong>Portabilit\u00e0<\/strong>, il diritto di chiedere al responsabile del trattamento di fornire i dati personali in un formato strutturato e chiaro a un altro responsabile.<\/li>\n<\/ul>\n<p>&nbsp;<\/p>\n<p>Il periodo massimo per l\u2019evasione della richiesta \u00e8 di 30 giorni dalla sua ricezione, tuttavia pu\u00f2 essere prorogato per un periodo massimo di 2 mesi, laddove necessario.<\/p>\n<p>Il richiedente pu\u00f2 esercitare i propri diritti attraverso i seguenti mezzi:<\/p>\n<ul>\n<li>E-mail a rgpd@royogroup.com, fornendo la documentazione che attesti l&#8217;identit\u00e0 del richiedente (copia fronte della documento d&#8217;identit\u00e0 nazionale o equivalente).<\/li>\n<li>Posta tradizionale a C\/Rio Vinalopo, 69 \u2013 46930 Quart de Poblet (Valencia) fornendo la documentazione che attesti l&#8217;identit\u00e0 del richiedente (copia fronte della documento d&#8217;identit\u00e0 nazionale o equivalente).<\/li>\n<li>In ogni caso, \u00e8 possible avvlaersi della tutela dell\u2019Agenzia Spagnola per la Protezione dei Dati attraverso la sua <a href=\"http:\/\/www.aepd.es\">p\u00e1gina web<\/a><\/li>\n<\/ul>\n<p>&nbsp;<\/p>\n<p><strong>MODIFICHE ALLA PRESENTE POLITICA SULLA PRIVACY<\/strong><\/p>\n<p>\u00c8 possibile che la presente Politica sulla Privacy venga rivista al fine di aggiornare le modifiche in merito alla legislazione vigente, aggiornare le procedure di raccolta e utilizzo dei dati personali, l\u2019aggiunta di nuovi servizi o l&#8217;esclusione di altri. Queste modifiche saranno effettive dal momento della pubblicazione sul sito web, quindi \u00e8 importante che l&#8217;utente prenda visione regolarmente della Politica sulla Privacy per essere informato su eventuali modifiche.[\/vc_column_text][\/vc_column_inner][\/vc_row_inner][\/vc_column][\/vc_row]<\/p>\n<\/div>","protected":false},"excerpt":{"rendered":"<p>[vc_row][vc_column][vc_row_inner][vc_column_inner][vc_column_text] Politica sulla Privacy [\/vc_column_text][vc_column_text]Data dell\u2019ultimo aggiornamento: 11\/03\/2021 CHI \u00c8 IL RESPONSABILE DEL TRATTAMENTO DEI DATI? Identit\u00e0 del responsabile Royo Spain SL (CF: B98777246) Indirizzo C\/Rio Vinalopo, 69 \u2013 46930&#8230;<\/p>\n","protected":false},"author":6,"featured_media":0,"parent":0,"menu_order":0,"comment_status":"closed","ping_status":"closed","template":"","meta":{"inline_featured_image":false,"_exactmetrics_skip_tracking":false,"_exactmetrics_sitenote_active":false,"_exactmetrics_sitenote_note":"","_exactmetrics_sitenote_category":0,"footnotes":""},"yoast_head":"<!-- This site is optimized with the Yoast SEO plugin v22.8 - https:\/\/yoast.com\/wordpress\/plugins\/seo\/ -->\n<title>Politica sulla Privacy &#8902; Royo<\/title>\n<meta name=\"robots\" content=\"index, follow, max-snippet:-1, max-image-preview:large, max-video-preview:-1\" \/>\n<link rel=\"canonical\" href=\"https:\/\/www.royogroup.com\/it\/politica-sulla-privacy\/\" \/>\n<meta property=\"og:locale\" content=\"it_IT\" \/>\n<meta property=\"og:type\" content=\"article\" \/>\n<meta property=\"og:title\" content=\"Politica sulla Privacy &#8902; Royo\" \/>\n<meta property=\"og:description\" content=\"[vc_row][vc_column][vc_row_inner][vc_column_inner][vc_column_text] Politica sulla Privacy [\/vc_column_text][vc_column_text]Data dell\u2019ultimo aggiornamento: 11\/03\/2021 CHI \u00c8 IL RESPONSABILE DEL TRATTAMENTO DEI DATI? Identit\u00e0 del responsabile Royo Spain SL (CF: B98777246) Indirizzo C\/Rio Vinalopo, 69 \u2013 46930...\" \/>\n<meta property=\"og:url\" content=\"https:\/\/www.royogroup.com\/it\/politica-sulla-privacy\/\" \/>\n<meta property=\"og:site_name\" content=\"Royo\" \/>\n<meta property=\"article:publisher\" content=\"https:\/\/www.facebook.com\/royogroup\/\" \/>\n<meta property=\"article:modified_time\" content=\"2022-02-11T08:25:05+00:00\" \/>\n<meta name=\"twitter:card\" content=\"summary_large_image\" \/>\n<meta name=\"twitter:label1\" content=\"Tempo di lettura stimato\" \/>\n\t<meta name=\"twitter:data1\" content=\"4 minuti\" \/>\n<script type=\"application\/ld+json\" class=\"yoast-schema-graph\">{\"@context\":\"https:\/\/schema.org\",\"@graph\":[{\"@type\":\"WebPage\",\"@id\":\"https:\/\/www.royogroup.com\/it\/politica-sulla-privacy\/\",\"url\":\"https:\/\/www.royogroup.com\/it\/politica-sulla-privacy\/\",\"name\":\"Politica sulla Privacy &#8902; Royo\",\"isPartOf\":{\"@id\":\"https:\/\/www.royogroup.com\/#website\"},\"datePublished\":\"2021-03-23T06:30:51+00:00\",\"dateModified\":\"2022-02-11T08:25:05+00:00\",\"breadcrumb\":{\"@id\":\"https:\/\/www.royogroup.com\/it\/politica-sulla-privacy\/#breadcrumb\"},\"inLanguage\":\"it-IT\",\"potentialAction\":[{\"@type\":\"ReadAction\",\"target\":[\"https:\/\/www.royogroup.com\/it\/politica-sulla-privacy\/\"]}]},{\"@type\":\"BreadcrumbList\",\"@id\":\"https:\/\/www.royogroup.com\/it\/politica-sulla-privacy\/#breadcrumb\",\"itemListElement\":[{\"@type\":\"ListItem\",\"position\":1,\"name\":\"ROYO\",\"item\":\"https:\/\/www.royogroup.com\/it\/\"},{\"@type\":\"ListItem\",\"position\":2,\"name\":\"Politica sulla Privacy\"}]},{\"@type\":\"WebSite\",\"@id\":\"https:\/\/www.royogroup.com\/#website\",\"url\":\"https:\/\/www.royogroup.com\/\",\"name\":\"Royo\",\"description\":\"Muebles de Ba\u00f1o\",\"publisher\":{\"@id\":\"https:\/\/www.royogroup.com\/#organization\"},\"potentialAction\":[{\"@type\":\"SearchAction\",\"target\":{\"@type\":\"EntryPoint\",\"urlTemplate\":\"https:\/\/www.royogroup.com\/?s={search_term_string}\"},\"query-input\":\"required name=search_term_string\"}],\"inLanguage\":\"it-IT\"},{\"@type\":\"Organization\",\"@id\":\"https:\/\/www.royogroup.com\/#organization\",\"name\":\"Royo\",\"url\":\"https:\/\/www.royogroup.com\/\",\"logo\":{\"@type\":\"ImageObject\",\"inLanguage\":\"it-IT\",\"@id\":\"https:\/\/www.royogroup.com\/#\/schema\/logo\/image\/\",\"url\":\"https:\/\/www.royogroup.com\/wp-content\/uploads\/2018\/02\/Logo-Royo.png\",\"contentUrl\":\"https:\/\/www.royogroup.com\/wp-content\/uploads\/2018\/02\/Logo-Royo.png\",\"width\":264,\"height\":128,\"caption\":\"Royo\"},\"image\":{\"@id\":\"https:\/\/www.royogroup.com\/#\/schema\/logo\/image\/\"},\"sameAs\":[\"https:\/\/www.facebook.com\/royogroup\/\",\"https:\/\/www.instagram.com\/royogroup\/\",\"https:\/\/www.linkedin.com\/company\/980832\/\",\"https:\/\/www.pinterest.es\/royogroup\/\",\"https:\/\/www.youtube.com\/user\/RoyoGroup\"]}]}<\/script>\n<!-- \/ Yoast SEO plugin. -->","yoast_head_json":{"title":"Politica sulla Privacy &#8902; Royo","robots":{"index":"index","follow":"follow","max-snippet":"max-snippet:-1","max-image-preview":"max-image-preview:large","max-video-preview":"max-video-preview:-1"},"canonical":"https:\/\/www.royogroup.com\/it\/politica-sulla-privacy\/","og_locale":"it_IT","og_type":"article","og_title":"Politica sulla Privacy &#8902; Royo","og_description":"[vc_row][vc_column][vc_row_inner][vc_column_inner][vc_column_text] Politica sulla Privacy [\/vc_column_text][vc_column_text]Data dell\u2019ultimo aggiornamento: 11\/03\/2021 CHI \u00c8 IL RESPONSABILE DEL TRATTAMENTO DEI DATI? Identit\u00e0 del responsabile Royo Spain SL (CF: B98777246) Indirizzo C\/Rio Vinalopo, 69 \u2013 46930...","og_url":"https:\/\/www.royogroup.com\/it\/politica-sulla-privacy\/","og_site_name":"Royo","article_publisher":"https:\/\/www.facebook.com\/royogroup\/","article_modified_time":"2022-02-11T08:25:05+00:00","twitter_card":"summary_large_image","twitter_misc":{"Tempo di lettura stimato":"4 minuti"},"schema":{"@context":"https:\/\/schema.org","@graph":[{"@type":"WebPage","@id":"https:\/\/www.royogroup.com\/it\/politica-sulla-privacy\/","url":"https:\/\/www.royogroup.com\/it\/politica-sulla-privacy\/","name":"Politica sulla Privacy &#8902; Royo","isPartOf":{"@id":"https:\/\/www.royogroup.com\/#website"},"datePublished":"2021-03-23T06:30:51+00:00","dateModified":"2022-02-11T08:25:05+00:00","breadcrumb":{"@id":"https:\/\/www.royogroup.com\/it\/politica-sulla-privacy\/#breadcrumb"},"inLanguage":"it-IT","potentialAction":[{"@type":"ReadAction","target":["https:\/\/www.royogroup.com\/it\/politica-sulla-privacy\/"]}]},{"@type":"BreadcrumbList","@id":"https:\/\/www.royogroup.com\/it\/politica-sulla-privacy\/#breadcrumb","itemListElement":[{"@type":"ListItem","position":1,"name":"ROYO","item":"https:\/\/www.royogroup.com\/it\/"},{"@type":"ListItem","position":2,"name":"Politica sulla Privacy"}]},{"@type":"WebSite","@id":"https:\/\/www.royogroup.com\/#website","url":"https:\/\/www.royogroup.com\/","name":"Royo","description":"Muebles de Ba\u00f1o","publisher":{"@id":"https:\/\/www.royogroup.com\/#organization"},"potentialAction":[{"@type":"SearchAction","target":{"@type":"EntryPoint","urlTemplate":"https:\/\/www.royogroup.com\/?s={search_term_string}"},"query-input":"required name=search_term_string"}],"inLanguage":"it-IT"},{"@type":"Organization","@id":"https:\/\/www.royogroup.com\/#organization","name":"Royo","url":"https:\/\/www.royogroup.com\/","logo":{"@type":"ImageObject","inLanguage":"it-IT","@id":"https:\/\/www.royogroup.com\/#\/schema\/logo\/image\/","url":"https:\/\/www.royogroup.com\/wp-content\/uploads\/2018\/02\/Logo-Royo.png","contentUrl":"https:\/\/www.royogroup.com\/wp-content\/uploads\/2018\/02\/Logo-Royo.png","width":264,"height":128,"caption":"Royo"},"image":{"@id":"https:\/\/www.royogroup.com\/#\/schema\/logo\/image\/"},"sameAs":["https:\/\/www.facebook.com\/royogroup\/","https:\/\/www.instagram.com\/royogroup\/","https:\/\/www.linkedin.com\/company\/980832\/","https:\/\/www.pinterest.es\/royogroup\/","https:\/\/www.youtube.com\/user\/RoyoGroup"]}]}},"_links":{"self":[{"href":"https:\/\/www.royogroup.com\/it\/wp-json\/wp\/v2\/pages\/24484"}],"collection":[{"href":"https:\/\/www.royogroup.com\/it\/wp-json\/wp\/v2\/pages"}],"about":[{"href":"https:\/\/www.royogroup.com\/it\/wp-json\/wp\/v2\/types\/page"}],"author":[{"embeddable":true,"href":"https:\/\/www.royogroup.com\/it\/wp-json\/wp\/v2\/users\/6"}],"replies":[{"embeddable":true,"href":"https:\/\/www.royogroup.com\/it\/wp-json\/wp\/v2\/comments?post=24484"}],"version-history":[{"count":2,"href":"https:\/\/www.royogroup.com\/it\/wp-json\/wp\/v2\/pages\/24484\/revisions"}],"predecessor-version":[{"id":28682,"href":"https:\/\/www.royogroup.com\/it\/wp-json\/wp\/v2\/pages\/24484\/revisions\/28682"}],"wp:attachment":[{"href":"https:\/\/www.royogroup.com\/it\/wp-json\/wp\/v2\/media?parent=24484"}],"curies":[{"name":"wp","href":"https:\/\/api.w.org\/{rel}","templated":true}]}}