{"id":28689,"date":"2018-01-27T15:45:51","date_gmt":"2018-01-27T14:45:51","guid":{"rendered":"https:\/\/royogroup.xrunit.com\/nosotros\/"},"modified":"2022-03-09T16:49:25","modified_gmt":"2022-03-09T15:49:25","slug":"nostra-azienda","status":"publish","type":"page","link":"https:\/\/www.royogroup.com\/it\/nostra-azienda\/","title":{"rendered":"Nostra Azienda"},"content":{"rendered":"<div class=\"wpb-content-wrapper\"><p>[vc_section full_width=&#8221;stretch_row&#8221; css=&#8221;.vc_custom_1644248896089{margin-top: 60px !important;background-image: url(https:\/\/www.royogroup.com\/wp-content\/uploads\/2022\/02\/IMAGEN_Nosotros.jpg?id=27987) !important;background-position: center !important;background-repeat: no-repeat !important;background-size: cover !important;}&#8221;][vc_row][vc_column][vc_empty_space height=&#8221;60px&#8221;][vc_column_text]<\/p>\n<h3><span style=\"color: #003057;\">Celebriamo 50 anni<\/span><\/h3>\n<p>[\/vc_column_text][vc_empty_space height=&#8221;20px&#8221;][vc_column_text el_class=&#8221;text-quienes-somos&#8221;]<span style=\"color: #003057;\">50 anni che profumiamo di legno. 50 anni di lavoro di squadra. 50 anni nella produzione di mobili. 50 anni in cui progettiamo tendenze. 50 anni di innovazione. 50 anni di crescita sostenibile. 50 anni di crescita insieme a te. 50 anni che condividiamo storie. 50 anni di ispirazione all&#8217;interno delle abitazioni. 50 anni che siamo Royo.<\/span><\/p>\n<p><span style=\"color: #003057;\">50 anni fa abbiamo iniziato a condividere con voi i nostri sogni e progetti e vogliamo continuare a festeggiare insieme tanti altri momenti. Non perderemo mai l&#8217;entusiasmo e la voglia di sorprendervi e conquistarvi con le nostre collezioni. Siamo felici di poter offrire, dopo tanti anni, il consolidamento di un sogno diventato realt\u00e0. Grazie per far parte dei 50 anni di storia di Royo.<\/span>[\/vc_column_text][\/vc_column][\/vc_row][vc_row css=&#8221;.vc_custom_1593592839763{padding-top: 60px !important;padding-bottom: 60px !important;}&#8221;][vc_column width=&#8221;1\/4&#8243;][vc_column_text el_class=&#8221;info-quienes-somos&#8221;]<span style=\"color: #003057;\">+ 50<\/span>[\/vc_column_text][vc_column_text el_class=&#8221;info-text-quienes-somos&#8221;]<span style=\"color: #003057;\">anni di storia<\/span>[\/vc_column_text][\/vc_column][vc_column width=&#8221;1\/4&#8243;][vc_column_text el_class=&#8221;info-quienes-somos&#8221;]<span style=\"color: #003057;\">+ 980<\/span>[\/vc_column_text][vc_column_text el_class=&#8221;info-text-quienes-somos&#8221;]<span style=\"color: #003057;\">impiegati<\/span>[\/vc_column_text][\/vc_column][vc_column width=&#8221;1\/4&#8243;][vc_column_text el_class=&#8221;info-quienes-somos&#8221;]<span style=\"color: #003057;\">+ 100<\/span>[\/vc_column_text][vc_column_text el_class=&#8221;info-text-quienes-somos&#8221;]<span style=\"color: #003057;\">paesi<\/span>[\/vc_column_text][\/vc_column][vc_column width=&#8221;1\/4&#8243;][vc_column_text el_class=&#8221;info-quienes-somos&#8221;]<span style=\"color: #003057;\">+ 15.000<\/span>[\/vc_column_text][vc_column_text el_class=&#8221;info-text-quienes-somos&#8221;]<span style=\"color: #003057;\">punti di vendita<\/span>[\/vc_column_text][\/vc_column][\/vc_row][\/vc_section][vc_section full_width=&#8221;stretch_row&#8221; content_placement=&#8221;middle&#8221; css=&#8221;.vc_custom_1644227065626{padding-top: 60px !important;padding-bottom: 60px !important;background-color: #d6d1ca !important;}&#8221;][vc_row content_width=&#8221;grid&#8221;][vc_column][vc_column_text css=&#8221;.vc_custom_1646647706527{margin-bottom: 20px !important;}&#8221; el_class=&#8221;title-quienes-somos&#8221;]<\/p>\n<h3><span style=\"color: #003057;\">Nostra storia<\/span><\/h3>\n<p>[\/vc_column_text][\/vc_column][\/vc_row][vc_row content_aligment=&#8221;center&#8221;][vc_column css=&#8221;.vc_custom_1644388214032{padding-right: 0px !important;padding-left: 0px !important;}&#8221;][vc_single_image image=&#8221;28518&#8243; img_size=&#8221;full&#8221; alignment=&#8221;center&#8221;][\/vc_column][\/vc_row][\/vc_section][vc_section css=&#8221;.vc_custom_1593594692643{padding-top: 60px !important;padding-bottom: 60px !important;}&#8221;][vc_row][vc_column][vc_column_text css=&#8221;.vc_custom_1646840907370{margin-bottom: 20px !important;}&#8221; el_class=&#8221;title-quienes-somos&#8221;]<\/p>\n<h3><span style=\"color: #003057;\">L&#8217;essenza del marchio Royo<\/span><\/h3>\n<p>[\/vc_column_text][vc_empty_space height=&#8221;40px&#8221;][\/vc_column][\/vc_row][vc_row][vc_column width=&#8221;1\/2&#8243;][vc_column_text]<\/p>\n<h4><span style=\"color: #003057;\">Innovazione, un percorso<\/span><\/h4>\n<h4><span style=\"color: #003057;\">tra ispirazione e creativit\u00e0<\/span><\/h4>\n<p>[\/vc_column_text][vc_empty_space height=&#8221;20px&#8221;][vc_column_text]<span style=\"color: #003057;\">Non sappiamo n\u00e9 vogliamo restare fermi. Ci appassiona il nostro lavoro, ed \u00e8 per questo che ogni anno ci sforziamo di migliorare per progettare nuovi prodotti innovativi, all&#8217;avanguardia e stimolanti.<\/span><\/p>\n<p><span style=\"color: #003057;\">Ne sono una prova i numerosi brevetti industriali che abbiamo in Royo e il &#8216;<em>b<\/em><em>est seller<\/em>&#8216; in diversi segmenti di mercato.<\/span><\/p>\n<p><span style=\"color: #003057;\">Vogliamo essere la tua ispirazione per creare rifugi personali grazie ai nostri mobili da bagno sviluppati con le tecnologie e design pi\u00f9 innovativi.<\/span>[\/vc_column_text][\/vc_column][vc_column width=&#8221;1\/2&#8243;][vc_single_image image=&#8221;27098&#8243; img_size=&#8221;full&#8221;][\/vc_column][\/vc_row][vc_row][vc_column width=&#8221;1\/2&#8243;][vc_empty_space height=&#8221;100px&#8221;][vc_single_image image=&#8221;27103&#8243; img_size=&#8221;full&#8221;][\/vc_column][vc_column width=&#8221;1\/2&#8243;][vc_empty_space height=&#8221;100px&#8221;][vc_column_text]<\/p>\n<h4><span style=\"color: #003057;\">Miglioramento continuo,<\/span><\/h4>\n<h4><span style=\"color: #003057;\">una questione di adattamento<\/span><\/h4>\n<p>[\/vc_column_text][vc_empty_space height=&#8221;20px&#8221;][vc_column_text]<span style=\"color: #003057;\">Ci siamo adattati a tutti i cambiamenti che si sono presentati per affrontare le sfide e diventare pi\u00f9 grandi, pi\u00f9 efficienti, pi\u00f9 redditizi e innovativi, senza trascurare la nostra essenza.<\/span><\/p>\n<p><span style=\"color: #003057;\">Siamo pionieri nel nostro settore nell&#8217;implementazione della &#8220;Lean Manufacturing&#8221; e continuiamo a lavorare al miglioramento continuo, contribuendo cos\u00ec all&#8217;efficienza e alla qualit\u00e0 dei nostri prodotti Royo.<\/span>[\/vc_column_text][\/vc_column][\/vc_row][vc_row][vc_column width=&#8221;1\/2&#8243;][vc_empty_space height=&#8221;100px&#8221;][vc_column_text]<\/p>\n<h4><span style=\"color: #003057;\">Sostenibilit\u00e0, la nostra eredit\u00e0<\/span><\/h4>\n<h4><span style=\"color: #003057;\">per le generazioni future<\/span><\/h4>\n<p>[\/vc_column_text][vc_empty_space height=&#8221;20px&#8221;][vc_column_text]<span style=\"color: #003057;\">Il marchio Royo\u00a0si impegna a rispettare e proteggere i diritti umani e l&#8217;ambiente lungo tutta la catena di valore.\u00a0<\/span><\/p>\n<p><span style=\"color: #003057;\">Come risultato di questa filosofia, Royo si allinea agli Obiettivi di Sviluppo Sostenibile delle Nazioni Unite seguendo il suo Piano di Sostenibilit\u00e0.<\/span>[\/vc_column_text][\/vc_column][vc_column width=&#8221;1\/2&#8243;][vc_empty_space height=&#8221;100px&#8221;][vc_single_image image=&#8221;27108&#8243; img_size=&#8221;full&#8221;][\/vc_column][\/vc_row][vc_row][vc_column width=&#8221;1\/2&#8243;][vc_empty_space height=&#8221;100px&#8221;][vc_single_image image=&#8221;27113&#8243; img_size=&#8221;full&#8221;][\/vc_column][vc_column width=&#8221;1\/2&#8243;][vc_empty_space height=&#8221;100px&#8221;][vc_column_text]<\/p>\n<h4><span style=\"color: #003057;\">Le persone, il <\/span><span style=\"color: #003057;\">talento di Royo<\/span><\/h4>\n<p>[\/vc_column_text][vc_empty_space height=&#8221;20px&#8221;][vc_column_text]<span style=\"color: #003057;\">In un ambiente in continua evoluzione, il talento \u00e8 uno dei nostri principali asset, che curiamo con attenzione al fine di creare un rapporto con il nostro team che generaun clima di benessere e impegno.<\/span><\/p>\n<p><span style=\"color: #003057;\">In Royo, lo spirito di squadra \u00e8 profondamente radicato nella nostra filosofia. L&#8217;intera organizzazione \u00e8 finalizzata a promuovere il coordinamento dei nostri lavoratori, condividendo conoscenze, esperienze e sforzi, attraverso il supporto e la collaborazione che esiste tra i colleghi.<\/span><\/p>\n<p><span style=\"color: #003057;\">Una relazione che va oltre il lavoro. \u00c8 un viaggio che intraprendiamo insieme, allineando le aspettative, per crescere omogeneamente.<\/span>[\/vc_column_text][\/vc_column][\/vc_row][\/vc_section]<\/p>\n<\/div>","protected":false},"excerpt":{"rendered":"<p>[vc_section full_width=&#8221;stretch_row&#8221; css=&#8221;.vc_custom_1644248896089{margin-top: 60px !important;background-image: url(https:\/\/www.royogroup.com\/wp-content\/uploads\/2022\/02\/IMAGEN_Nosotros.jpg?id=27987) !important;background-position: center !important;background-repeat: no-repeat !important;background-size: cover !important;}&#8221;][vc_row][vc_column][vc_empty_space height=&#8221;60px&#8221;][vc_column_text] Celebriamo 50 anni [\/vc_column_text][vc_empty_space height=&#8221;20px&#8221;][vc_column_text el_class=&#8221;text-quienes-somos&#8221;]50 anni che profumiamo di legno. 50 anni di lavoro di&#8230;<\/p>\n","protected":false},"author":2,"featured_media":0,"parent":0,"menu_order":0,"comment_status":"closed","ping_status":"closed","template":"","meta":{"inline_featured_image":false,"_exactmetrics_skip_tracking":false,"_exactmetrics_sitenote_active":false,"_exactmetrics_sitenote_note":"","_exactmetrics_sitenote_category":0,"footnotes":""},"yoast_head":"<!-- This site is optimized with the Yoast SEO plugin v22.8 - https:\/\/yoast.com\/wordpress\/plugins\/seo\/ -->\n<title>Nostra Azienda &#8902; Royo<\/title>\n<meta name=\"description\" content=\"50 a\u00f1os oliendo a madera. 50 a\u00f1os siendo un equipo. 50 a\u00f1os fabricando muebles. 50 a\u00f1os dise\u00f1ando tendencias. 50 a\u00f1os innovando. 50 a\u00f1os evolucionando de forma sostenible. 50 a\u00f1os creciendo junto a ti. 50 a\u00f1os compartiendo historias. 50 a\u00f1os siendo inspiraci\u00f3n en los hogares. 50 a\u00f1os siendo Royo.\" \/>\n<meta name=\"robots\" content=\"index, follow, max-snippet:-1, max-image-preview:large, max-video-preview:-1\" \/>\n<link rel=\"canonical\" href=\"https:\/\/www.royogroup.com\/it\/nostra-azienda\/\" \/>\n<meta property=\"og:locale\" content=\"it_IT\" \/>\n<meta property=\"og:type\" content=\"article\" \/>\n<meta property=\"og:title\" content=\"Nostra Azienda &#8902; Royo\" \/>\n<meta property=\"og:description\" content=\"50 a\u00f1os oliendo a madera. 50 a\u00f1os siendo un equipo. 50 a\u00f1os fabricando muebles. 50 a\u00f1os dise\u00f1ando tendencias. 50 a\u00f1os innovando. 50 a\u00f1os evolucionando de forma sostenible. 50 a\u00f1os creciendo junto a ti. 50 a\u00f1os compartiendo historias. 50 a\u00f1os siendo inspiraci\u00f3n en los hogares. 50 a\u00f1os siendo Royo.\" \/>\n<meta property=\"og:url\" content=\"https:\/\/www.royogroup.com\/it\/nostra-azienda\/\" \/>\n<meta property=\"og:site_name\" content=\"Royo\" \/>\n<meta property=\"article:publisher\" content=\"https:\/\/www.facebook.com\/royogroup\/\" \/>\n<meta property=\"article:modified_time\" content=\"2022-03-09T15:49:25+00:00\" \/>\n<meta name=\"twitter:card\" content=\"summary_large_image\" \/>\n<meta name=\"twitter:label1\" content=\"Tempo di lettura stimato\" \/>\n\t<meta name=\"twitter:data1\" content=\"4 minuti\" \/>\n<script type=\"application\/ld+json\" class=\"yoast-schema-graph\">{\"@context\":\"https:\/\/schema.org\",\"@graph\":[{\"@type\":\"WebPage\",\"@id\":\"https:\/\/www.royogroup.com\/it\/nostra-azienda\/\",\"url\":\"https:\/\/www.royogroup.com\/it\/nostra-azienda\/\",\"name\":\"Nostra Azienda &#8902; Royo\",\"isPartOf\":{\"@id\":\"https:\/\/www.royogroup.com\/#website\"},\"datePublished\":\"2018-01-27T14:45:51+00:00\",\"dateModified\":\"2022-03-09T15:49:25+00:00\",\"description\":\"50 a\u00f1os oliendo a madera. 50 a\u00f1os siendo un equipo. 50 a\u00f1os fabricando muebles. 50 a\u00f1os dise\u00f1ando tendencias. 50 a\u00f1os innovando. 50 a\u00f1os evolucionando de forma sostenible. 50 a\u00f1os creciendo junto a ti. 50 a\u00f1os compartiendo historias. 50 a\u00f1os siendo inspiraci\u00f3n en los hogares. 50 a\u00f1os siendo Royo.\",\"breadcrumb\":{\"@id\":\"https:\/\/www.royogroup.com\/it\/nostra-azienda\/#breadcrumb\"},\"inLanguage\":\"it-IT\",\"potentialAction\":[{\"@type\":\"ReadAction\",\"target\":[\"https:\/\/www.royogroup.com\/it\/nostra-azienda\/\"]}]},{\"@type\":\"BreadcrumbList\",\"@id\":\"https:\/\/www.royogroup.com\/it\/nostra-azienda\/#breadcrumb\",\"itemListElement\":[{\"@type\":\"ListItem\",\"position\":1,\"name\":\"ROYO\",\"item\":\"https:\/\/www.royogroup.com\/it\/\"},{\"@type\":\"ListItem\",\"position\":2,\"name\":\"Nostra Azienda\"}]},{\"@type\":\"WebSite\",\"@id\":\"https:\/\/www.royogroup.com\/#website\",\"url\":\"https:\/\/www.royogroup.com\/\",\"name\":\"Royo\",\"description\":\"Muebles de Ba\u00f1o\",\"publisher\":{\"@id\":\"https:\/\/www.royogroup.com\/#organization\"},\"potentialAction\":[{\"@type\":\"SearchAction\",\"target\":{\"@type\":\"EntryPoint\",\"urlTemplate\":\"https:\/\/www.royogroup.com\/?s={search_term_string}\"},\"query-input\":\"required name=search_term_string\"}],\"inLanguage\":\"it-IT\"},{\"@type\":\"Organization\",\"@id\":\"https:\/\/www.royogroup.com\/#organization\",\"name\":\"Royo\",\"url\":\"https:\/\/www.royogroup.com\/\",\"logo\":{\"@type\":\"ImageObject\",\"inLanguage\":\"it-IT\",\"@id\":\"https:\/\/www.royogroup.com\/#\/schema\/logo\/image\/\",\"url\":\"https:\/\/www.royogroup.com\/wp-content\/uploads\/2018\/02\/Logo-Royo.png\",\"contentUrl\":\"https:\/\/www.royogroup.com\/wp-content\/uploads\/2018\/02\/Logo-Royo.png\",\"width\":264,\"height\":128,\"caption\":\"Royo\"},\"image\":{\"@id\":\"https:\/\/www.royogroup.com\/#\/schema\/logo\/image\/\"},\"sameAs\":[\"https:\/\/www.facebook.com\/royogroup\/\",\"https:\/\/www.instagram.com\/royogroup\/\",\"https:\/\/www.linkedin.com\/company\/980832\/\",\"https:\/\/www.pinterest.es\/royogroup\/\",\"https:\/\/www.youtube.com\/user\/RoyoGroup\"]}]}<\/script>\n<!-- \/ Yoast SEO plugin. -->","yoast_head_json":{"title":"Nostra Azienda &#8902; Royo","description":"50 a\u00f1os oliendo a madera. 50 a\u00f1os siendo un equipo. 50 a\u00f1os fabricando muebles. 50 a\u00f1os dise\u00f1ando tendencias. 50 a\u00f1os innovando. 50 a\u00f1os evolucionando de forma sostenible. 50 a\u00f1os creciendo junto a ti. 50 a\u00f1os compartiendo historias. 50 a\u00f1os siendo inspiraci\u00f3n en los hogares. 50 a\u00f1os siendo Royo.","robots":{"index":"index","follow":"follow","max-snippet":"max-snippet:-1","max-image-preview":"max-image-preview:large","max-video-preview":"max-video-preview:-1"},"canonical":"https:\/\/www.royogroup.com\/it\/nostra-azienda\/","og_locale":"it_IT","og_type":"article","og_title":"Nostra Azienda &#8902; Royo","og_description":"50 a\u00f1os oliendo a madera. 50 a\u00f1os siendo un equipo. 50 a\u00f1os fabricando muebles. 50 a\u00f1os dise\u00f1ando tendencias. 50 a\u00f1os innovando. 50 a\u00f1os evolucionando de forma sostenible. 50 a\u00f1os creciendo junto a ti. 50 a\u00f1os compartiendo historias. 50 a\u00f1os siendo inspiraci\u00f3n en los hogares. 50 a\u00f1os siendo Royo.","og_url":"https:\/\/www.royogroup.com\/it\/nostra-azienda\/","og_site_name":"Royo","article_publisher":"https:\/\/www.facebook.com\/royogroup\/","article_modified_time":"2022-03-09T15:49:25+00:00","twitter_card":"summary_large_image","twitter_misc":{"Tempo di lettura stimato":"4 minuti"},"schema":{"@context":"https:\/\/schema.org","@graph":[{"@type":"WebPage","@id":"https:\/\/www.royogroup.com\/it\/nostra-azienda\/","url":"https:\/\/www.royogroup.com\/it\/nostra-azienda\/","name":"Nostra Azienda &#8902; Royo","isPartOf":{"@id":"https:\/\/www.royogroup.com\/#website"},"datePublished":"2018-01-27T14:45:51+00:00","dateModified":"2022-03-09T15:49:25+00:00","description":"50 a\u00f1os oliendo a madera. 50 a\u00f1os siendo un equipo. 50 a\u00f1os fabricando muebles. 50 a\u00f1os dise\u00f1ando tendencias. 50 a\u00f1os innovando. 50 a\u00f1os evolucionando de forma sostenible. 50 a\u00f1os creciendo junto a ti. 50 a\u00f1os compartiendo historias. 50 a\u00f1os siendo inspiraci\u00f3n en los hogares. 50 a\u00f1os siendo Royo.","breadcrumb":{"@id":"https:\/\/www.royogroup.com\/it\/nostra-azienda\/#breadcrumb"},"inLanguage":"it-IT","potentialAction":[{"@type":"ReadAction","target":["https:\/\/www.royogroup.com\/it\/nostra-azienda\/"]}]},{"@type":"BreadcrumbList","@id":"https:\/\/www.royogroup.com\/it\/nostra-azienda\/#breadcrumb","itemListElement":[{"@type":"ListItem","position":1,"name":"ROYO","item":"https:\/\/www.royogroup.com\/it\/"},{"@type":"ListItem","position":2,"name":"Nostra Azienda"}]},{"@type":"WebSite","@id":"https:\/\/www.royogroup.com\/#website","url":"https:\/\/www.royogroup.com\/","name":"Royo","description":"Muebles de Ba\u00f1o","publisher":{"@id":"https:\/\/www.royogroup.com\/#organization"},"potentialAction":[{"@type":"SearchAction","target":{"@type":"EntryPoint","urlTemplate":"https:\/\/www.royogroup.com\/?s={search_term_string}"},"query-input":"required name=search_term_string"}],"inLanguage":"it-IT"},{"@type":"Organization","@id":"https:\/\/www.royogroup.com\/#organization","name":"Royo","url":"https:\/\/www.royogroup.com\/","logo":{"@type":"ImageObject","inLanguage":"it-IT","@id":"https:\/\/www.royogroup.com\/#\/schema\/logo\/image\/","url":"https:\/\/www.royogroup.com\/wp-content\/uploads\/2018\/02\/Logo-Royo.png","contentUrl":"https:\/\/www.royogroup.com\/wp-content\/uploads\/2018\/02\/Logo-Royo.png","width":264,"height":128,"caption":"Royo"},"image":{"@id":"https:\/\/www.royogroup.com\/#\/schema\/logo\/image\/"},"sameAs":["https:\/\/www.facebook.com\/royogroup\/","https:\/\/www.instagram.com\/royogroup\/","https:\/\/www.linkedin.com\/company\/980832\/","https:\/\/www.pinterest.es\/royogroup\/","https:\/\/www.youtube.com\/user\/RoyoGroup"]}]}},"_links":{"self":[{"href":"https:\/\/www.royogroup.com\/it\/wp-json\/wp\/v2\/pages\/28689"}],"collection":[{"href":"https:\/\/www.royogroup.com\/it\/wp-json\/wp\/v2\/pages"}],"about":[{"href":"https:\/\/www.royogroup.com\/it\/wp-json\/wp\/v2\/types\/page"}],"author":[{"embeddable":true,"href":"https:\/\/www.royogroup.com\/it\/wp-json\/wp\/v2\/users\/2"}],"replies":[{"embeddable":true,"href":"https:\/\/www.royogroup.com\/it\/wp-json\/wp\/v2\/comments?post=28689"}],"version-history":[{"count":8,"href":"https:\/\/www.royogroup.com\/it\/wp-json\/wp\/v2\/pages\/28689\/revisions"}],"predecessor-version":[{"id":30378,"href":"https:\/\/www.royogroup.com\/it\/wp-json\/wp\/v2\/pages\/28689\/revisions\/30378"}],"wp:attachment":[{"href":"https:\/\/www.royogroup.com\/it\/wp-json\/wp\/v2\/media?parent=28689"}],"curies":[{"name":"wp","href":"https:\/\/api.w.org\/{rel}","templated":true}]}}