{"id":28703,"date":"2022-01-25T10:52:55","date_gmt":"2022-01-25T09:52:55","guid":{"rendered":"https:\/\/royogroup.xrunit.com\/sostenibilidad\/"},"modified":"2023-05-08T08:38:46","modified_gmt":"2023-05-08T06:38:46","slug":"sostenibilita-2","status":"publish","type":"page","link":"https:\/\/www.royogroup.com\/it\/sostenibilita-2\/","title":{"rendered":"Sostenibilit\u00e0"},"content":{"rendered":"<div class=\"wpb-content-wrapper\"><p>[vc_section full_width=&#8221;stretch_row&#8221; css=&#8221;.vc_custom_1644326173795{background-image: url(https:\/\/www.royogroup.com\/wp-content\/uploads\/2022\/02\/Sostenibilidad.jpg?id=28387) !important;background-position: center !important;background-repeat: no-repeat !important;background-size: cover !important;}&#8221;][vc_row css=&#8221;.vc_custom_1644326183643{padding-top: 100px !important;padding-bottom: 135px !important;}&#8221;][vc_column][vc_column_text]<\/p>\n<h3><span style=\"color: #003057;\">Il nostro impegno<\/span><\/h3>\n<p>[\/vc_column_text][vc_empty_space height=&#8221;20px&#8221;][vc_column_text]<span style=\"color: #003057;\">Lavoriamo in un <strong>ambiente aziendale<\/strong> in continua evoluzione. Quindi, noi di Royo siamo convinti che scommettere su un <strong>modello di business sostenibile<\/strong> ci porter\u00e0 ad assumere una posizione pi\u00f9 competitiva e ci consentir\u00e0 di identificare e gestire nuovi rischi e opportunit\u00e0 da una prospettiva pi\u00f9 ampia.<\/span><\/p>\n<p><span style=\"color: #003057;\">Per il brand Royo la parola sostenibilit\u00e0 acquista sempre pi\u00f9 peso. Ne \u00e8 prova il Piano Directory che \u00e8 stato implementato per raggiungere gli obiettivi di miglioramento. Siamo un marchio impegnato sulla base di tre pilastri fondamentali: <strong>Ambiente, Sociale e Governance.<\/strong> La nostra vision \u00e8 quella di lasciare un mondo migliore per le prossime generazioni.<\/span>[\/vc_column_text][\/vc_column][\/vc_row][\/vc_section][vc_section full_width=&#8221;stretch_row&#8221; css=&#8221;.vc_custom_1644392902360{padding-top: 60px !important;padding-bottom: 60px !important;background-color: #ffffff !important;}&#8221;][vc_row content_aligment=&#8221;center&#8221;][vc_column][vc_single_image image=&#8221;30231&#8243; img_size=&#8221;470&#215;242&#8243; alignment=&#8221;center&#8221;][\/vc_column][\/vc_row][\/vc_section][vc_section][vc_row][vc_column width=&#8221;1\/2&#8243;][vc_empty_space height=&#8221;40px&#8221;][vc_column_text]<\/p>\n<h4><span style=\"color: #003057;\">L&#8217;ambiente, la nostra eredit\u00e0<\/span><br \/>\n<span style=\"color: #003057;\">per le generazioni future<\/span><\/h4>\n<p>[\/vc_column_text][vc_empty_space height=&#8221;20px&#8221;][vc_single_image image=&#8221;27053&#8243; img_size=&#8221;full&#8221;][\/vc_column][vc_column width=&#8221;1\/2&#8243;][vc_empty_space height=&#8221;120px&#8221;][vc_column_text]<span style=\"color: #003057;\">L\u2019aspetto ambientale comprende la gestione efficiente delle risorse naturali durante l\u2019attivit\u00e0 produttiva, consentendo la loro conservazione per le esigenze future.<\/span><\/p>\n<p><span style=\"color: #003057;\">In questo ambito, si evidenziano gli sforzi volti a digitalizzare i processi produttivi, permettendo di incrementare sia l&#8217;efficienza dei consumi delle materie prime sia l&#8217;ottimizzazione dei tempi di lavoro e della produttivit\u00e0, contribuendo cos\u00ec alla riduzione degli sprechi generati.<\/span><\/p>\n<p><span style=\"color: #003057;\">Consapevoli del nostro impatto sull&#8217;ambiente, ci impegniamo per un miglioramento continuo e sistematico in questo settore. Entro il 2025 intendiamo non solo ridurre il nostro impatto negativo, ma, per quanto possibile, generare un effetto positivo sull&#8217;ambiente, soprattutto in termini di emissioni di GHG.<\/span>[\/vc_column_text][vc_empty_space height=&#8221;30px&#8221;][vc_gallery type=&#8221;image_grid&#8221; images=&#8221;26566,26558,26562,26570&#8243; img_size=&#8221;120&#215;120&#8243; el_class=&#8221;galeria_ods&#8221;][\/vc_column][\/vc_row][vc_row][vc_column width=&#8221;1\/2&#8243;][vc_empty_space height=&#8221;80px&#8221;][vc_column_text]<\/p>\n<h4><span style=\"color: #003057;\">Il fattore umano, il<\/span><span style=\"color: #003057;\"> talento di Royo<\/span><\/h4>\n<p>[\/vc_column_text][vc_empty_space height=&#8221;20px&#8221;][vc_column_text]<span style=\"color: #003057;\">Le persone sono uno dei nostri pi\u00f9 grandi punti di forza. Come datori di lavoro, ci distinguiamo per l&#8217;alto grado di soddisfazione del personale che siamo interessati a conoscere attraverso indagini annuali sull&#8217;ambiente di lavoro, nonch\u00e9 per l\u2019attenzione alla prevenzione degli infortuni e dei rischi professionali.<\/span><\/p>\n<p><span style=\"color: #003057;\">In questo settore, in Royo lavoriamo sui seguenti aspetti:<\/span><\/p>\n<ul>\n<li><span style=\"color: #003057;\">Attirare e conservare il talento<\/span><\/li>\n<li><span style=\"color: #003057;\">Salute e sicurezza<\/span><\/li>\n<li><span style=\"color: #003057;\">Uguaglianza e diversit\u00e0<\/span><\/li>\n<li><span style=\"color: #003057;\">Comunit\u00e0 vicine<\/span><\/li>\n<li><span style=\"color: #003057;\">Innovazione<\/span><\/li>\n<\/ul>\n<p><span style=\"color: #003057;\">Fino al 2025, ci prefiggiamo di continuare a ridurre al minimo i rischi professionali e creare un ambiente di benessere sul lavoro per le persone che fanno parte di Royo. Inoltre, vogliamo promuovere il benessere dei lavoratori attraverso la digitalizzazione e i piani di sviluppo personale e professionale.<\/span>[\/vc_column_text][vc_empty_space height=&#8221;30px&#8221;][vc_gallery type=&#8221;image_grid&#8221; images=&#8221;26608,26612,26616&#8243; img_size=&#8221;120&#215;120&#8243; el_class=&#8221;galeria_ods&#8221;][\/vc_column][vc_column width=&#8221;1\/2&#8243;][vc_empty_space height=&#8221;130px&#8221;][vc_single_image image=&#8221;27058&#8243; img_size=&#8221;full&#8221; alignment=&#8221;right&#8221;][\/vc_column][\/vc_row][vc_row][vc_column width=&#8221;1\/2&#8243;][vc_empty_space height=&#8221;80px&#8221;][vc_column_text]<\/p>\n<h4><span style=\"color: #003057;\">Governance, una questione<\/span><br \/>\n<span style=\"color: #003057;\">di miglioramento continuo<\/span><\/h4>\n<p>[\/vc_column_text][vc_empty_space height=&#8221;20px&#8221;][vc_single_image image=&#8221;27063&#8243; img_size=&#8221;full&#8221;][\/vc_column][vc_column width=&#8221;1\/2&#8243;][vc_empty_space height=&#8221;160px&#8221;][vc_column_text]<span style=\"color: #003057;\">In Royo riteniamo essenziale un modello di governance trasparente ed efficace. I nostri organi direttivi si impegnano a monitorare il rispetto della legge, nonch\u00e9 a dare seguito ai reclami e alle segnalazioni che riceviamo. Ci impegniamo a raggiungere i nostri obiettivi di performance e crescita sostenibili e a lavorare per garantire che i nostri collaboratori e azionisti abbiano piena fiducia in noi come azienda.<\/span><\/p>\n<p><span style=\"color: #003057;\">In termini di governance, vogliamo continuare il lavoro di regolamentazione della nostra attivit\u00e0 ottenendo certificazioni e formalizzando i nostri valori aziendali e i comportamenti che riteniamo appropriati attraverso lo sviluppo di codici e politiche specifiche.<\/span>[\/vc_column_text][vc_empty_space height=&#8221;30px&#8221;][vc_gallery type=&#8221;image_grid&#8221; images=&#8221;26629,26633&#8243; img_size=&#8221;120&#215;120&#8243; el_class=&#8221;galeria_ods&#8221;][\/vc_column][\/vc_row][vc_row][vc_column][vc_empty_space height=&#8221;80px&#8221;][vc_column_text]<\/p>\n<h4 style=\"text-align: center;\"><span style=\"color: #003057;\">Imput attuativi<\/span><\/h4>\n<p>[\/vc_column_text][vc_column_text]<\/p>\n<ol>\n<li><span style=\"color: #003a5d;\"><strong>In ambito sociale, in Royo lavoriamo al miglioramento continuo per mantenere un buon ambiente di lavoro,<\/strong> raggiungendo un tasso di soddisfazione generale del 87,7% per l&#8217;appartenenza a Royo.<\/span><\/li>\n<li><span style=\"color: #003a5d;\"><strong>Tutta la nostra elettricit\u00e0 proviene da fonti rinnovabili.<\/strong><\/span><\/li>\n<li><span style=\"color: #003a5d;\"><strong>Progettiamo i nostri prodotti secondo rigorosi criteri di ecodesign. <\/strong>Con questo aiutiamo a minimizzare il suo impatto sull\u2019ambiente, durante i processi di produzione e trasporto, cos\u00ec come durante la sua vita utile e il successivo riciclaggio.\u00a0<\/span><\/li>\n<li><span style=\"color: #003a5d;\"><strong>Abbiamo migliorato la nostra efficienza energetica del 10%.<\/strong><\/span><\/li>\n<li><span style=\"color: #003a5d;\"><strong>Pi\u00f9 del 50% delle nostre tavole derivano da una gestione circolare dei residui e dei rifiuti.<\/strong><\/span><\/li>\n<li><span style=\"color: #003a5d;\"><strong>Abbiamo integrato la gestione della sostenibilit\u00e0 secondo la metodologia Kaizen (miglioramento continuo). <\/strong>In Royo la sostenibilit\u00e0 ha un approccio organizzativo trasversale, che richiede il coinvolgimento di tutte le funzioni.<\/span><\/li>\n<\/ol>\n<p>[\/vc_column_text][vc_empty_space height=&#8221;80px&#8221;][\/vc_column][\/vc_row][vc_row content_aligment=&#8221;center&#8221;][vc_column]<a itemprop=\"url\" href=\"\/wp-content\/uploads\/2022\/10\/Pol\u00edtica-de-Cadena-de-Custodia_v2_IT.pdf\" target=\"_blank\" style=\"color: #003057;border-color: #003057\" class=\"edgtf-btn edgtf-btn-small edgtf-btn-outline edgtf-btn-custom-hover-bg edgtf-btn-custom-border-hover\" data-hover-bg-color=\"#003057\" data-hover-border-color=\"rgba(255,255,255,0)\" >\r\n\t<span class=\"edgtf-btn-text\">Politica per la Catena di Custodia<\/span>\r\n    <\/a>[vc_empty_space height=&#8221;10px&#8221;][\/vc_column][\/vc_row][\/vc_section]<\/p>\n<\/div>","protected":false},"excerpt":{"rendered":"<p>[vc_section full_width=&#8221;stretch_row&#8221; css=&#8221;.vc_custom_1644326173795{background-image: url(https:\/\/www.royogroup.com\/wp-content\/uploads\/2022\/02\/Sostenibilidad.jpg?id=28387) !important;background-position: center !important;background-repeat: no-repeat !important;background-size: cover !important;}&#8221;][vc_row css=&#8221;.vc_custom_1644326183643{padding-top: 100px !important;padding-bottom: 135px !important;}&#8221;][vc_column][vc_column_text] Il nostro impegno [\/vc_column_text][vc_empty_space height=&#8221;20px&#8221;][vc_column_text]Lavoriamo in un ambiente aziendale in continua evoluzione. Quindi, noi&#8230;<\/p>\n","protected":false},"author":6,"featured_media":0,"parent":0,"menu_order":0,"comment_status":"closed","ping_status":"closed","template":"","meta":{"inline_featured_image":false,"_exactmetrics_skip_tracking":false,"_exactmetrics_sitenote_active":false,"_exactmetrics_sitenote_note":"","_exactmetrics_sitenote_category":0,"footnotes":""},"yoast_head":"<!-- This site is optimized with the Yoast SEO plugin v22.8 - https:\/\/yoast.com\/wordpress\/plugins\/seo\/ -->\n<title>Sostenibilit\u00e0 &#8902; Royo<\/title>\n<meta name=\"description\" content=\"Para la marca Royo, la palabra sostenibilidad adquiere cada vez m\u00e1s peso. Muestra de ello es el Plan Directorio que se ha implementado para conseguir los objetivos de mejora. Somos una marca comprometida en base a tres pilares fundamentales: Medioambiente, Social y Gobernanza. Nuestra visi\u00f3n es dejar un mundo mejor para las pr\u00f3ximas generaciones.\" \/>\n<meta name=\"robots\" content=\"index, follow, max-snippet:-1, max-image-preview:large, max-video-preview:-1\" \/>\n<link rel=\"canonical\" href=\"https:\/\/www.royogroup.com\/it\/sostenibilita-2\/\" \/>\n<meta property=\"og:locale\" content=\"it_IT\" \/>\n<meta property=\"og:type\" content=\"article\" \/>\n<meta property=\"og:title\" content=\"Sostenibilit\u00e0 &#8902; Royo\" \/>\n<meta property=\"og:description\" content=\"Para la marca Royo, la palabra sostenibilidad adquiere cada vez m\u00e1s peso. Muestra de ello es el Plan Directorio que se ha implementado para conseguir los objetivos de mejora. Somos una marca comprometida en base a tres pilares fundamentales: Medioambiente, Social y Gobernanza. Nuestra visi\u00f3n es dejar un mundo mejor para las pr\u00f3ximas generaciones.\" \/>\n<meta property=\"og:url\" content=\"https:\/\/www.royogroup.com\/it\/sostenibilita-2\/\" \/>\n<meta property=\"og:site_name\" content=\"Royo\" \/>\n<meta property=\"article:publisher\" content=\"https:\/\/www.facebook.com\/royogroup\/\" \/>\n<meta property=\"article:modified_time\" content=\"2023-05-08T06:38:46+00:00\" \/>\n<meta name=\"twitter:card\" content=\"summary_large_image\" \/>\n<meta name=\"twitter:label1\" content=\"Tempo di lettura stimato\" \/>\n\t<meta name=\"twitter:data1\" content=\"5 minuti\" \/>\n<script type=\"application\/ld+json\" class=\"yoast-schema-graph\">{\"@context\":\"https:\/\/schema.org\",\"@graph\":[{\"@type\":\"WebPage\",\"@id\":\"https:\/\/www.royogroup.com\/it\/sostenibilita-2\/\",\"url\":\"https:\/\/www.royogroup.com\/it\/sostenibilita-2\/\",\"name\":\"Sostenibilit\u00e0 &#8902; Royo\",\"isPartOf\":{\"@id\":\"https:\/\/www.royogroup.com\/#website\"},\"datePublished\":\"2022-01-25T09:52:55+00:00\",\"dateModified\":\"2023-05-08T06:38:46+00:00\",\"description\":\"Para la marca Royo, la palabra sostenibilidad adquiere cada vez m\u00e1s peso. Muestra de ello es el Plan Directorio que se ha implementado para conseguir los objetivos de mejora. Somos una marca comprometida en base a tres pilares fundamentales: Medioambiente, Social y Gobernanza. Nuestra visi\u00f3n es dejar un mundo mejor para las pr\u00f3ximas generaciones.\",\"breadcrumb\":{\"@id\":\"https:\/\/www.royogroup.com\/it\/sostenibilita-2\/#breadcrumb\"},\"inLanguage\":\"it-IT\",\"potentialAction\":[{\"@type\":\"ReadAction\",\"target\":[\"https:\/\/www.royogroup.com\/it\/sostenibilita-2\/\"]}]},{\"@type\":\"BreadcrumbList\",\"@id\":\"https:\/\/www.royogroup.com\/it\/sostenibilita-2\/#breadcrumb\",\"itemListElement\":[{\"@type\":\"ListItem\",\"position\":1,\"name\":\"ROYO\",\"item\":\"https:\/\/www.royogroup.com\/it\/\"},{\"@type\":\"ListItem\",\"position\":2,\"name\":\"Sostenibilit\u00e0\"}]},{\"@type\":\"WebSite\",\"@id\":\"https:\/\/www.royogroup.com\/#website\",\"url\":\"https:\/\/www.royogroup.com\/\",\"name\":\"Royo\",\"description\":\"Muebles de Ba\u00f1o\",\"publisher\":{\"@id\":\"https:\/\/www.royogroup.com\/#organization\"},\"potentialAction\":[{\"@type\":\"SearchAction\",\"target\":{\"@type\":\"EntryPoint\",\"urlTemplate\":\"https:\/\/www.royogroup.com\/?s={search_term_string}\"},\"query-input\":\"required name=search_term_string\"}],\"inLanguage\":\"it-IT\"},{\"@type\":\"Organization\",\"@id\":\"https:\/\/www.royogroup.com\/#organization\",\"name\":\"Royo\",\"url\":\"https:\/\/www.royogroup.com\/\",\"logo\":{\"@type\":\"ImageObject\",\"inLanguage\":\"it-IT\",\"@id\":\"https:\/\/www.royogroup.com\/#\/schema\/logo\/image\/\",\"url\":\"https:\/\/www.royogroup.com\/wp-content\/uploads\/2018\/02\/Logo-Royo.png\",\"contentUrl\":\"https:\/\/www.royogroup.com\/wp-content\/uploads\/2018\/02\/Logo-Royo.png\",\"width\":264,\"height\":128,\"caption\":\"Royo\"},\"image\":{\"@id\":\"https:\/\/www.royogroup.com\/#\/schema\/logo\/image\/\"},\"sameAs\":[\"https:\/\/www.facebook.com\/royogroup\/\",\"https:\/\/www.instagram.com\/royogroup\/\",\"https:\/\/www.linkedin.com\/company\/980832\/\",\"https:\/\/www.pinterest.es\/royogroup\/\",\"https:\/\/www.youtube.com\/user\/RoyoGroup\"]}]}<\/script>\n<!-- \/ Yoast SEO plugin. -->","yoast_head_json":{"title":"Sostenibilit\u00e0 &#8902; Royo","description":"Para la marca Royo, la palabra sostenibilidad adquiere cada vez m\u00e1s peso. Muestra de ello es el Plan Directorio que se ha implementado para conseguir los objetivos de mejora. Somos una marca comprometida en base a tres pilares fundamentales: Medioambiente, Social y Gobernanza. Nuestra visi\u00f3n es dejar un mundo mejor para las pr\u00f3ximas generaciones.","robots":{"index":"index","follow":"follow","max-snippet":"max-snippet:-1","max-image-preview":"max-image-preview:large","max-video-preview":"max-video-preview:-1"},"canonical":"https:\/\/www.royogroup.com\/it\/sostenibilita-2\/","og_locale":"it_IT","og_type":"article","og_title":"Sostenibilit\u00e0 &#8902; Royo","og_description":"Para la marca Royo, la palabra sostenibilidad adquiere cada vez m\u00e1s peso. Muestra de ello es el Plan Directorio que se ha implementado para conseguir los objetivos de mejora. Somos una marca comprometida en base a tres pilares fundamentales: Medioambiente, Social y Gobernanza. Nuestra visi\u00f3n es dejar un mundo mejor para las pr\u00f3ximas generaciones.","og_url":"https:\/\/www.royogroup.com\/it\/sostenibilita-2\/","og_site_name":"Royo","article_publisher":"https:\/\/www.facebook.com\/royogroup\/","article_modified_time":"2023-05-08T06:38:46+00:00","twitter_card":"summary_large_image","twitter_misc":{"Tempo di lettura stimato":"5 minuti"},"schema":{"@context":"https:\/\/schema.org","@graph":[{"@type":"WebPage","@id":"https:\/\/www.royogroup.com\/it\/sostenibilita-2\/","url":"https:\/\/www.royogroup.com\/it\/sostenibilita-2\/","name":"Sostenibilit\u00e0 &#8902; Royo","isPartOf":{"@id":"https:\/\/www.royogroup.com\/#website"},"datePublished":"2022-01-25T09:52:55+00:00","dateModified":"2023-05-08T06:38:46+00:00","description":"Para la marca Royo, la palabra sostenibilidad adquiere cada vez m\u00e1s peso. Muestra de ello es el Plan Directorio que se ha implementado para conseguir los objetivos de mejora. Somos una marca comprometida en base a tres pilares fundamentales: Medioambiente, Social y Gobernanza. Nuestra visi\u00f3n es dejar un mundo mejor para las pr\u00f3ximas generaciones.","breadcrumb":{"@id":"https:\/\/www.royogroup.com\/it\/sostenibilita-2\/#breadcrumb"},"inLanguage":"it-IT","potentialAction":[{"@type":"ReadAction","target":["https:\/\/www.royogroup.com\/it\/sostenibilita-2\/"]}]},{"@type":"BreadcrumbList","@id":"https:\/\/www.royogroup.com\/it\/sostenibilita-2\/#breadcrumb","itemListElement":[{"@type":"ListItem","position":1,"name":"ROYO","item":"https:\/\/www.royogroup.com\/it\/"},{"@type":"ListItem","position":2,"name":"Sostenibilit\u00e0"}]},{"@type":"WebSite","@id":"https:\/\/www.royogroup.com\/#website","url":"https:\/\/www.royogroup.com\/","name":"Royo","description":"Muebles de Ba\u00f1o","publisher":{"@id":"https:\/\/www.royogroup.com\/#organization"},"potentialAction":[{"@type":"SearchAction","target":{"@type":"EntryPoint","urlTemplate":"https:\/\/www.royogroup.com\/?s={search_term_string}"},"query-input":"required name=search_term_string"}],"inLanguage":"it-IT"},{"@type":"Organization","@id":"https:\/\/www.royogroup.com\/#organization","name":"Royo","url":"https:\/\/www.royogroup.com\/","logo":{"@type":"ImageObject","inLanguage":"it-IT","@id":"https:\/\/www.royogroup.com\/#\/schema\/logo\/image\/","url":"https:\/\/www.royogroup.com\/wp-content\/uploads\/2018\/02\/Logo-Royo.png","contentUrl":"https:\/\/www.royogroup.com\/wp-content\/uploads\/2018\/02\/Logo-Royo.png","width":264,"height":128,"caption":"Royo"},"image":{"@id":"https:\/\/www.royogroup.com\/#\/schema\/logo\/image\/"},"sameAs":["https:\/\/www.facebook.com\/royogroup\/","https:\/\/www.instagram.com\/royogroup\/","https:\/\/www.linkedin.com\/company\/980832\/","https:\/\/www.pinterest.es\/royogroup\/","https:\/\/www.youtube.com\/user\/RoyoGroup"]}]}},"_links":{"self":[{"href":"https:\/\/www.royogroup.com\/it\/wp-json\/wp\/v2\/pages\/28703"}],"collection":[{"href":"https:\/\/www.royogroup.com\/it\/wp-json\/wp\/v2\/pages"}],"about":[{"href":"https:\/\/www.royogroup.com\/it\/wp-json\/wp\/v2\/types\/page"}],"author":[{"embeddable":true,"href":"https:\/\/www.royogroup.com\/it\/wp-json\/wp\/v2\/users\/6"}],"replies":[{"embeddable":true,"href":"https:\/\/www.royogroup.com\/it\/wp-json\/wp\/v2\/comments?post=28703"}],"version-history":[{"count":8,"href":"https:\/\/www.royogroup.com\/it\/wp-json\/wp\/v2\/pages\/28703\/revisions"}],"predecessor-version":[{"id":34511,"href":"https:\/\/www.royogroup.com\/it\/wp-json\/wp\/v2\/pages\/28703\/revisions\/34511"}],"wp:attachment":[{"href":"https:\/\/www.royogroup.com\/it\/wp-json\/wp\/v2\/media?parent=28703"}],"curies":[{"name":"wp","href":"https:\/\/api.w.org\/{rel}","templated":true}]}}