{"id":28710,"date":"2022-01-25T16:35:57","date_gmt":"2022-01-25T15:35:57","guid":{"rendered":"https:\/\/royogroup.xrunit.com\/contract\/"},"modified":"2022-03-09T08:57:10","modified_gmt":"2022-03-09T07:57:10","slug":"contract","status":"publish","type":"page","link":"https:\/\/www.royogroup.com\/it\/contract\/","title":{"rendered":"Contract"},"content":{"rendered":"<div class=\"wpb-content-wrapper\"><p>[vc_section full_width=&#8221;stretch_row&#8221; css=&#8221;.vc_custom_1644326128643{background-image: url(https:\/\/www.royogroup.com\/wp-content\/uploads\/2022\/02\/Contract.jpg?id=28397) !important;background-position: center !important;background-repeat: no-repeat !important;background-size: cover !important;}&#8221;][vc_row css=&#8221;.vc_custom_1644301907095{padding-top: 100px !important;padding-bottom: 135px !important;}&#8221;][vc_column][vc_column_text]<\/p>\n<h3><span style=\"color: #003057;\">Professionalizza i tuoi progetti<\/span><\/h3>\n<p>[\/vc_column_text][vc_empty_space height=&#8221;20px&#8221;][vc_column_text]<span style=\"color: #003057;\">Ti aiutiamo a realizzare i tuoi progetti Contract, proponendoti un&#8217;ampia gamma di prodotti per l\u2019arredo bagno, sia compatti che modulari che puoi abbinare ai diversi accessori per superare ogni sfida.<\/span><\/p>\n<p><span style=\"color: #003057;\">Contattaci: <a style=\"color: #003057;\" href=\"mailto:marketing@royogroup.com\">marketing@royogroup.com<\/a><\/span>[\/vc_column_text][\/vc_column][\/vc_row][\/vc_section][vc_section][vc_row][vc_column width=&#8221;1\/2&#8243;][vc_empty_space height=&#8221;60px&#8221;][vc_column_text]<\/p>\n<h3><span style=\"color: #003057;\"><strong>Ampia gamma di prodotti<\/strong><\/span><\/h3>\n<p>[\/vc_column_text][vc_empty_space height=&#8221;20px&#8221;][vc_column_text el_class=&#8221;text-quienes-somos&#8221;]<span style=\"color: #003057;\">In Royo progettiamo tutti i nostri prodotti e accessori con materiali selezionati con cura. Scegli quelli pi\u00f9 adatti al tuo progetto.<\/span><\/p>\n<ul>\n<li><a href=\"https:\/\/www.royogroup.com\/colecciones\/compacto\/\"><span style=\"color: #003057;\">Compatto<\/span><\/a><\/li>\n<li><a href=\"https:\/\/www.royogroup.com\/colecciones\/royo-modular\/\"><span style=\"color: #003057;\">Modulare<\/span><\/a><\/li>\n<li><a href=\"https:\/\/www.royogroup.com\/colecciones\/accesorios\/\"><span style=\"color: #003057;\">Accessori<\/span><\/a><\/li>\n<\/ul>\n<p>[\/vc_column_text][\/vc_column][vc_column width=&#8221;1\/2&#8243;][vc_empty_space height=&#8221;60px&#8221;][vc_single_image image=&#8221;27038&#8243; img_size=&#8221;full&#8221; el_class=&#8221;img-quienes-somos&#8221;][\/vc_column][\/vc_row][vc_row][vc_column width=&#8221;1\/2&#8243;][vc_empty_space height=&#8221;100px&#8221;][vc_single_image image=&#8221;27043&#8243; img_size=&#8221;full&#8221; el_class=&#8221;img-quienes-somos&#8221;][\/vc_column][vc_column width=&#8221;1\/2&#8243;][vc_empty_space height=&#8221;100px&#8221;][vc_column_text]<\/p>\n<h3><span style=\"color: #003057;\"><strong>Combina le finiture<\/strong><\/span><\/h3>\n<p>[\/vc_column_text][vc_empty_space height=&#8221;20px&#8221;][vc_column_text el_class=&#8221;text-quienes-somos&#8221;]<span style=\"color: #003057;\">Scopri tutte le nostre finiture con texture lucida o opaca. Finiture in tonalit\u00e0 che simulano il legno, fino a toni accesi ed eleganti come il Blu Navy. Diverse opzioni adattabili a diversi stili di vita.<\/span>[\/vc_column_text][\/vc_column][\/vc_row][vc_row][vc_column width=&#8221;1\/2&#8243;][vc_empty_space height=&#8221;100px&#8221;][vc_column_text]<\/p>\n<h3><span style=\"color: #003057;\"><strong>Consulenza per i tuoi progetti su misura<\/strong><\/span><\/h3>\n<p>[\/vc_column_text][vc_empty_space height=&#8221;20px&#8221;][vc_column_text el_class=&#8221;text-quienes-somos&#8221;]<span style=\"color: #003057;\">In Royo disponiamo di un team di professionisti che ti aiuter\u00e0 e ti consiglier\u00e0 per tutto ci\u00f2 di cui hai bisogno per realizzare \u00a0il tuo progetto di ristrutturazione o nuova costruzione.<\/span>[\/vc_column_text][\/vc_column][vc_column width=&#8221;1\/2&#8243;][vc_empty_space height=&#8221;100px&#8221;][vc_single_image image=&#8221;27048&#8243; img_size=&#8221;full&#8221; el_class=&#8221;img-quienes-somos&#8221;][\/vc_column][\/vc_row][vc_row][vc_column][vc_empty_space height=&#8221;120px&#8221;][\/vc_column][\/vc_row][\/vc_section]<\/p>\n<\/div>","protected":false},"excerpt":{"rendered":"<p>[vc_section full_width=&#8221;stretch_row&#8221; css=&#8221;.vc_custom_1644326128643{background-image: url(https:\/\/www.royogroup.com\/wp-content\/uploads\/2022\/02\/Contract.jpg?id=28397) !important;background-position: center !important;background-repeat: no-repeat !important;background-size: cover !important;}&#8221;][vc_row css=&#8221;.vc_custom_1644301907095{padding-top: 100px !important;padding-bottom: 135px !important;}&#8221;][vc_column][vc_column_text] Professionalizza i tuoi progetti [\/vc_column_text][vc_empty_space height=&#8221;20px&#8221;][vc_column_text]Ti aiutiamo a realizzare i tuoi progetti Contract, proponendoti&#8230;<\/p>\n","protected":false},"author":6,"featured_media":0,"parent":0,"menu_order":0,"comment_status":"closed","ping_status":"closed","template":"","meta":{"inline_featured_image":false,"_exactmetrics_skip_tracking":false,"_exactmetrics_sitenote_active":false,"_exactmetrics_sitenote_note":"","_exactmetrics_sitenote_category":0,"footnotes":""},"yoast_head":"<!-- This site is optimized with the Yoast SEO plugin v22.8 - https:\/\/yoast.com\/wordpress\/plugins\/seo\/ -->\n<title>Contract &#8902; Royo<\/title>\n<meta name=\"robots\" content=\"index, follow, max-snippet:-1, max-image-preview:large, max-video-preview:-1\" \/>\n<link rel=\"canonical\" href=\"https:\/\/www.royogroup.com\/it\/contract\/\" \/>\n<meta property=\"og:locale\" content=\"it_IT\" \/>\n<meta property=\"og:type\" content=\"article\" \/>\n<meta property=\"og:title\" content=\"Contract &#8902; Royo\" \/>\n<meta property=\"og:description\" content=\"[vc_section full_width=&#8221;stretch_row&#8221; css=&#8221;.vc_custom_1644326128643{background-image: url(https:\/\/www.royogroup.com\/wp-content\/uploads\/2022\/02\/Contract.jpg?id=28397) !important;background-position: center !important;background-repeat: no-repeat !important;background-size: cover !important;}&#8221;][vc_row css=&#8221;.vc_custom_1644301907095{padding-top: 100px !important;padding-bottom: 135px !important;}&#8221;][vc_column][vc_column_text] Professionalizza i tuoi progetti [\/vc_column_text][vc_empty_space height=&#8221;20px&#8221;][vc_column_text]Ti aiutiamo a realizzare i tuoi progetti Contract, proponendoti...\" \/>\n<meta property=\"og:url\" content=\"https:\/\/www.royogroup.com\/it\/contract\/\" \/>\n<meta property=\"og:site_name\" content=\"Royo\" \/>\n<meta property=\"article:publisher\" content=\"https:\/\/www.facebook.com\/royogroup\/\" \/>\n<meta property=\"article:modified_time\" content=\"2022-03-09T07:57:10+00:00\" \/>\n<meta name=\"twitter:card\" content=\"summary_large_image\" \/>\n<meta name=\"twitter:label1\" content=\"Tempo di lettura stimato\" \/>\n\t<meta name=\"twitter:data1\" content=\"2 minuti\" \/>\n<script type=\"application\/ld+json\" class=\"yoast-schema-graph\">{\"@context\":\"https:\/\/schema.org\",\"@graph\":[{\"@type\":\"WebPage\",\"@id\":\"https:\/\/www.royogroup.com\/it\/contract\/\",\"url\":\"https:\/\/www.royogroup.com\/it\/contract\/\",\"name\":\"Contract &#8902; Royo\",\"isPartOf\":{\"@id\":\"https:\/\/www.royogroup.com\/#website\"},\"datePublished\":\"2022-01-25T15:35:57+00:00\",\"dateModified\":\"2022-03-09T07:57:10+00:00\",\"breadcrumb\":{\"@id\":\"https:\/\/www.royogroup.com\/it\/contract\/#breadcrumb\"},\"inLanguage\":\"it-IT\",\"potentialAction\":[{\"@type\":\"ReadAction\",\"target\":[\"https:\/\/www.royogroup.com\/it\/contract\/\"]}]},{\"@type\":\"BreadcrumbList\",\"@id\":\"https:\/\/www.royogroup.com\/it\/contract\/#breadcrumb\",\"itemListElement\":[{\"@type\":\"ListItem\",\"position\":1,\"name\":\"ROYO\",\"item\":\"https:\/\/www.royogroup.com\/it\/\"},{\"@type\":\"ListItem\",\"position\":2,\"name\":\"Contract\"}]},{\"@type\":\"WebSite\",\"@id\":\"https:\/\/www.royogroup.com\/#website\",\"url\":\"https:\/\/www.royogroup.com\/\",\"name\":\"Royo\",\"description\":\"Muebles de Ba\u00f1o\",\"publisher\":{\"@id\":\"https:\/\/www.royogroup.com\/#organization\"},\"potentialAction\":[{\"@type\":\"SearchAction\",\"target\":{\"@type\":\"EntryPoint\",\"urlTemplate\":\"https:\/\/www.royogroup.com\/?s={search_term_string}\"},\"query-input\":\"required name=search_term_string\"}],\"inLanguage\":\"it-IT\"},{\"@type\":\"Organization\",\"@id\":\"https:\/\/www.royogroup.com\/#organization\",\"name\":\"Royo\",\"url\":\"https:\/\/www.royogroup.com\/\",\"logo\":{\"@type\":\"ImageObject\",\"inLanguage\":\"it-IT\",\"@id\":\"https:\/\/www.royogroup.com\/#\/schema\/logo\/image\/\",\"url\":\"https:\/\/www.royogroup.com\/wp-content\/uploads\/2018\/02\/Logo-Royo.png\",\"contentUrl\":\"https:\/\/www.royogroup.com\/wp-content\/uploads\/2018\/02\/Logo-Royo.png\",\"width\":264,\"height\":128,\"caption\":\"Royo\"},\"image\":{\"@id\":\"https:\/\/www.royogroup.com\/#\/schema\/logo\/image\/\"},\"sameAs\":[\"https:\/\/www.facebook.com\/royogroup\/\",\"https:\/\/www.instagram.com\/royogroup\/\",\"https:\/\/www.linkedin.com\/company\/980832\/\",\"https:\/\/www.pinterest.es\/royogroup\/\",\"https:\/\/www.youtube.com\/user\/RoyoGroup\"]}]}<\/script>\n<!-- \/ Yoast SEO plugin. -->","yoast_head_json":{"title":"Contract &#8902; Royo","robots":{"index":"index","follow":"follow","max-snippet":"max-snippet:-1","max-image-preview":"max-image-preview:large","max-video-preview":"max-video-preview:-1"},"canonical":"https:\/\/www.royogroup.com\/it\/contract\/","og_locale":"it_IT","og_type":"article","og_title":"Contract &#8902; Royo","og_description":"[vc_section full_width=&#8221;stretch_row&#8221; css=&#8221;.vc_custom_1644326128643{background-image: url(https:\/\/www.royogroup.com\/wp-content\/uploads\/2022\/02\/Contract.jpg?id=28397) !important;background-position: center !important;background-repeat: no-repeat !important;background-size: cover !important;}&#8221;][vc_row css=&#8221;.vc_custom_1644301907095{padding-top: 100px !important;padding-bottom: 135px !important;}&#8221;][vc_column][vc_column_text] Professionalizza i tuoi progetti [\/vc_column_text][vc_empty_space height=&#8221;20px&#8221;][vc_column_text]Ti aiutiamo a realizzare i tuoi progetti Contract, proponendoti...","og_url":"https:\/\/www.royogroup.com\/it\/contract\/","og_site_name":"Royo","article_publisher":"https:\/\/www.facebook.com\/royogroup\/","article_modified_time":"2022-03-09T07:57:10+00:00","twitter_card":"summary_large_image","twitter_misc":{"Tempo di lettura stimato":"2 minuti"},"schema":{"@context":"https:\/\/schema.org","@graph":[{"@type":"WebPage","@id":"https:\/\/www.royogroup.com\/it\/contract\/","url":"https:\/\/www.royogroup.com\/it\/contract\/","name":"Contract &#8902; Royo","isPartOf":{"@id":"https:\/\/www.royogroup.com\/#website"},"datePublished":"2022-01-25T15:35:57+00:00","dateModified":"2022-03-09T07:57:10+00:00","breadcrumb":{"@id":"https:\/\/www.royogroup.com\/it\/contract\/#breadcrumb"},"inLanguage":"it-IT","potentialAction":[{"@type":"ReadAction","target":["https:\/\/www.royogroup.com\/it\/contract\/"]}]},{"@type":"BreadcrumbList","@id":"https:\/\/www.royogroup.com\/it\/contract\/#breadcrumb","itemListElement":[{"@type":"ListItem","position":1,"name":"ROYO","item":"https:\/\/www.royogroup.com\/it\/"},{"@type":"ListItem","position":2,"name":"Contract"}]},{"@type":"WebSite","@id":"https:\/\/www.royogroup.com\/#website","url":"https:\/\/www.royogroup.com\/","name":"Royo","description":"Muebles de Ba\u00f1o","publisher":{"@id":"https:\/\/www.royogroup.com\/#organization"},"potentialAction":[{"@type":"SearchAction","target":{"@type":"EntryPoint","urlTemplate":"https:\/\/www.royogroup.com\/?s={search_term_string}"},"query-input":"required name=search_term_string"}],"inLanguage":"it-IT"},{"@type":"Organization","@id":"https:\/\/www.royogroup.com\/#organization","name":"Royo","url":"https:\/\/www.royogroup.com\/","logo":{"@type":"ImageObject","inLanguage":"it-IT","@id":"https:\/\/www.royogroup.com\/#\/schema\/logo\/image\/","url":"https:\/\/www.royogroup.com\/wp-content\/uploads\/2018\/02\/Logo-Royo.png","contentUrl":"https:\/\/www.royogroup.com\/wp-content\/uploads\/2018\/02\/Logo-Royo.png","width":264,"height":128,"caption":"Royo"},"image":{"@id":"https:\/\/www.royogroup.com\/#\/schema\/logo\/image\/"},"sameAs":["https:\/\/www.facebook.com\/royogroup\/","https:\/\/www.instagram.com\/royogroup\/","https:\/\/www.linkedin.com\/company\/980832\/","https:\/\/www.pinterest.es\/royogroup\/","https:\/\/www.youtube.com\/user\/RoyoGroup"]}]}},"_links":{"self":[{"href":"https:\/\/www.royogroup.com\/it\/wp-json\/wp\/v2\/pages\/28710"}],"collection":[{"href":"https:\/\/www.royogroup.com\/it\/wp-json\/wp\/v2\/pages"}],"about":[{"href":"https:\/\/www.royogroup.com\/it\/wp-json\/wp\/v2\/types\/page"}],"author":[{"embeddable":true,"href":"https:\/\/www.royogroup.com\/it\/wp-json\/wp\/v2\/users\/6"}],"replies":[{"embeddable":true,"href":"https:\/\/www.royogroup.com\/it\/wp-json\/wp\/v2\/comments?post=28710"}],"version-history":[{"count":3,"href":"https:\/\/www.royogroup.com\/it\/wp-json\/wp\/v2\/pages\/28710\/revisions"}],"predecessor-version":[{"id":30110,"href":"https:\/\/www.royogroup.com\/it\/wp-json\/wp\/v2\/pages\/28710\/revisions\/30110"}],"wp:attachment":[{"href":"https:\/\/www.royogroup.com\/it\/wp-json\/wp\/v2\/media?parent=28710"}],"curies":[{"name":"wp","href":"https:\/\/api.w.org\/{rel}","templated":true}]}}